{"id":6987,"date":"2024-02-06T13:08:18","date_gmt":"2024-02-06T12:08:18","guid":{"rendered":"https:\/\/gadoland.pl\/?post_type=product&#038;p=6987"},"modified":"2026-03-20T10:20:46","modified_gmt":"2026-03-20T09:20:46","slug":"koszulka-czarna-meska-gadoland-z-krokodylem","status":"publish","type":"product","link":"https:\/\/gadoland.pl\/pl_pl\/produkt\/koszulka-czarna-meska-gadoland-z-krokodylem\/","title":{"rendered":"KOSZULKA CZARNA-M\u0118SKA GADOLAND Z KROKODYLEM"},"content":{"rendered":"<p><span style=\"font-weight: 400;\">Klasyczny m\u0119ski t-shirt z kr\u00f3tkim r\u0119kawem i okr\u0105g\u0142ym pr\u0105\u017ckowanym dekoltem, w g\u0142\u0119bokim odcieniu uniwersalnej czerni. Klasyczny fason, na karku dodatkowo posiada ta\u015bm\u0119 wzmacniaj\u0105c\u0105, kt\u00f3ra zapewnia komfort noszenia oraz podw\u00f3jne szwy u do\u0142u, dzi\u0119ki czemu pos\u0142u\u017cy znacznie d\u0142u\u017cej, nie trac\u0105c swojej pierwotnej formy.\u00a0<\/span><\/p>\n<p>&nbsp;<\/p>\n<p><span style=\"font-weight: 400;\">Czarny m\u0119ski t-shirt z krokodylem to propozycja idealna dla\u2026 ka\u017cdego! Wiadomo, przede wszystkim dla mi\u0142o\u015bnik\u00f3w zwierz\u0105t egzotycznych &#8211; to z my\u015bl\u0105 o Was powsta\u0142 ten unikatowy projekt. Wspaniale jednak odnajduje si\u0119 r\u00f3wnie\u017c w codziennych stylizacjach miejskich. Na si\u0142owni\u0119 r\u00f3wnie\u017c si\u0119 nadaje!\u00a0<\/span><\/p>\n<p>&nbsp;<\/p>\n<p><span style=\"font-weight: 400;\">Oddychaj\u0105cy wysokiej jako\u015bci materia\u0142, kt\u00f3ry nie rozci\u0105ga si\u0119, nie traci koloru, pozwala sk\u00f3rze oddycha\u0107 i dopasowuje si\u0119 do sylwetki &#8211; to propozycja stworzona na miar\u0119 r\u00f3\u017cnorodnych oczekiwa\u0144. W ko\u0144cu\u2026 <\/span><b>t-shirt z krokodylem to element obowi\u0105zkowy w garderobie<\/b><span style=\"font-weight: 400;\">, nie tylko mi\u0142o\u015bnika terrarystyki.\u00a0<\/span><\/p>\n<p><span style=\"font-weight: 400;\">Oczywi\u015bcie, \u017ce to nie wszystko! <\/span><b>Nasz czarny t-shirt z krokodylem wspiera dzia\u0142alno\u015b\u0107 Fundacji Anakonda i cz\u0119\u015b\u0107 dochodu ze sprzeda\u017cy &#8211; przeznaczamy na cele statutowe Fundacji<\/b><span style=\"font-weight: 400;\">, dzi\u0119ki czemu mo\u017cemy kontynuowa\u0107 nasz\u0105 prac\u0119, o kt\u00f3rej kulisach mo\u017cesz przeczyta\u0107 w zak\u0142adce Fundacja <a href=\"https:\/\/gadoland.pl\/pl_pl\/fundacja-anakonda\/\">[link].<\/a> <\/span><\/p>\n<p>&nbsp;<\/p>\n<p><b>Kolor:<\/b> czarny\/nadruk: bia\u0142y<\/p>\n<p><b>Sk\u0142ad i konserwacja:\u00a0<\/b><\/p>\n<p>100% bawe\u0142na &#8211; Single jersey &#8211; gramatura 200 g\/m\u00b2<\/p>\n<p>Pra\u0107 w temperaturze max. 30\u00b0C.<\/p>\n<p>Prasowa\u0107 i pra\u0107 na lewej stronie.<\/p>\n<p>Tabela wymiar\u00f3w: <a href=\"https:\/\/gadoland.pl\/wp-content\/uploads\/2024\/02\/Tabela-rozmiarow-Koszulki-Gadoland-Koszulka-meska-z-krokodylem-rasta1.png\">kliknij tutaj<\/a><\/p>\n","protected":false},"excerpt":{"rendered":"<p><span style=\"font-weight: 400;\">Klasyczny m\u0119ski t-shirt z kr\u00f3tkim r\u0119kawem i okr\u0105g\u0142ym pr\u0105\u017ckowanym dekoltem, w g\u0142\u0119bokim odcieniu uniwersalnej czerni. Klasyczny fason, na karku dodatkowo posiada ta\u015bm\u0119 wzmacniaj\u0105c\u0105, kt\u00f3ra zapewnia komfort noszenia oraz podw\u00f3jne szwy u do\u0142u, dzi\u0119ki czemu pos\u0142u\u017cy znacznie d\u0142u\u017cej, nie trac\u0105c swojej pierwotnej formy.\u00a0<\/span><\/p>\n","protected":false},"featured_media":6947,"comment_status":"open","ping_status":"closed","template":"","meta":[],"product_brand":[],"product_cat":[38],"product_tag":[],"class_list":{"0":"post-6987","1":"product","2":"type-product","3":"status-publish","4":"has-post-thumbnail","6":"product_cat-ubrania","7":"pa_rozmiar-s","8":"pa_rozmiar-m","9":"pa_rozmiar-l","10":"pa_rozmiar-xl","12":"first","13":"instock","14":"taxable","15":"shipping-taxable","16":"purchasable","17":"product-type-variable"},"yoast_head":"<!-- This site is optimized with the Yoast SEO plugin v26.6 - https:\/\/yoast.com\/wordpress\/plugins\/seo\/ -->\n<title>KOSZULKA CZARNA-M\u0118SKA GADOLAND Z KROKODYLEM - Gadoland<\/title>\n<meta name=\"robots\" content=\"index, follow, max-snippet:-1, max-image-preview:large, max-video-preview:-1\" \/>\n<link rel=\"canonical\" href=\"https:\/\/gadoland.pl\/pl_pl\/produkt\/koszulka-czarna-meska-gadoland-z-krokodylem\/\" \/>\n<meta property=\"og:locale\" content=\"pl_PL\" \/>\n<meta property=\"og:type\" content=\"article\" \/>\n<meta property=\"og:title\" content=\"KOSZULKA CZARNA-M\u0118SKA GADOLAND Z KROKODYLEM - Gadoland\" \/>\n<meta property=\"og:description\" content=\"Klasyczny m\u0119ski t-shirt z kr\u00f3tkim r\u0119kawem i okr\u0105g\u0142ym pr\u0105\u017ckowanym dekoltem, w g\u0142\u0119bokim odcieniu uniwersalnej czerni. Klasyczny fason, na karku dodatkowo posiada ta\u015bm\u0119 wzmacniaj\u0105c\u0105, kt\u00f3ra zapewnia komfort noszenia oraz podw\u00f3jne szwy u do\u0142u, dzi\u0119ki czemu pos\u0142u\u017cy znacznie d\u0142u\u017cej, nie trac\u0105c swojej pierwotnej formy.\u00a0\" \/>\n<meta property=\"og:url\" content=\"https:\/\/gadoland.pl\/pl_pl\/produkt\/koszulka-czarna-meska-gadoland-z-krokodylem\/\" \/>\n<meta property=\"og:site_name\" content=\"Gadoland\" \/>\n<meta property=\"article:modified_time\" content=\"2026-03-20T09:20:46+00:00\" \/>\n<meta property=\"og:image\" content=\"https:\/\/gadoland.pl\/wp-content\/uploads\/2024\/02\/23413-projekt-3.png\" \/>\n\t<meta property=\"og:image:width\" content=\"513\" \/>\n\t<meta property=\"og:image:height\" content=\"680\" \/>\n\t<meta property=\"og:image:type\" content=\"image\/png\" \/>\n<meta name=\"twitter:card\" content=\"summary_large_image\" \/>\n<meta name=\"twitter:label1\" content=\"Szacowany czas czytania\" \/>\n\t<meta name=\"twitter:data1\" content=\"2 minuty\" \/>\n<script type=\"application\/ld+json\" class=\"yoast-schema-graph\">{\"@context\":\"https:\/\/schema.org\",\"@graph\":[{\"@type\":\"WebPage\",\"@id\":\"https:\/\/gadoland.pl\/produkt\/koszulka-czarna-meska-gadoland-z-krokodylem\/\",\"url\":\"https:\/\/gadoland.pl\/produkt\/koszulka-czarna-meska-gadoland-z-krokodylem\/\",\"name\":\"KOSZULKA CZARNA-M\u0118SKA GADOLAND Z KROKODYLEM - Gadoland\",\"isPartOf\":{\"@id\":\"https:\/\/gadoland.pl\/pl_pl\/#website\"},\"primaryImageOfPage\":{\"@id\":\"https:\/\/gadoland.pl\/produkt\/koszulka-czarna-meska-gadoland-z-krokodylem\/#primaryimage\"},\"image\":{\"@id\":\"https:\/\/gadoland.pl\/produkt\/koszulka-czarna-meska-gadoland-z-krokodylem\/#primaryimage\"},\"thumbnailUrl\":\"https:\/\/gadoland.pl\/wp-content\/uploads\/2024\/02\/23413-projekt-3.png\",\"datePublished\":\"2024-02-06T12:08:18+00:00\",\"dateModified\":\"2026-03-20T09:20:46+00:00\",\"breadcrumb\":{\"@id\":\"https:\/\/gadoland.pl\/produkt\/koszulka-czarna-meska-gadoland-z-krokodylem\/#breadcrumb\"},\"inLanguage\":\"pl-PL\",\"potentialAction\":[{\"@type\":\"ReadAction\",\"target\":[\"https:\/\/gadoland.pl\/produkt\/koszulka-czarna-meska-gadoland-z-krokodylem\/\"]}]},{\"@type\":\"ImageObject\",\"inLanguage\":\"pl-PL\",\"@id\":\"https:\/\/gadoland.pl\/produkt\/koszulka-czarna-meska-gadoland-z-krokodylem\/#primaryimage\",\"url\":\"https:\/\/gadoland.pl\/wp-content\/uploads\/2024\/02\/23413-projekt-3.png\",\"contentUrl\":\"https:\/\/gadoland.pl\/wp-content\/uploads\/2024\/02\/23413-projekt-3.png\",\"width\":513,\"height\":680,\"caption\":\"Koszulka czarna Gadoland z krokodylem\"},{\"@type\":\"BreadcrumbList\",\"@id\":\"https:\/\/gadoland.pl\/produkt\/koszulka-czarna-meska-gadoland-z-krokodylem\/#breadcrumb\",\"itemListElement\":[{\"@type\":\"ListItem\",\"position\":1,\"name\":\"Strona g\u0142\u00f3wna\",\"item\":\"https:\/\/gadoland.pl\/\"},{\"@type\":\"ListItem\",\"position\":2,\"name\":\"Sklep\",\"item\":\"https:\/\/gadoland.pl\/pl_pl\/sklep\/\"},{\"@type\":\"ListItem\",\"position\":3,\"name\":\"KOSZULKA CZARNA-M\u0118SKA GADOLAND Z KROKODYLEM\"}]},{\"@type\":\"WebSite\",\"@id\":\"https:\/\/gadoland.pl\/pl_pl\/#website\",\"url\":\"https:\/\/gadoland.pl\/pl_pl\/\",\"name\":\"Gadoland\",\"description\":\"Gadoland\",\"publisher\":{\"@id\":\"https:\/\/gadoland.pl\/pl_pl\/#organization\"},\"potentialAction\":[{\"@type\":\"SearchAction\",\"target\":{\"@type\":\"EntryPoint\",\"urlTemplate\":\"https:\/\/gadoland.pl\/pl_pl\/?s={search_term_string}\"},\"query-input\":{\"@type\":\"PropertyValueSpecification\",\"valueRequired\":true,\"valueName\":\"search_term_string\"}}],\"inLanguage\":\"pl-PL\"},{\"@type\":\"Organization\",\"@id\":\"https:\/\/gadoland.pl\/pl_pl\/#organization\",\"name\":\"Gadoland\",\"url\":\"https:\/\/gadoland.pl\/pl_pl\/\",\"logo\":{\"@type\":\"ImageObject\",\"inLanguage\":\"pl-PL\",\"@id\":\"https:\/\/gadoland.pl\/pl_pl\/#\/schema\/logo\/image\/\",\"url\":\"\",\"contentUrl\":\"\",\"caption\":\"Gadoland\"},\"image\":{\"@id\":\"https:\/\/gadoland.pl\/pl_pl\/#\/schema\/logo\/image\/\"}}]}<\/script>\n<!-- \/ Yoast SEO plugin. -->","yoast_head_json":{"title":"KOSZULKA CZARNA-M\u0118SKA GADOLAND Z KROKODYLEM - Gadoland","robots":{"index":"index","follow":"follow","max-snippet":"max-snippet:-1","max-image-preview":"max-image-preview:large","max-video-preview":"max-video-preview:-1"},"canonical":"https:\/\/gadoland.pl\/pl_pl\/produkt\/koszulka-czarna-meska-gadoland-z-krokodylem\/","og_locale":"pl_PL","og_type":"article","og_title":"KOSZULKA CZARNA-M\u0118SKA GADOLAND Z KROKODYLEM - Gadoland","og_description":"Klasyczny m\u0119ski t-shirt z kr\u00f3tkim r\u0119kawem i okr\u0105g\u0142ym pr\u0105\u017ckowanym dekoltem, w g\u0142\u0119bokim odcieniu uniwersalnej czerni. Klasyczny fason, na karku dodatkowo posiada ta\u015bm\u0119 wzmacniaj\u0105c\u0105, kt\u00f3ra zapewnia komfort noszenia oraz podw\u00f3jne szwy u do\u0142u, dzi\u0119ki czemu pos\u0142u\u017cy znacznie d\u0142u\u017cej, nie trac\u0105c swojej pierwotnej formy.\u00a0","og_url":"https:\/\/gadoland.pl\/pl_pl\/produkt\/koszulka-czarna-meska-gadoland-z-krokodylem\/","og_site_name":"Gadoland","article_modified_time":"2026-03-20T09:20:46+00:00","og_image":[{"width":513,"height":680,"url":"https:\/\/gadoland.pl\/wp-content\/uploads\/2024\/02\/23413-projekt-3.png","type":"image\/png"}],"twitter_card":"summary_large_image","twitter_misc":{"Szacowany czas czytania":"2 minuty"},"schema":{"@context":"https:\/\/schema.org","@graph":[{"@type":"WebPage","@id":"https:\/\/gadoland.pl\/produkt\/koszulka-czarna-meska-gadoland-z-krokodylem\/","url":"https:\/\/gadoland.pl\/produkt\/koszulka-czarna-meska-gadoland-z-krokodylem\/","name":"KOSZULKA CZARNA-M\u0118SKA GADOLAND Z KROKODYLEM - Gadoland","isPartOf":{"@id":"https:\/\/gadoland.pl\/pl_pl\/#website"},"primaryImageOfPage":{"@id":"https:\/\/gadoland.pl\/produkt\/koszulka-czarna-meska-gadoland-z-krokodylem\/#primaryimage"},"image":{"@id":"https:\/\/gadoland.pl\/produkt\/koszulka-czarna-meska-gadoland-z-krokodylem\/#primaryimage"},"thumbnailUrl":"https:\/\/gadoland.pl\/wp-content\/uploads\/2024\/02\/23413-projekt-3.png","datePublished":"2024-02-06T12:08:18+00:00","dateModified":"2026-03-20T09:20:46+00:00","breadcrumb":{"@id":"https:\/\/gadoland.pl\/produkt\/koszulka-czarna-meska-gadoland-z-krokodylem\/#breadcrumb"},"inLanguage":"pl-PL","potentialAction":[{"@type":"ReadAction","target":["https:\/\/gadoland.pl\/produkt\/koszulka-czarna-meska-gadoland-z-krokodylem\/"]}]},{"@type":"ImageObject","inLanguage":"pl-PL","@id":"https:\/\/gadoland.pl\/produkt\/koszulka-czarna-meska-gadoland-z-krokodylem\/#primaryimage","url":"https:\/\/gadoland.pl\/wp-content\/uploads\/2024\/02\/23413-projekt-3.png","contentUrl":"https:\/\/gadoland.pl\/wp-content\/uploads\/2024\/02\/23413-projekt-3.png","width":513,"height":680,"caption":"Koszulka czarna Gadoland z krokodylem"},{"@type":"BreadcrumbList","@id":"https:\/\/gadoland.pl\/produkt\/koszulka-czarna-meska-gadoland-z-krokodylem\/#breadcrumb","itemListElement":[{"@type":"ListItem","position":1,"name":"Strona g\u0142\u00f3wna","item":"https:\/\/gadoland.pl\/"},{"@type":"ListItem","position":2,"name":"Sklep","item":"https:\/\/gadoland.pl\/pl_pl\/sklep\/"},{"@type":"ListItem","position":3,"name":"KOSZULKA CZARNA-M\u0118SKA GADOLAND Z KROKODYLEM"}]},{"@type":"WebSite","@id":"https:\/\/gadoland.pl\/pl_pl\/#website","url":"https:\/\/gadoland.pl\/pl_pl\/","name":"Gadoland","description":"Gadoland","publisher":{"@id":"https:\/\/gadoland.pl\/pl_pl\/#organization"},"potentialAction":[{"@type":"SearchAction","target":{"@type":"EntryPoint","urlTemplate":"https:\/\/gadoland.pl\/pl_pl\/?s={search_term_string}"},"query-input":{"@type":"PropertyValueSpecification","valueRequired":true,"valueName":"search_term_string"}}],"inLanguage":"pl-PL"},{"@type":"Organization","@id":"https:\/\/gadoland.pl\/pl_pl\/#organization","name":"Gadoland","url":"https:\/\/gadoland.pl\/pl_pl\/","logo":{"@type":"ImageObject","inLanguage":"pl-PL","@id":"https:\/\/gadoland.pl\/pl_pl\/#\/schema\/logo\/image\/","url":"","contentUrl":"","caption":"Gadoland"},"image":{"@id":"https:\/\/gadoland.pl\/pl_pl\/#\/schema\/logo\/image\/"}}]}},"_links":{"self":[{"href":"https:\/\/gadoland.pl\/pl_pl\/wp-json\/wp\/v2\/product\/6987","targetHints":{"allow":["GET"]}}],"collection":[{"href":"https:\/\/gadoland.pl\/pl_pl\/wp-json\/wp\/v2\/product"}],"about":[{"href":"https:\/\/gadoland.pl\/pl_pl\/wp-json\/wp\/v2\/types\/product"}],"replies":[{"embeddable":true,"href":"https:\/\/gadoland.pl\/pl_pl\/wp-json\/wp\/v2\/comments?post=6987"}],"wp:featuredmedia":[{"embeddable":true,"href":"https:\/\/gadoland.pl\/pl_pl\/wp-json\/wp\/v2\/media\/6947"}],"wp:attachment":[{"href":"https:\/\/gadoland.pl\/pl_pl\/wp-json\/wp\/v2\/media?parent=6987"}],"wp:term":[{"taxonomy":"product_brand","embeddable":true,"href":"https:\/\/gadoland.pl\/pl_pl\/wp-json\/wp\/v2\/product_brand?post=6987"},{"taxonomy":"product_cat","embeddable":true,"href":"https:\/\/gadoland.pl\/pl_pl\/wp-json\/wp\/v2\/product_cat?post=6987"},{"taxonomy":"product_tag","embeddable":true,"href":"https:\/\/gadoland.pl\/pl_pl\/wp-json\/wp\/v2\/product_tag?post=6987"}],"curies":[{"name":"wp","href":"https:\/\/api.w.org\/{rel}","templated":true}]}}