{"id":6966,"date":"2024-02-02T14:45:40","date_gmt":"2024-02-02T13:45:40","guid":{"rendered":"https:\/\/gadoland.pl\/?post_type=product&#038;p=6966"},"modified":"2026-01-06T17:26:55","modified_gmt":"2026-01-06T16:26:55","slug":"koszulka-damska-na-ramiaczkach-gadoland-z-krokodylem","status":"publish","type":"product","link":"https:\/\/gadoland.pl\/pl_pl\/produkt\/koszulka-damska-na-ramiaczkach-gadoland-z-krokodylem\/","title":{"rendered":"KOSZULKA DAMSKA NA RAMI\u0104CZKACH GADOLAND Z KROKODYLEM"},"content":{"rendered":"<p><span style=\"font-weight: 400;\">Klasyczny czarno-siwy top na szerokich rami\u0105czkach, o lu\u017anym fasonie, okr\u0105g\u0142ym dekolcie, w uniwersalnym odcieniu g\u0142\u0119bokiej czerni. <\/span><b>Po\u0142\u0105czyli\u015bmy subtelny minimalizm i ponadczasow\u0105 klasyk\u0119 &#8211; z unikatowym charakterem<\/b><span style=\"font-weight: 400;\">, dzi\u0119ki czemu powsta\u0142 pomys\u0142 na damski czarno-siwy top z krokodylem!\u00a0<\/span><\/p>\n<p>&nbsp;<\/p>\n<p><b>Damski top z krokodylem <\/b><span style=\"font-weight: 400;\">to propozycja stworzona z my\u015bl\u0105 o mi\u0142o\u015bniczkach nie tylko zwierz\u0105t egzotycznych &#8211; ale po prostu zwierz\u0105t, natury, r\u00f3\u017cnorodno\u015bci, kolor\u00f3w i niebanalno\u015bci.\u00a0\u00a0<\/span><\/p>\n<p>&nbsp;<\/p>\n<p><span style=\"font-weight: 400;\">Wykonany zosta\u0142 z dzianiny tri-blend, <\/span><b>zadbali\u015bmy te\u017c o detale wyko\u0144czenia<\/b><span style=\"font-weight: 400;\">! Dekolt i wyci\u0119cia pach obszyte zosta\u0142y lam\u00f3wk\u0105, kt\u00f3ra wykonana jest z tej samej tkaniny, co ca\u0142o\u015b\u0107 topu. Posiada on r\u00f3wnie\u017c podw\u00f3jne szwy, dzi\u0119ki czemu d\u0142u\u017cej utrzymuje sw\u00f3j pierwotny kszta\u0142t.\u00a0<\/span><\/p>\n<p>&nbsp;<\/p>\n<p><span style=\"font-weight: 400;\">Kontrast czerni z r\u00f3\u017cowym nadrukiem krokodyla &#8211; tworzy przyjemn\u0105 dla oka kompozycj\u0119, bez nadmiaru, dzi\u0119ki czemu <\/span><b>ten damski top z krokodylem wpasowuje si\u0119 w codzienne stylizacje w r\u00f3\u017cnym stylu<\/b><span style=\"font-weight: 400;\">.\u00a0<\/span><\/p>\n<p><span style=\"font-weight: 400;\">I najwa\u017cniejsze! <\/span><b>Nasz czarny top z krokodylem wspiera dzia\u0142alno\u015b\u0107 Fundacji Anakonda i cz\u0119\u015b\u0107 dochodu ze sprzeda\u017cy &#8211; przeznaczamy na cele statutowe Fundacji<\/b><span style=\"font-weight: 400;\">, dzi\u0119ki czemu mo\u017cemy kontynuowa\u0107 nasz\u0105 prac\u0119, o kt\u00f3rej kulisach mo\u017cesz przeczyta\u0107 w zak\u0142adce Fundacja [<a href=\"https:\/\/gadoland.pl\/pl_pl\/fundacja-anakonda\/\">link<\/a>].<\/span><\/p>\n<p>&nbsp;<\/p>\n<p><b>Kolor:<\/b> czarno-szary\/nadruk: r\u00f3\u017cowy<\/p>\n<p><b>Sk\u0142ad i konserwacja:\u00a0<\/b><\/p>\n<p>40% wiskoza \/ 40% bawe\u0142na \/ 20% poliester &#8211; gramatura 160 g\/m\u00b2<\/p>\n<p>Pra\u0107 w temperaturze max. 30\u00b0C.<\/p>\n<p>Prasowa\u0107 i pra\u0107 na lewej stronie.<\/p>\n<p>Tabela wymiar\u00f3w: <a href=\"https:\/\/gadoland.pl\/wp-content\/uploads\/2024\/02\/Tabela-rozmiarow-Koszulki-Gadoland-Koszulka-damska-z-krokodylem-.png\">kliknij tutaj<\/a><\/p>\n","protected":false},"excerpt":{"rendered":"<p><span style=\"font-weight: 400;\">Klasyczny czarno-siwy top na szerokich rami\u0105czkach, o lu\u017anym fasonie, okr\u0105g\u0142ym dekolcie. <\/span><b>Po\u0142\u0105czyli\u015bmy subtelny minimalizm i ponadczasow\u0105 klasyk\u0119 &#8211; z unikatowym charakterem<\/b><span style=\"font-weight: 400;\">, dzi\u0119ki czemu powsta\u0142 pomys\u0142 na damski czarno-siwy top z krokodylem!\u00a0<\/span><\/p>\n","protected":false},"featured_media":7028,"comment_status":"open","ping_status":"closed","template":"","meta":[],"product_brand":[],"product_cat":[38],"product_tag":[],"class_list":{"0":"post-6966","1":"product","2":"type-product","3":"status-publish","4":"has-post-thumbnail","6":"product_cat-ubrania","7":"pa_rozmiar-s","8":"pa_rozmiar-m","9":"pa_rozmiar-l","10":"pa_rozmiar-xl","12":"first","13":"instock","14":"taxable","15":"shipping-taxable","16":"purchasable","17":"product-type-variable"},"yoast_head":"<!-- This site is optimized with the Yoast SEO plugin v26.6 - https:\/\/yoast.com\/wordpress\/plugins\/seo\/ -->\n<title>KOSZULKA DAMSKA NA RAMI\u0104CZKACH GADOLAND Z KROKODYLEM - Gadoland<\/title>\n<meta name=\"robots\" content=\"index, follow, max-snippet:-1, max-image-preview:large, max-video-preview:-1\" \/>\n<link rel=\"canonical\" href=\"https:\/\/gadoland.pl\/pl_pl\/produkt\/koszulka-damska-na-ramiaczkach-gadoland-z-krokodylem\/\" \/>\n<meta property=\"og:locale\" content=\"pl_PL\" \/>\n<meta property=\"og:type\" content=\"article\" \/>\n<meta property=\"og:title\" content=\"KOSZULKA DAMSKA NA RAMI\u0104CZKACH GADOLAND Z KROKODYLEM - Gadoland\" \/>\n<meta property=\"og:description\" content=\"Klasyczny czarno-siwy top na szerokich rami\u0105czkach, o lu\u017anym fasonie, okr\u0105g\u0142ym dekolcie. Po\u0142\u0105czyli\u015bmy subtelny minimalizm i ponadczasow\u0105 klasyk\u0119 - z unikatowym charakterem, dzi\u0119ki czemu powsta\u0142 pomys\u0142 na damski czarno-siwy top z krokodylem!\u00a0\" \/>\n<meta property=\"og:url\" content=\"https:\/\/gadoland.pl\/pl_pl\/produkt\/koszulka-damska-na-ramiaczkach-gadoland-z-krokodylem\/\" \/>\n<meta property=\"og:site_name\" content=\"Gadoland\" \/>\n<meta property=\"article:modified_time\" content=\"2026-01-06T16:26:55+00:00\" \/>\n<meta property=\"og:image\" content=\"https:\/\/gadoland.pl\/wp-content\/uploads\/2024\/02\/IMG_1922-2.jpg\" \/>\n\t<meta property=\"og:image:width\" content=\"1900\" \/>\n\t<meta property=\"og:image:height\" content=\"1267\" \/>\n\t<meta property=\"og:image:type\" content=\"image\/jpeg\" \/>\n<meta name=\"twitter:card\" content=\"summary_large_image\" \/>\n<meta name=\"twitter:label1\" content=\"Szacowany czas czytania\" \/>\n\t<meta name=\"twitter:data1\" content=\"2 minuty\" \/>\n<script type=\"application\/ld+json\" class=\"yoast-schema-graph\">{\"@context\":\"https:\/\/schema.org\",\"@graph\":[{\"@type\":\"WebPage\",\"@id\":\"https:\/\/gadoland.pl\/produkt\/koszulka-damska-na-ramiaczkach-gadoland-z-krokodylem\/\",\"url\":\"https:\/\/gadoland.pl\/produkt\/koszulka-damska-na-ramiaczkach-gadoland-z-krokodylem\/\",\"name\":\"KOSZULKA DAMSKA NA RAMI\u0104CZKACH GADOLAND Z KROKODYLEM - Gadoland\",\"isPartOf\":{\"@id\":\"https:\/\/gadoland.pl\/pl_pl\/#website\"},\"primaryImageOfPage\":{\"@id\":\"https:\/\/gadoland.pl\/produkt\/koszulka-damska-na-ramiaczkach-gadoland-z-krokodylem\/#primaryimage\"},\"image\":{\"@id\":\"https:\/\/gadoland.pl\/produkt\/koszulka-damska-na-ramiaczkach-gadoland-z-krokodylem\/#primaryimage\"},\"thumbnailUrl\":\"https:\/\/gadoland.pl\/wp-content\/uploads\/2024\/02\/IMG_1922-2.jpg\",\"datePublished\":\"2024-02-02T13:45:40+00:00\",\"dateModified\":\"2026-01-06T16:26:55+00:00\",\"breadcrumb\":{\"@id\":\"https:\/\/gadoland.pl\/produkt\/koszulka-damska-na-ramiaczkach-gadoland-z-krokodylem\/#breadcrumb\"},\"inLanguage\":\"pl-PL\",\"potentialAction\":[{\"@type\":\"ReadAction\",\"target\":[\"https:\/\/gadoland.pl\/produkt\/koszulka-damska-na-ramiaczkach-gadoland-z-krokodylem\/\"]}]},{\"@type\":\"ImageObject\",\"inLanguage\":\"pl-PL\",\"@id\":\"https:\/\/gadoland.pl\/produkt\/koszulka-damska-na-ramiaczkach-gadoland-z-krokodylem\/#primaryimage\",\"url\":\"https:\/\/gadoland.pl\/wp-content\/uploads\/2024\/02\/IMG_1922-2.jpg\",\"contentUrl\":\"https:\/\/gadoland.pl\/wp-content\/uploads\/2024\/02\/IMG_1922-2.jpg\",\"width\":1900,\"height\":1267,\"caption\":\"Koszulka damska na rami\u0105czkach Gadoland z krokodylem\"},{\"@type\":\"BreadcrumbList\",\"@id\":\"https:\/\/gadoland.pl\/produkt\/koszulka-damska-na-ramiaczkach-gadoland-z-krokodylem\/#breadcrumb\",\"itemListElement\":[{\"@type\":\"ListItem\",\"position\":1,\"name\":\"Strona g\u0142\u00f3wna\",\"item\":\"https:\/\/gadoland.pl\/\"},{\"@type\":\"ListItem\",\"position\":2,\"name\":\"Sklep\",\"item\":\"https:\/\/gadoland.pl\/pl_pl\/sklep\/\"},{\"@type\":\"ListItem\",\"position\":3,\"name\":\"KOSZULKA DAMSKA NA RAMI\u0104CZKACH GADOLAND Z KROKODYLEM\"}]},{\"@type\":\"WebSite\",\"@id\":\"https:\/\/gadoland.pl\/pl_pl\/#website\",\"url\":\"https:\/\/gadoland.pl\/pl_pl\/\",\"name\":\"Gadoland\",\"description\":\"Gadoland\",\"publisher\":{\"@id\":\"https:\/\/gadoland.pl\/pl_pl\/#organization\"},\"potentialAction\":[{\"@type\":\"SearchAction\",\"target\":{\"@type\":\"EntryPoint\",\"urlTemplate\":\"https:\/\/gadoland.pl\/pl_pl\/?s={search_term_string}\"},\"query-input\":{\"@type\":\"PropertyValueSpecification\",\"valueRequired\":true,\"valueName\":\"search_term_string\"}}],\"inLanguage\":\"pl-PL\"},{\"@type\":\"Organization\",\"@id\":\"https:\/\/gadoland.pl\/pl_pl\/#organization\",\"name\":\"Gadoland\",\"url\":\"https:\/\/gadoland.pl\/pl_pl\/\",\"logo\":{\"@type\":\"ImageObject\",\"inLanguage\":\"pl-PL\",\"@id\":\"https:\/\/gadoland.pl\/pl_pl\/#\/schema\/logo\/image\/\",\"url\":\"\",\"contentUrl\":\"\",\"caption\":\"Gadoland\"},\"image\":{\"@id\":\"https:\/\/gadoland.pl\/pl_pl\/#\/schema\/logo\/image\/\"}}]}<\/script>\n<!-- \/ Yoast SEO plugin. -->","yoast_head_json":{"title":"KOSZULKA DAMSKA NA RAMI\u0104CZKACH GADOLAND Z KROKODYLEM - Gadoland","robots":{"index":"index","follow":"follow","max-snippet":"max-snippet:-1","max-image-preview":"max-image-preview:large","max-video-preview":"max-video-preview:-1"},"canonical":"https:\/\/gadoland.pl\/pl_pl\/produkt\/koszulka-damska-na-ramiaczkach-gadoland-z-krokodylem\/","og_locale":"pl_PL","og_type":"article","og_title":"KOSZULKA DAMSKA NA RAMI\u0104CZKACH GADOLAND Z KROKODYLEM - Gadoland","og_description":"Klasyczny czarno-siwy top na szerokich rami\u0105czkach, o lu\u017anym fasonie, okr\u0105g\u0142ym dekolcie. Po\u0142\u0105czyli\u015bmy subtelny minimalizm i ponadczasow\u0105 klasyk\u0119 - z unikatowym charakterem, dzi\u0119ki czemu powsta\u0142 pomys\u0142 na damski czarno-siwy top z krokodylem!\u00a0","og_url":"https:\/\/gadoland.pl\/pl_pl\/produkt\/koszulka-damska-na-ramiaczkach-gadoland-z-krokodylem\/","og_site_name":"Gadoland","article_modified_time":"2026-01-06T16:26:55+00:00","og_image":[{"width":1900,"height":1267,"url":"https:\/\/gadoland.pl\/wp-content\/uploads\/2024\/02\/IMG_1922-2.jpg","type":"image\/jpeg"}],"twitter_card":"summary_large_image","twitter_misc":{"Szacowany czas czytania":"2 minuty"},"schema":{"@context":"https:\/\/schema.org","@graph":[{"@type":"WebPage","@id":"https:\/\/gadoland.pl\/produkt\/koszulka-damska-na-ramiaczkach-gadoland-z-krokodylem\/","url":"https:\/\/gadoland.pl\/produkt\/koszulka-damska-na-ramiaczkach-gadoland-z-krokodylem\/","name":"KOSZULKA DAMSKA NA RAMI\u0104CZKACH GADOLAND Z KROKODYLEM - Gadoland","isPartOf":{"@id":"https:\/\/gadoland.pl\/pl_pl\/#website"},"primaryImageOfPage":{"@id":"https:\/\/gadoland.pl\/produkt\/koszulka-damska-na-ramiaczkach-gadoland-z-krokodylem\/#primaryimage"},"image":{"@id":"https:\/\/gadoland.pl\/produkt\/koszulka-damska-na-ramiaczkach-gadoland-z-krokodylem\/#primaryimage"},"thumbnailUrl":"https:\/\/gadoland.pl\/wp-content\/uploads\/2024\/02\/IMG_1922-2.jpg","datePublished":"2024-02-02T13:45:40+00:00","dateModified":"2026-01-06T16:26:55+00:00","breadcrumb":{"@id":"https:\/\/gadoland.pl\/produkt\/koszulka-damska-na-ramiaczkach-gadoland-z-krokodylem\/#breadcrumb"},"inLanguage":"pl-PL","potentialAction":[{"@type":"ReadAction","target":["https:\/\/gadoland.pl\/produkt\/koszulka-damska-na-ramiaczkach-gadoland-z-krokodylem\/"]}]},{"@type":"ImageObject","inLanguage":"pl-PL","@id":"https:\/\/gadoland.pl\/produkt\/koszulka-damska-na-ramiaczkach-gadoland-z-krokodylem\/#primaryimage","url":"https:\/\/gadoland.pl\/wp-content\/uploads\/2024\/02\/IMG_1922-2.jpg","contentUrl":"https:\/\/gadoland.pl\/wp-content\/uploads\/2024\/02\/IMG_1922-2.jpg","width":1900,"height":1267,"caption":"Koszulka damska na rami\u0105czkach Gadoland z krokodylem"},{"@type":"BreadcrumbList","@id":"https:\/\/gadoland.pl\/produkt\/koszulka-damska-na-ramiaczkach-gadoland-z-krokodylem\/#breadcrumb","itemListElement":[{"@type":"ListItem","position":1,"name":"Strona g\u0142\u00f3wna","item":"https:\/\/gadoland.pl\/"},{"@type":"ListItem","position":2,"name":"Sklep","item":"https:\/\/gadoland.pl\/pl_pl\/sklep\/"},{"@type":"ListItem","position":3,"name":"KOSZULKA DAMSKA NA RAMI\u0104CZKACH GADOLAND Z KROKODYLEM"}]},{"@type":"WebSite","@id":"https:\/\/gadoland.pl\/pl_pl\/#website","url":"https:\/\/gadoland.pl\/pl_pl\/","name":"Gadoland","description":"Gadoland","publisher":{"@id":"https:\/\/gadoland.pl\/pl_pl\/#organization"},"potentialAction":[{"@type":"SearchAction","target":{"@type":"EntryPoint","urlTemplate":"https:\/\/gadoland.pl\/pl_pl\/?s={search_term_string}"},"query-input":{"@type":"PropertyValueSpecification","valueRequired":true,"valueName":"search_term_string"}}],"inLanguage":"pl-PL"},{"@type":"Organization","@id":"https:\/\/gadoland.pl\/pl_pl\/#organization","name":"Gadoland","url":"https:\/\/gadoland.pl\/pl_pl\/","logo":{"@type":"ImageObject","inLanguage":"pl-PL","@id":"https:\/\/gadoland.pl\/pl_pl\/#\/schema\/logo\/image\/","url":"","contentUrl":"","caption":"Gadoland"},"image":{"@id":"https:\/\/gadoland.pl\/pl_pl\/#\/schema\/logo\/image\/"}}]}},"_links":{"self":[{"href":"https:\/\/gadoland.pl\/pl_pl\/wp-json\/wp\/v2\/product\/6966","targetHints":{"allow":["GET"]}}],"collection":[{"href":"https:\/\/gadoland.pl\/pl_pl\/wp-json\/wp\/v2\/product"}],"about":[{"href":"https:\/\/gadoland.pl\/pl_pl\/wp-json\/wp\/v2\/types\/product"}],"replies":[{"embeddable":true,"href":"https:\/\/gadoland.pl\/pl_pl\/wp-json\/wp\/v2\/comments?post=6966"}],"wp:featuredmedia":[{"embeddable":true,"href":"https:\/\/gadoland.pl\/pl_pl\/wp-json\/wp\/v2\/media\/7028"}],"wp:attachment":[{"href":"https:\/\/gadoland.pl\/pl_pl\/wp-json\/wp\/v2\/media?parent=6966"}],"wp:term":[{"taxonomy":"product_brand","embeddable":true,"href":"https:\/\/gadoland.pl\/pl_pl\/wp-json\/wp\/v2\/product_brand?post=6966"},{"taxonomy":"product_cat","embeddable":true,"href":"https:\/\/gadoland.pl\/pl_pl\/wp-json\/wp\/v2\/product_cat?post=6966"},{"taxonomy":"product_tag","embeddable":true,"href":"https:\/\/gadoland.pl\/pl_pl\/wp-json\/wp\/v2\/product_tag?post=6966"}],"curies":[{"name":"wp","href":"https:\/\/api.w.org\/{rel}","templated":true}]}}