{"id":6957,"date":"2024-02-02T14:14:43","date_gmt":"2024-02-02T13:14:43","guid":{"rendered":"https:\/\/gadoland.pl\/?post_type=product&#038;p=6957"},"modified":"2026-01-06T17:57:21","modified_gmt":"2026-01-06T16:57:21","slug":"koszulka-czarna-meska-kameleon-w-stylu-rasta-kopia","status":"publish","type":"product","link":"https:\/\/gadoland.pl\/pl_pl\/produkt\/koszulka-czarna-meska-kameleon-w-stylu-rasta-kopia\/","title":{"rendered":"KOSZULKA CZARNA-M\u0118SKA KAMELEON W STYLU RASTA"},"content":{"rendered":"<p><span style=\"font-weight: 400;\">M\u0119ski t-shirt z kr\u00f3tkim r\u0119kawem o klasycznym fasonie, z okr\u0105g\u0142ym pr\u0105\u017ckowanym dekoltem, w uniwersalnym czarnym kolorze. Prosty i klasyczny fason, na karku dodatkowo wszyli\u015bmy ta\u015bm\u0119 wzmacniaj\u0105c\u0105, kt\u00f3ra u\u0142atwia komfortowe noszenie i znacznie podnosi trwa\u0142o\u015b\u0107. <\/span><b>T-shirt z kameleonem posiada r\u00f3wnie\u017c podw\u00f3jne szwy na dole<\/b><span style=\"font-weight: 400;\">, dzi\u0119ki czemu nie straci swojej pierwotnej formy, nie rozci\u0105gnie si\u0119.\u00a0<\/span><\/p>\n<p>&nbsp;<\/p>\n<p><b>Czarny m\u0119ski t-shirt z kameleonem<\/b><span style=\"font-weight: 400;\"> to projekt dedykowany przede wszystkim mi\u0142o\u015bnikom stylu rasta oraz wielbicielom zwierz\u0105t egzotycznych. Klasyczny czarny t-shirt po\u0142\u0105czyli\u015bmy z prostot\u0105 grafiki kameleona i charakterystyczn\u0105 kolorystyk\u0105 rasta, dzi\u0119ki czemu osi\u0105gn\u0119li\u015bmy efekt sp\u00f3jnej estetyki i unikatowego charakteru.\u00a0<\/span><\/p>\n<p>&nbsp;<\/p>\n<p><span style=\"font-weight: 400;\">Oddychaj\u0105cy wysokiej jako\u015bci materia\u0142, kt\u00f3ry nie rozci\u0105ga si\u0119, nie traci koloru, pozwala sk\u00f3rze oddycha\u0107 i dopasowuje si\u0119 do sylwetki &#8211; to propozycja stworzona na miar\u0119 r\u00f3\u017cnorodnych oczekiwa\u0144. <\/span><b>T-shirt z kameleonem to r\u00f3wnie\u017c doskona\u0142y pomys\u0142 na prezent<\/b><span style=\"font-weight: 400;\"> dla m\u0119\u017cczyzny, zw\u0142aszcza mi\u0142o\u015bnika zwierz\u0105t, egzotyki, czy klimat\u00f3w rasta.\u00a0<\/span><\/p>\n<p><span style=\"font-weight: 400;\">I najwa\u017cniejsze! <\/span><b>Nasz czarny t-shirt z kameleonem wspiera dzia\u0142alno\u015b\u0107 Fundacji Anakonda i cz\u0119\u015b\u0107 dochodu ze sprzeda\u017cy &#8211; przeznaczamy na cele statutowe Fundacji<\/b><span style=\"font-weight: 400;\">, dzi\u0119ki czemu mo\u017cemy kontynuowa\u0107 nasz\u0105 prac\u0119, o kt\u00f3rej kulisach mo\u017cesz przeczyta\u0107 w zak\u0142adce Fundacja <a href=\"https:\/\/gadoland.pl\/pl_pl\/fundacja-anakonda\/\">[link]<\/a>. <\/span><\/p>\n<p>&nbsp;<\/p>\n<p><b>Kolor:<\/b> czarny\/nadruk: kolorowy<\/p>\n<p><b>Sk\u0142ad i konserwacja:\u00a0<\/b><\/p>\n<p>100% bawe\u0142na &#8211; Single jersey &#8211; gramatura 200 g\/m\u00b2<\/p>\n<p>Pra\u0107 w temperaturze max. 30\u00b0C.<\/p>\n<p>Prasowa\u0107 i pra\u0107 na lewej stronie.<\/p>\n<p>Tabela wymiar\u00f3w: <a href=\"https:\/\/gadoland.pl\/wp-content\/uploads\/2024\/02\/Tabela-rozmiarow-Koszulki-Gadoland-Koszulka-meska-z-krokodylem-rasta1.png\">kliknij tutaj<\/a><\/p>\n<div id=\"simple-translate\" class=\"simple-translate-system-theme\">\n<div>\n<div class=\"simple-translate-button isShow\" style=\"background-image: url('moz-extension:\/\/fa12f1db-d5c6-4185-8389-3b533d29c508\/icons\/512.png'); height: 22px; width: 22px; top: 439px; left: 153px;\"><\/div>\n<div class=\"simple-translate-panel \" style=\"width: 300px; height: 200px; top: 0px; left: 0px; font-size: 13px;\">\n<div class=\"simple-translate-result-wrapper\" style=\"overflow: hidden;\">\n<div class=\"simple-translate-move\" draggable=\"true\"><\/div>\n<div class=\"simple-translate-result-contents\">\n<p class=\"simple-translate-candidate\" dir=\"auto\">\n<\/div>\n<\/div>\n<\/div>\n<\/div>\n<\/div>\n","protected":false},"excerpt":{"rendered":"<p><span style=\"font-weight: 400;\">M\u0119ski t-shirt z kr\u00f3tkim r\u0119kawem o klasycznym fasonie, z okr\u0105g\u0142ym pr\u0105\u017ckowanym dekoltem, w uniwersalnym czarnym kolorze. Prosty i klasyczny fason, na karku dodatkowo wszyli\u015bmy ta\u015bm\u0119 wzmacniaj\u0105c\u0105, kt\u00f3ra u\u0142atwia komfortowe noszenie i znacznie podnosi trwa\u0142o\u015b\u0107. <\/span><b>T-shirt z kameleonem posiada r\u00f3wnie\u017c podw\u00f3jne szwy na dole<\/b><span style=\"font-weight: 400;\">, dzi\u0119ki czemu nie straci swojej pierwotnej formy, nie rozci\u0105gnie si\u0119.\u00a0<\/span><\/p>\n<p>&nbsp;<\/p>\n","protected":false},"featured_media":6953,"comment_status":"open","ping_status":"closed","template":"","meta":[],"product_brand":[],"product_cat":[38],"product_tag":[],"class_list":{"0":"post-6957","1":"product","2":"type-product","3":"status-publish","4":"has-post-thumbnail","6":"product_cat-ubrania","7":"pa_rozmiar-s","8":"pa_rozmiar-m","9":"pa_rozmiar-l","10":"pa_rozmiar-xl","12":"first","13":"instock","14":"taxable","15":"shipping-taxable","16":"purchasable","17":"product-type-variable"},"yoast_head":"<!-- This site is optimized with the Yoast SEO plugin v26.6 - https:\/\/yoast.com\/wordpress\/plugins\/seo\/ -->\n<title>KOSZULKA CZARNA-M\u0118SKA KAMELEON W STYLU RASTA - Gadoland<\/title>\n<meta name=\"robots\" content=\"index, follow, max-snippet:-1, max-image-preview:large, max-video-preview:-1\" \/>\n<link rel=\"canonical\" href=\"https:\/\/gadoland.pl\/pl_pl\/produkt\/koszulka-czarna-meska-kameleon-w-stylu-rasta-kopia\/\" \/>\n<meta property=\"og:locale\" content=\"pl_PL\" \/>\n<meta property=\"og:type\" content=\"article\" \/>\n<meta property=\"og:title\" content=\"KOSZULKA CZARNA-M\u0118SKA KAMELEON W STYLU RASTA - Gadoland\" \/>\n<meta property=\"og:description\" content=\"M\u0119ski t-shirt z kr\u00f3tkim r\u0119kawem o klasycznym fasonie, z okr\u0105g\u0142ym pr\u0105\u017ckowanym dekoltem, w uniwersalnym czarnym kolorze. Prosty i klasyczny fason, na karku dodatkowo wszyli\u015bmy ta\u015bm\u0119 wzmacniaj\u0105c\u0105, kt\u00f3ra u\u0142atwia komfortowe noszenie i znacznie podnosi trwa\u0142o\u015b\u0107. T-shirt z kameleonem posiada r\u00f3wnie\u017c podw\u00f3jne szwy na dole, dzi\u0119ki czemu nie straci swojej pierwotnej formy, nie rozci\u0105gnie si\u0119.\u00a0  &nbsp;\" \/>\n<meta property=\"og:url\" content=\"https:\/\/gadoland.pl\/pl_pl\/produkt\/koszulka-czarna-meska-kameleon-w-stylu-rasta-kopia\/\" \/>\n<meta property=\"og:site_name\" content=\"Gadoland\" \/>\n<meta property=\"article:modified_time\" content=\"2026-01-06T16:57:21+00:00\" \/>\n<meta property=\"og:image\" content=\"https:\/\/gadoland.pl\/wp-content\/uploads\/2024\/02\/23413-projekt-1-1.png\" \/>\n\t<meta property=\"og:image:width\" content=\"523\" \/>\n\t<meta property=\"og:image:height\" content=\"690\" \/>\n\t<meta property=\"og:image:type\" content=\"image\/png\" \/>\n<meta name=\"twitter:card\" content=\"summary_large_image\" \/>\n<meta name=\"twitter:label1\" content=\"Szacowany czas czytania\" \/>\n\t<meta name=\"twitter:data1\" content=\"2 minuty\" \/>\n<script type=\"application\/ld+json\" class=\"yoast-schema-graph\">{\"@context\":\"https:\/\/schema.org\",\"@graph\":[{\"@type\":\"WebPage\",\"@id\":\"https:\/\/gadoland.pl\/produkt\/koszulka-czarna-meska-kameleon-w-stylu-rasta-kopia\/\",\"url\":\"https:\/\/gadoland.pl\/produkt\/koszulka-czarna-meska-kameleon-w-stylu-rasta-kopia\/\",\"name\":\"KOSZULKA CZARNA-M\u0118SKA KAMELEON W STYLU RASTA - Gadoland\",\"isPartOf\":{\"@id\":\"https:\/\/gadoland.pl\/pl_pl\/#website\"},\"primaryImageOfPage\":{\"@id\":\"https:\/\/gadoland.pl\/produkt\/koszulka-czarna-meska-kameleon-w-stylu-rasta-kopia\/#primaryimage\"},\"image\":{\"@id\":\"https:\/\/gadoland.pl\/produkt\/koszulka-czarna-meska-kameleon-w-stylu-rasta-kopia\/#primaryimage\"},\"thumbnailUrl\":\"https:\/\/gadoland.pl\/wp-content\/uploads\/2024\/02\/23413-projekt-1-1.png\",\"datePublished\":\"2024-02-02T13:14:43+00:00\",\"dateModified\":\"2026-01-06T16:57:21+00:00\",\"breadcrumb\":{\"@id\":\"https:\/\/gadoland.pl\/produkt\/koszulka-czarna-meska-kameleon-w-stylu-rasta-kopia\/#breadcrumb\"},\"inLanguage\":\"pl-PL\",\"potentialAction\":[{\"@type\":\"ReadAction\",\"target\":[\"https:\/\/gadoland.pl\/produkt\/koszulka-czarna-meska-kameleon-w-stylu-rasta-kopia\/\"]}]},{\"@type\":\"ImageObject\",\"inLanguage\":\"pl-PL\",\"@id\":\"https:\/\/gadoland.pl\/produkt\/koszulka-czarna-meska-kameleon-w-stylu-rasta-kopia\/#primaryimage\",\"url\":\"https:\/\/gadoland.pl\/wp-content\/uploads\/2024\/02\/23413-projekt-1-1.png\",\"contentUrl\":\"https:\/\/gadoland.pl\/wp-content\/uploads\/2024\/02\/23413-projekt-1-1.png\",\"width\":523,\"height\":690,\"caption\":\"Koszulka czarna z kameleonem Rasta\"},{\"@type\":\"BreadcrumbList\",\"@id\":\"https:\/\/gadoland.pl\/produkt\/koszulka-czarna-meska-kameleon-w-stylu-rasta-kopia\/#breadcrumb\",\"itemListElement\":[{\"@type\":\"ListItem\",\"position\":1,\"name\":\"Strona g\u0142\u00f3wna\",\"item\":\"https:\/\/gadoland.pl\/\"},{\"@type\":\"ListItem\",\"position\":2,\"name\":\"Sklep\",\"item\":\"https:\/\/gadoland.pl\/pl_pl\/sklep\/\"},{\"@type\":\"ListItem\",\"position\":3,\"name\":\"KOSZULKA CZARNA-M\u0118SKA KAMELEON W STYLU RASTA\"}]},{\"@type\":\"WebSite\",\"@id\":\"https:\/\/gadoland.pl\/pl_pl\/#website\",\"url\":\"https:\/\/gadoland.pl\/pl_pl\/\",\"name\":\"Gadoland\",\"description\":\"Gadoland\",\"publisher\":{\"@id\":\"https:\/\/gadoland.pl\/pl_pl\/#organization\"},\"potentialAction\":[{\"@type\":\"SearchAction\",\"target\":{\"@type\":\"EntryPoint\",\"urlTemplate\":\"https:\/\/gadoland.pl\/pl_pl\/?s={search_term_string}\"},\"query-input\":{\"@type\":\"PropertyValueSpecification\",\"valueRequired\":true,\"valueName\":\"search_term_string\"}}],\"inLanguage\":\"pl-PL\"},{\"@type\":\"Organization\",\"@id\":\"https:\/\/gadoland.pl\/pl_pl\/#organization\",\"name\":\"Gadoland\",\"url\":\"https:\/\/gadoland.pl\/pl_pl\/\",\"logo\":{\"@type\":\"ImageObject\",\"inLanguage\":\"pl-PL\",\"@id\":\"https:\/\/gadoland.pl\/pl_pl\/#\/schema\/logo\/image\/\",\"url\":\"\",\"contentUrl\":\"\",\"caption\":\"Gadoland\"},\"image\":{\"@id\":\"https:\/\/gadoland.pl\/pl_pl\/#\/schema\/logo\/image\/\"}}]}<\/script>\n<!-- \/ Yoast SEO plugin. -->","yoast_head_json":{"title":"KOSZULKA CZARNA-M\u0118SKA KAMELEON W STYLU RASTA - Gadoland","robots":{"index":"index","follow":"follow","max-snippet":"max-snippet:-1","max-image-preview":"max-image-preview:large","max-video-preview":"max-video-preview:-1"},"canonical":"https:\/\/gadoland.pl\/pl_pl\/produkt\/koszulka-czarna-meska-kameleon-w-stylu-rasta-kopia\/","og_locale":"pl_PL","og_type":"article","og_title":"KOSZULKA CZARNA-M\u0118SKA KAMELEON W STYLU RASTA - Gadoland","og_description":"M\u0119ski t-shirt z kr\u00f3tkim r\u0119kawem o klasycznym fasonie, z okr\u0105g\u0142ym pr\u0105\u017ckowanym dekoltem, w uniwersalnym czarnym kolorze. Prosty i klasyczny fason, na karku dodatkowo wszyli\u015bmy ta\u015bm\u0119 wzmacniaj\u0105c\u0105, kt\u00f3ra u\u0142atwia komfortowe noszenie i znacznie podnosi trwa\u0142o\u015b\u0107. T-shirt z kameleonem posiada r\u00f3wnie\u017c podw\u00f3jne szwy na dole, dzi\u0119ki czemu nie straci swojej pierwotnej formy, nie rozci\u0105gnie si\u0119.\u00a0  &nbsp;","og_url":"https:\/\/gadoland.pl\/pl_pl\/produkt\/koszulka-czarna-meska-kameleon-w-stylu-rasta-kopia\/","og_site_name":"Gadoland","article_modified_time":"2026-01-06T16:57:21+00:00","og_image":[{"width":523,"height":690,"url":"https:\/\/gadoland.pl\/wp-content\/uploads\/2024\/02\/23413-projekt-1-1.png","type":"image\/png"}],"twitter_card":"summary_large_image","twitter_misc":{"Szacowany czas czytania":"2 minuty"},"schema":{"@context":"https:\/\/schema.org","@graph":[{"@type":"WebPage","@id":"https:\/\/gadoland.pl\/produkt\/koszulka-czarna-meska-kameleon-w-stylu-rasta-kopia\/","url":"https:\/\/gadoland.pl\/produkt\/koszulka-czarna-meska-kameleon-w-stylu-rasta-kopia\/","name":"KOSZULKA CZARNA-M\u0118SKA KAMELEON W STYLU RASTA - Gadoland","isPartOf":{"@id":"https:\/\/gadoland.pl\/pl_pl\/#website"},"primaryImageOfPage":{"@id":"https:\/\/gadoland.pl\/produkt\/koszulka-czarna-meska-kameleon-w-stylu-rasta-kopia\/#primaryimage"},"image":{"@id":"https:\/\/gadoland.pl\/produkt\/koszulka-czarna-meska-kameleon-w-stylu-rasta-kopia\/#primaryimage"},"thumbnailUrl":"https:\/\/gadoland.pl\/wp-content\/uploads\/2024\/02\/23413-projekt-1-1.png","datePublished":"2024-02-02T13:14:43+00:00","dateModified":"2026-01-06T16:57:21+00:00","breadcrumb":{"@id":"https:\/\/gadoland.pl\/produkt\/koszulka-czarna-meska-kameleon-w-stylu-rasta-kopia\/#breadcrumb"},"inLanguage":"pl-PL","potentialAction":[{"@type":"ReadAction","target":["https:\/\/gadoland.pl\/produkt\/koszulka-czarna-meska-kameleon-w-stylu-rasta-kopia\/"]}]},{"@type":"ImageObject","inLanguage":"pl-PL","@id":"https:\/\/gadoland.pl\/produkt\/koszulka-czarna-meska-kameleon-w-stylu-rasta-kopia\/#primaryimage","url":"https:\/\/gadoland.pl\/wp-content\/uploads\/2024\/02\/23413-projekt-1-1.png","contentUrl":"https:\/\/gadoland.pl\/wp-content\/uploads\/2024\/02\/23413-projekt-1-1.png","width":523,"height":690,"caption":"Koszulka czarna z kameleonem Rasta"},{"@type":"BreadcrumbList","@id":"https:\/\/gadoland.pl\/produkt\/koszulka-czarna-meska-kameleon-w-stylu-rasta-kopia\/#breadcrumb","itemListElement":[{"@type":"ListItem","position":1,"name":"Strona g\u0142\u00f3wna","item":"https:\/\/gadoland.pl\/"},{"@type":"ListItem","position":2,"name":"Sklep","item":"https:\/\/gadoland.pl\/pl_pl\/sklep\/"},{"@type":"ListItem","position":3,"name":"KOSZULKA CZARNA-M\u0118SKA KAMELEON W STYLU RASTA"}]},{"@type":"WebSite","@id":"https:\/\/gadoland.pl\/pl_pl\/#website","url":"https:\/\/gadoland.pl\/pl_pl\/","name":"Gadoland","description":"Gadoland","publisher":{"@id":"https:\/\/gadoland.pl\/pl_pl\/#organization"},"potentialAction":[{"@type":"SearchAction","target":{"@type":"EntryPoint","urlTemplate":"https:\/\/gadoland.pl\/pl_pl\/?s={search_term_string}"},"query-input":{"@type":"PropertyValueSpecification","valueRequired":true,"valueName":"search_term_string"}}],"inLanguage":"pl-PL"},{"@type":"Organization","@id":"https:\/\/gadoland.pl\/pl_pl\/#organization","name":"Gadoland","url":"https:\/\/gadoland.pl\/pl_pl\/","logo":{"@type":"ImageObject","inLanguage":"pl-PL","@id":"https:\/\/gadoland.pl\/pl_pl\/#\/schema\/logo\/image\/","url":"","contentUrl":"","caption":"Gadoland"},"image":{"@id":"https:\/\/gadoland.pl\/pl_pl\/#\/schema\/logo\/image\/"}}]}},"_links":{"self":[{"href":"https:\/\/gadoland.pl\/pl_pl\/wp-json\/wp\/v2\/product\/6957","targetHints":{"allow":["GET"]}}],"collection":[{"href":"https:\/\/gadoland.pl\/pl_pl\/wp-json\/wp\/v2\/product"}],"about":[{"href":"https:\/\/gadoland.pl\/pl_pl\/wp-json\/wp\/v2\/types\/product"}],"replies":[{"embeddable":true,"href":"https:\/\/gadoland.pl\/pl_pl\/wp-json\/wp\/v2\/comments?post=6957"}],"wp:featuredmedia":[{"embeddable":true,"href":"https:\/\/gadoland.pl\/pl_pl\/wp-json\/wp\/v2\/media\/6953"}],"wp:attachment":[{"href":"https:\/\/gadoland.pl\/pl_pl\/wp-json\/wp\/v2\/media?parent=6957"}],"wp:term":[{"taxonomy":"product_brand","embeddable":true,"href":"https:\/\/gadoland.pl\/pl_pl\/wp-json\/wp\/v2\/product_brand?post=6957"},{"taxonomy":"product_cat","embeddable":true,"href":"https:\/\/gadoland.pl\/pl_pl\/wp-json\/wp\/v2\/product_cat?post=6957"},{"taxonomy":"product_tag","embeddable":true,"href":"https:\/\/gadoland.pl\/pl_pl\/wp-json\/wp\/v2\/product_tag?post=6957"}],"curies":[{"name":"wp","href":"https:\/\/api.w.org\/{rel}","templated":true}]}}