{"id":77,"date":"2020-10-20T10:26:05","date_gmt":"2020-10-20T08:26:05","guid":{"rendered":"https:\/\/demo.artureanec.com\/themes\/wildworld\/?page_id=77"},"modified":"2023-08-08T12:38:33","modified_gmt":"2023-08-08T10:38:33","slug":"faq","status":"publish","type":"page","link":"https:\/\/gadoland.pl\/pl_pl\/faq\/","title":{"rendered":"FAQ"},"content":{"rendered":"\t\t<div data-elementor-type=\"wp-page\" data-elementor-id=\"77\" class=\"elementor elementor-77\">\n\t\t\t\t\t\t<section class=\"elementor-section elementor-top-section elementor-element elementor-element-6358073 elementor-section-boxed elementor-section-height-default elementor-section-height-default\" data-id=\"6358073\" data-element_type=\"section\">\n\t\t\t\t\t\t<div class=\"elementor-container elementor-column-gap-default\">\n\t\t\t\t\t<div class=\"elementor-column elementor-col-100 elementor-top-column elementor-element elementor-element-4474914\" data-id=\"4474914\" data-element_type=\"column\" data-settings=\"{&quot;background_background&quot;:&quot;slideshow&quot;,&quot;background_slideshow_gallery&quot;:[],&quot;background_slideshow_slide_duration&quot;:5000,&quot;background_slideshow_slide_transition&quot;:&quot;fade&quot;,&quot;background_slideshow_transition_duration&quot;:500}\">\n\t\t\t<div class=\"elementor-widget-wrap elementor-element-populated\">\n\t\t\t\t\t\t<div class=\"elementor-element elementor-element-8face53 elementor-widget elementor-widget-spacer\" data-id=\"8face53\" data-element_type=\"widget\" data-widget_type=\"spacer.default\">\n\t\t\t\t<div class=\"elementor-widget-container\">\n\t\t\t\t\t\t\t<div class=\"elementor-spacer\">\n\t\t\t<div class=\"elementor-spacer-inner\"><\/div>\n\t\t<\/div>\n\t\t\t\t\t\t<\/div>\n\t\t\t\t<\/div>\n\t\t\t\t<div class=\"elementor-element elementor-element-42c927a elementor-widget elementor-widget-wildworld_heading\" data-id=\"42c927a\" data-element_type=\"widget\" data-widget_type=\"wildworld_heading.default\">\n\t\t\t\t<div class=\"elementor-widget-container\">\n\t\t\t\t\t\n        <div class=\"wildworld_heading_widget\">\n                            <h3 class=\"wildworld_heading\">\n\n                    Najcz\u0119\u015bciej zadawane <span>pytania<\/span>                <\/h3>\n                        <\/div>\n        \t\t\t\t<\/div>\n\t\t\t\t<\/div>\n\t\t\t\t\t<\/div>\n\t\t<\/div>\n\t\t\t\t\t<\/div>\n\t\t<\/section>\n\t\t\t\t<section class=\"elementor-section elementor-top-section elementor-element elementor-element-b9c7971 elementor-section-boxed elementor-section-height-default elementor-section-height-default\" data-id=\"b9c7971\" data-element_type=\"section\">\n\t\t\t\t\t\t<div class=\"elementor-container elementor-column-gap-default\">\n\t\t\t\t\t<div class=\"elementor-column elementor-col-100 elementor-top-column elementor-element elementor-element-21e1dc7\" data-id=\"21e1dc7\" data-element_type=\"column\">\n\t\t\t<div class=\"elementor-widget-wrap elementor-element-populated\">\n\t\t\t\t\t\t<div class=\"elementor-element elementor-element-dc9f354 elementor-widget elementor-widget-toggle\" data-id=\"dc9f354\" data-element_type=\"widget\" data-widget_type=\"toggle.default\">\n\t\t\t\t<div class=\"elementor-widget-container\">\n\t\t\t\t\t\t\t<div class=\"elementor-toggle\">\n\t\t\t\t\t\t\t<div class=\"elementor-toggle-item\">\n\t\t\t\t\t<div id=\"elementor-tab-title-2311\" class=\"elementor-tab-title\" data-tab=\"1\" role=\"button\" aria-controls=\"elementor-tab-content-2311\" aria-expanded=\"false\">\n\t\t\t\t\t\t\t\t\t\t\t\t<span class=\"elementor-toggle-icon elementor-toggle-icon-right\" aria-hidden=\"true\">\n\t\t\t\t\t\t\t\t\t\t\t\t\t\t\t<span class=\"elementor-toggle-icon-closed\"><i class=\"fas fa-otter\"><\/i><\/span>\n\t\t\t\t\t\t\t\t<span class=\"elementor-toggle-icon-opened\"><i class=\"elementor-toggle-icon-opened fas fa-caret-up\"><\/i><\/span>\n\t\t\t\t\t\t\t\t\t\t\t\t\t<\/span>\n\t\t\t\t\t\t\t\t\t\t\t\t<a class=\"elementor-toggle-title\" tabindex=\"0\">Jak dotrze\u0107 do Gadolandu?<\/a>\n\t\t\t\t\t<\/div>\n\n\t\t\t\t\t<div id=\"elementor-tab-content-2311\" class=\"elementor-tab-content elementor-clearfix\" data-tab=\"1\" role=\"region\" aria-labelledby=\"elementor-tab-title-2311\"><p>Gadoland znajduje si\u0119 na parterze Aquacentrum Reda (Aquapark Reda), obok akwarium z rekinami, naprzeciwko szatni.<\/p><\/div>\n\t\t\t\t<\/div>\n\t\t\t\t\t\t\t<div class=\"elementor-toggle-item\">\n\t\t\t\t\t<div id=\"elementor-tab-title-2312\" class=\"elementor-tab-title\" data-tab=\"2\" role=\"button\" aria-controls=\"elementor-tab-content-2312\" aria-expanded=\"false\">\n\t\t\t\t\t\t\t\t\t\t\t\t<span class=\"elementor-toggle-icon elementor-toggle-icon-right\" aria-hidden=\"true\">\n\t\t\t\t\t\t\t\t\t\t\t\t\t\t\t<span class=\"elementor-toggle-icon-closed\"><i class=\"fas fa-otter\"><\/i><\/span>\n\t\t\t\t\t\t\t\t<span class=\"elementor-toggle-icon-opened\"><i class=\"elementor-toggle-icon-opened fas fa-caret-up\"><\/i><\/span>\n\t\t\t\t\t\t\t\t\t\t\t\t\t<\/span>\n\t\t\t\t\t\t\t\t\t\t\t\t<a class=\"elementor-toggle-title\" tabindex=\"0\">   Czy mog\u0119 kupi\u0107 bilet ONLINE? <\/a>\n\t\t\t\t\t<\/div>\n\n\t\t\t\t\t<div id=\"elementor-tab-content-2312\" class=\"elementor-tab-content elementor-clearfix\" data-tab=\"2\" role=\"region\" aria-labelledby=\"elementor-tab-title-2312\"><div>Oczywi\u015bcie! Mo\u017cna zakupi\u0107 bilet uprawniaj\u0105cy do wej\u015bcia na wystaw\u0119, w formie ONLINE.\u00a0 Wystarczy wej\u015b\u0107 na oficjaln\u0105 stron\u0119 Aquaparku Reda &#8211; zak\u0142adka KUP ONLINE &#8211; <a href=\"https:\/\/www.aquaparkreda.pl\/kup-bilet\">https:\/\/www.aquaparkreda.pl\/kup-bilet<\/a><\/div><div>Przy kasie wystarczy pokaza\u0107 bilet wydrukowany lub wygenerowany, na urz\u0105dzeniu mobilnym.<\/div><\/div>\n\t\t\t\t<\/div>\n\t\t\t\t\t\t\t<div class=\"elementor-toggle-item\">\n\t\t\t\t\t<div id=\"elementor-tab-title-2313\" class=\"elementor-tab-title\" data-tab=\"3\" role=\"button\" aria-controls=\"elementor-tab-content-2313\" aria-expanded=\"false\">\n\t\t\t\t\t\t\t\t\t\t\t\t<span class=\"elementor-toggle-icon elementor-toggle-icon-right\" aria-hidden=\"true\">\n\t\t\t\t\t\t\t\t\t\t\t\t\t\t\t<span class=\"elementor-toggle-icon-closed\"><i class=\"fas fa-otter\"><\/i><\/span>\n\t\t\t\t\t\t\t\t<span class=\"elementor-toggle-icon-opened\"><i class=\"elementor-toggle-icon-opened fas fa-caret-up\"><\/i><\/span>\n\t\t\t\t\t\t\t\t\t\t\t\t\t<\/span>\n\t\t\t\t\t\t\t\t\t\t\t\t<a class=\"elementor-toggle-title\" tabindex=\"0\">Czy zwierz\u0119ta s\u0105 \u017cywe?<\/a>\n\t\t\t\t\t<\/div>\n\n\t\t\t\t\t<div id=\"elementor-tab-content-2313\" class=\"elementor-tab-content elementor-clearfix\" data-tab=\"3\" role=\"region\" aria-labelledby=\"elementor-tab-title-2313\"><p>Wielu odwiedzaj\u0105cych odnosi wra\u017cenie, \u017ce niekt\u00f3re gady s\u0105 sztuczne. Zapewniamy, \u017ce ka\u017cdy okaz jest prawdziwy, a wyj\u0105tek stanowi sk\u00f3ra w\u0119\u017ca, szkielety gad\u00f3w oraz wylinki naszych podopiecznych.<\/p><\/div>\n\t\t\t\t<\/div>\n\t\t\t\t\t\t\t<div class=\"elementor-toggle-item\">\n\t\t\t\t\t<div id=\"elementor-tab-title-2314\" class=\"elementor-tab-title\" data-tab=\"4\" role=\"button\" aria-controls=\"elementor-tab-content-2314\" aria-expanded=\"false\">\n\t\t\t\t\t\t\t\t\t\t\t\t<span class=\"elementor-toggle-icon elementor-toggle-icon-right\" aria-hidden=\"true\">\n\t\t\t\t\t\t\t\t\t\t\t\t\t\t\t<span class=\"elementor-toggle-icon-closed\"><i class=\"fas fa-otter\"><\/i><\/span>\n\t\t\t\t\t\t\t\t<span class=\"elementor-toggle-icon-opened\"><i class=\"elementor-toggle-icon-opened fas fa-caret-up\"><\/i><\/span>\n\t\t\t\t\t\t\t\t\t\t\t\t\t<\/span>\n\t\t\t\t\t\t\t\t\t\t\t\t<a class=\"elementor-toggle-title\" tabindex=\"0\"> Chcia\u0142bym dowiedzie\u0107 si\u0119 wi\u0119cej o Fundacji Anakonda<\/a>\n\t\t\t\t\t<\/div>\n\n\t\t\t\t\t<div id=\"elementor-tab-content-2314\" class=\"elementor-tab-content elementor-clearfix\" data-tab=\"4\" role=\"region\" aria-labelledby=\"elementor-tab-title-2314\"><p>Fundacja za\u0142o\u017cona przez Magdalen\u0119 i Mariusza pomaga ratowa\u0107 zwierz\u0119ta egzotyczne. Wi\u0119cej mo\u017cna dowiedzie\u0107 si\u0119 w zak\u0142adce: Fundacja Anakonda lub odwiedzi\u0107 profil na Facebooku: <a href=\"https:\/\/www.facebook.com\/fundacjaanakonda\/\">https:\/\/www.facebook.com\/fundacjaanakonda\/<\/a><\/p><div id=\"simple-translate\" class=\"simple-translate-system-theme\"><div><div class=\"simple-translate-button isShow\" style=\"background-image: url('moz-extension:\/\/fa12f1db-d5c6-4185-8389-3b533d29c508\/icons\/512.png'); height: 22px; width: 22px; top: 44px; left: 0px;\">\u00a0<\/div><div class=\"simple-translate-panel \" style=\"width: 300px; height: 200px; top: 0px; left: 0px; font-size: 13px;\"><div class=\"simple-translate-result-wrapper\" style=\"overflow: hidden;\"><div class=\"simple-translate-move\" draggable=\"true\">\u00a0<\/div><div class=\"simple-translate-result-contents\"><p class=\"simple-translate-result\" dir=\"auto\">\u00a0<\/p><p class=\"simple-translate-candidate\" dir=\"auto\">\u00a0<\/p><\/div><\/div><\/div><\/div><\/div><\/div>\n\t\t\t\t<\/div>\n\t\t\t\t\t\t\t<div class=\"elementor-toggle-item\">\n\t\t\t\t\t<div id=\"elementor-tab-title-2315\" class=\"elementor-tab-title\" data-tab=\"5\" role=\"button\" aria-controls=\"elementor-tab-content-2315\" aria-expanded=\"false\">\n\t\t\t\t\t\t\t\t\t\t\t\t<span class=\"elementor-toggle-icon elementor-toggle-icon-right\" aria-hidden=\"true\">\n\t\t\t\t\t\t\t\t\t\t\t\t\t\t\t<span class=\"elementor-toggle-icon-closed\"><i class=\"fas fa-otter\"><\/i><\/span>\n\t\t\t\t\t\t\t\t<span class=\"elementor-toggle-icon-opened\"><i class=\"elementor-toggle-icon-opened fas fa-caret-up\"><\/i><\/span>\n\t\t\t\t\t\t\t\t\t\t\t\t\t<\/span>\n\t\t\t\t\t\t\t\t\t\t\t\t<a class=\"elementor-toggle-title\" tabindex=\"0\"> Czy mog\u0119 zobaczy\u0107 karmienie gad\u00f3w?<\/a>\n\t\t\t\t\t<\/div>\n\n\t\t\t\t\t<div id=\"elementor-tab-content-2315\" class=\"elementor-tab-content elementor-clearfix\" data-tab=\"5\" role=\"region\" aria-labelledby=\"elementor-tab-title-2315\"><p>Tak, jest taka mo\u017cliwo\u015b\u0107.<\/p><p>W ka\u017cdy I i III czwartek miesi\u0105ca (na Facebooku jest harmonogram aktualnych wydarze\u0144), w godzinach od 17:00-19:00 odbywa si\u0119 tak\u017ce cykliczne wydarzenie pt. &#8222;Czwartkowe obiadki u gad\u00f3w&#8221;. W\u0142a\u015bciciel i opiekun zwierz\u0105t oprowadza odwiedzaj\u0105cych po wystawie zwierz\u0105t egzotycznych, omawia wybrane gatunki i ciekawostki z ich \u015bwiata oraz karmi wybrane gady. W wydarzeniu mo\u017ce wzi\u0105\u0107 udzia\u0142 maksymalnie 20 os\u00f3b, a cena za bilet to 35 pln\/osoba. Podczas cyklicznego eventu wystawa jest niedost\u0119pna dla innych zwiedzaj\u0105cych. Nale\u017cy pami\u0119ta\u0107, \u017ce w tym czasie dzieci i m\u0142odzie\u017c do 14 roku \u017cycia mog\u0105 przebywa\u0107 na wystawie wy\u0142\u0105cznie w obecno\u015bci opiekuna.<\/p><div>Bilety na Czwartkowe obiadki u gad\u00f3w mo\u017cesz kupi\u0107 online, tutaj:\u00a0<\/div><div><a href=\"https:\/\/www.aquaparkreda.pl\/kup-bilet\">https:\/\/www.aquaparkreda.pl\/kup-bilet<\/a><\/div><\/div>\n\t\t\t\t<\/div>\n\t\t\t\t\t\t\t<div class=\"elementor-toggle-item\">\n\t\t\t\t\t<div id=\"elementor-tab-title-2316\" class=\"elementor-tab-title\" data-tab=\"6\" role=\"button\" aria-controls=\"elementor-tab-content-2316\" aria-expanded=\"false\">\n\t\t\t\t\t\t\t\t\t\t\t\t<span class=\"elementor-toggle-icon elementor-toggle-icon-right\" aria-hidden=\"true\">\n\t\t\t\t\t\t\t\t\t\t\t\t\t\t\t<span class=\"elementor-toggle-icon-closed\"><i class=\"fas fa-otter\"><\/i><\/span>\n\t\t\t\t\t\t\t\t<span class=\"elementor-toggle-icon-opened\"><i class=\"elementor-toggle-icon-opened fas fa-caret-up\"><\/i><\/span>\n\t\t\t\t\t\t\t\t\t\t\t\t\t<\/span>\n\t\t\t\t\t\t\t\t\t\t\t\t<a class=\"elementor-toggle-title\" tabindex=\"0\"> Jak um\u00f3wi\u0107 si\u0119 na oprowadzanie po Gadolandzie?<\/a>\n\t\t\t\t\t<\/div>\n\n\t\t\t\t\t<div id=\"elementor-tab-content-2316\" class=\"elementor-tab-content elementor-clearfix\" data-tab=\"6\" role=\"region\" aria-labelledby=\"elementor-tab-title-2316\"><p>Oprowadzanie po Gadolandzie, okre\u015blane inaczej POGADANK\u0104 o gadach, to zwiedzanie wystawy wraz z przewodnikiem. <br \/>Mariusz jest w\u0142a\u015bcicielem wszystkich zwierz\u0105t na wystawie i organizuje oprowadzanie po Gadolandzie dla os\u00f3b indywidualnych oraz grup. <br \/>Koszt wynosi 80 PLN i jest to koszt jednorazowy dla os\u00f3b indywidualnych oraz grup do 15 os\u00f3b. Opr\u00f3cz tego, nale\u017cy op\u0142aci\u0107 koszt wst\u0119pu na wystaw\u0119, wed\u0142ug obowi\u0105zuj\u0105cego cennika. Czas takiej POGADANKI jest zale\u017cny od zainteresowania odwiedzaj\u0105cych i waha si\u0119 od 30 min &#8211; 1,5 h. <br \/>Na pogadank\u0119 nale\u017cy um\u00f3wi\u0107 si\u0119 z wyprzedzeniem. Mo\u017cna zrobi\u0107 to na kilka sposob\u00f3w:<br \/>&#8211; przez Social Media (Messenger \/ DM na Instagramie)<br \/>&#8211; zadzwoni\u0107 &#8211; 511-511-551<br \/>&#8211; wype\u0142ni\u0107 formularz kontaktowy, kt\u00f3ry znajdziesz <a href=\"\/kontakt\">tutaj<\/a>.<\/p><\/div>\n\t\t\t\t<\/div>\n\t\t\t\t\t\t\t\t<\/div>\n\t\t\t\t\t\t<\/div>\n\t\t\t\t<\/div>\n\t\t\t\t\t<\/div>\n\t\t<\/div>\n\t\t\t\t\t<\/div>\n\t\t<\/section>\n\t\t\t\t<section class=\"elementor-section elementor-top-section elementor-element elementor-element-5ac6d8f elementor-section-boxed elementor-section-height-default elementor-section-height-default\" data-id=\"5ac6d8f\" data-element_type=\"section\">\n\t\t\t\t\t\t\t<div class=\"elementor-background-overlay\"><\/div>\n\t\t\t\t\t\t\t<div class=\"elementor-container elementor-column-gap-default\">\n\t\t\t\t\t<div class=\"elementor-column elementor-col-100 elementor-top-column elementor-element elementor-element-1a02ad7\" data-id=\"1a02ad7\" data-element_type=\"column\" data-settings=\"{&quot;background_background&quot;:&quot;classic&quot;}\">\n\t\t\t<div class=\"elementor-widget-wrap elementor-element-populated\">\n\t\t\t\t\t\t<div class=\"elementor-element elementor-element-acf9a4e elementor-widget elementor-widget-spacer\" data-id=\"acf9a4e\" data-element_type=\"widget\" data-widget_type=\"spacer.default\">\n\t\t\t\t<div class=\"elementor-widget-container\">\n\t\t\t\t\t\t\t<div class=\"elementor-spacer\">\n\t\t\t<div class=\"elementor-spacer-inner\"><\/div>\n\t\t<\/div>\n\t\t\t\t\t\t<\/div>\n\t\t\t\t<\/div>\n\t\t\t\t<section class=\"elementor-section elementor-inner-section elementor-element elementor-element-80e1491 elementor-section-boxed elementor-section-height-default elementor-section-height-default\" data-id=\"80e1491\" data-element_type=\"section\">\n\t\t\t\t\t\t<div class=\"elementor-container elementor-column-gap-default\">\n\t\t\t\t\t<div class=\"elementor-column elementor-col-100 elementor-inner-column elementor-element elementor-element-897203e\" data-id=\"897203e\" data-element_type=\"column\">\n\t\t\t<div class=\"elementor-widget-wrap elementor-element-populated\">\n\t\t\t\t\t\t<div class=\"elementor-element elementor-element-25fecb5 elementor-widget elementor-widget-wildworld_heading\" data-id=\"25fecb5\" data-element_type=\"widget\" data-widget_type=\"wildworld_heading.default\">\n\t\t\t\t<div class=\"elementor-widget-container\">\n\t\t\t\t\t\n        <div class=\"wildworld_heading_widget\">\n                            <h3 class=\"wildworld_heading\">\n\n                    Masz wi\u0119cej <span>pyta\u0144?<\/span>                <\/h3>\n                        <\/div>\n        \t\t\t\t<\/div>\n\t\t\t\t<\/div>\n\t\t\t\t<div class=\"elementor-element elementor-element-e8e646c elementor-widget elementor-widget-spacer\" data-id=\"e8e646c\" data-element_type=\"widget\" data-widget_type=\"spacer.default\">\n\t\t\t\t<div class=\"elementor-widget-container\">\n\t\t\t\t\t\t\t<div class=\"elementor-spacer\">\n\t\t\t<div class=\"elementor-spacer-inner\"><\/div>\n\t\t<\/div>\n\t\t\t\t\t\t<\/div>\n\t\t\t\t<\/div>\n\t\t\t\t<div class=\"elementor-element elementor-element-b422028 elementor-widget elementor-widget-wildworld_button\" data-id=\"b422028\" data-element_type=\"widget\" data-widget_type=\"wildworld_button.default\">\n\t\t\t\t<div class=\"elementor-widget-container\">\n\t\t\t\t\t\n        <div class=\"wildworld_button_widget\">\n            <div class=\"wildworld_button_container\">\n                <a class=\"wildworld_button wildworld_button--primary\" href=\"https:\/\/gadoland.pl\/kontakt\/\" target=\"_blank\">zadzwo\u0144 lub napisz<\/a>\n            <\/div>\n        <\/div>\n        \t\t\t\t<\/div>\n\t\t\t\t<\/div>\n\t\t\t\t<div class=\"elementor-element elementor-element-0d86684 elementor-widget elementor-widget-spacer\" data-id=\"0d86684\" data-element_type=\"widget\" data-widget_type=\"spacer.default\">\n\t\t\t\t<div class=\"elementor-widget-container\">\n\t\t\t\t\t\t\t<div class=\"elementor-spacer\">\n\t\t\t<div class=\"elementor-spacer-inner\"><\/div>\n\t\t<\/div>\n\t\t\t\t\t\t<\/div>\n\t\t\t\t<\/div>\n\t\t\t\t\t<\/div>\n\t\t<\/div>\n\t\t\t\t\t<\/div>\n\t\t<\/section>\n\t\t\t\t<div class=\"elementor-element elementor-element-c020c23 elementor-widget elementor-widget-spacer\" data-id=\"c020c23\" data-element_type=\"widget\" data-widget_type=\"spacer.default\">\n\t\t\t\t<div class=\"elementor-widget-container\">\n\t\t\t\t\t\t\t<div class=\"elementor-spacer\">\n\t\t\t<div class=\"elementor-spacer-inner\"><\/div>\n\t\t<\/div>\n\t\t\t\t\t\t<\/div>\n\t\t\t\t<\/div>\n\t\t\t\t\t<\/div>\n\t\t<\/div>\n\t\t\t\t\t<\/div>\n\t\t<\/section>\n\t\t\t\t<\/div>\n\t\t","protected":false},"excerpt":{"rendered":"<p>Jak dotrze\u0107 do Gadolandu? Gadoland znajduje si\u0119 na parterze Aquacentrum Reda (Aquapark Reda), obok akwarium z rekinami, naprzeciwko szatni. Czy mog\u0119 kupi\u0107 bilet ONLINE? Oczywi\u015bcie! Mo\u017cna zakupi\u0107 bilet uprawniaj\u0105cy do wej\u015bcia na wystaw\u0119, w formie ONLINE.\u00a0 Wystarczy wej\u015b\u0107 na oficjaln\u0105 stron\u0119 Aquaparku Reda &#8211; zak\u0142adka KUP ONLINE &#8211; https:\/\/www.aquaparkreda.pl\/kup-biletPrzy kasie wystarczy pokaza\u0107 bilet wydrukowany lub [&hellip;]<\/p>\n","protected":false},"author":1,"featured_media":0,"parent":0,"menu_order":0,"comment_status":"closed","ping_status":"closed","template":"","meta":{"footnotes":""},"class_list":["post-77","page","type-page","status-publish","hentry"],"yoast_head":"<!-- This site is optimized with the Yoast SEO plugin v26.6 - https:\/\/yoast.com\/wordpress\/plugins\/seo\/ -->\n<title>FAQ - Gadoland<\/title>\n<meta name=\"robots\" content=\"index, follow, max-snippet:-1, max-image-preview:large, max-video-preview:-1\" \/>\n<link rel=\"canonical\" href=\"https:\/\/gadoland.pl\/pl_pl\/faq\/\" \/>\n<meta property=\"og:locale\" content=\"pl_PL\" \/>\n<meta property=\"og:type\" content=\"article\" \/>\n<meta property=\"og:title\" content=\"FAQ - Gadoland\" \/>\n<meta property=\"og:description\" content=\"Jak dotrze\u0107 do Gadolandu? Gadoland znajduje si\u0119 na parterze Aquacentrum Reda (Aquapark Reda), obok akwarium z rekinami, naprzeciwko szatni. Czy mog\u0119 kupi\u0107 bilet ONLINE? Oczywi\u015bcie! Mo\u017cna zakupi\u0107 bilet uprawniaj\u0105cy do wej\u015bcia na wystaw\u0119, w formie ONLINE.\u00a0 Wystarczy wej\u015b\u0107 na oficjaln\u0105 stron\u0119 Aquaparku Reda &#8211; zak\u0142adka KUP ONLINE &#8211; https:\/\/www.aquaparkreda.pl\/kup-biletPrzy kasie wystarczy pokaza\u0107 bilet wydrukowany lub [&hellip;]\" \/>\n<meta property=\"og:url\" content=\"https:\/\/gadoland.pl\/pl_pl\/faq\/\" \/>\n<meta property=\"og:site_name\" content=\"Gadoland\" \/>\n<meta property=\"article:modified_time\" content=\"2023-08-08T10:38:33+00:00\" \/>\n<meta name=\"twitter:card\" content=\"summary_large_image\" \/>\n<meta name=\"twitter:label1\" content=\"Szacowany czas czytania\" \/>\n\t<meta name=\"twitter:data1\" content=\"2 minuty\" \/>\n<script type=\"application\/ld+json\" class=\"yoast-schema-graph\">{\"@context\":\"https:\/\/schema.org\",\"@graph\":[{\"@type\":\"WebPage\",\"@id\":\"https:\/\/gadoland.pl\/pl_pl\/faq\/\",\"url\":\"https:\/\/gadoland.pl\/pl_pl\/faq\/\",\"name\":\"FAQ - Gadoland\",\"isPartOf\":{\"@id\":\"https:\/\/gadoland.pl\/pl_pl\/#website\"},\"datePublished\":\"2020-10-20T08:26:05+00:00\",\"dateModified\":\"2023-08-08T10:38:33+00:00\",\"breadcrumb\":{\"@id\":\"https:\/\/gadoland.pl\/pl_pl\/faq\/#breadcrumb\"},\"inLanguage\":\"pl-PL\",\"potentialAction\":[{\"@type\":\"ReadAction\",\"target\":[\"https:\/\/gadoland.pl\/pl_pl\/faq\/\"]}]},{\"@type\":\"BreadcrumbList\",\"@id\":\"https:\/\/gadoland.pl\/pl_pl\/faq\/#breadcrumb\",\"itemListElement\":[{\"@type\":\"ListItem\",\"position\":1,\"name\":\"Strona g\u0142\u00f3wna\",\"item\":\"https:\/\/gadoland.pl\/\"},{\"@type\":\"ListItem\",\"position\":2,\"name\":\"FAQ\"}]},{\"@type\":\"WebSite\",\"@id\":\"https:\/\/gadoland.pl\/pl_pl\/#website\",\"url\":\"https:\/\/gadoland.pl\/pl_pl\/\",\"name\":\"Gadoland\",\"description\":\"Gadoland\",\"publisher\":{\"@id\":\"https:\/\/gadoland.pl\/pl_pl\/#organization\"},\"potentialAction\":[{\"@type\":\"SearchAction\",\"target\":{\"@type\":\"EntryPoint\",\"urlTemplate\":\"https:\/\/gadoland.pl\/pl_pl\/?s={search_term_string}\"},\"query-input\":{\"@type\":\"PropertyValueSpecification\",\"valueRequired\":true,\"valueName\":\"search_term_string\"}}],\"inLanguage\":\"pl-PL\"},{\"@type\":\"Organization\",\"@id\":\"https:\/\/gadoland.pl\/pl_pl\/#organization\",\"name\":\"Gadoland\",\"url\":\"https:\/\/gadoland.pl\/pl_pl\/\",\"logo\":{\"@type\":\"ImageObject\",\"inLanguage\":\"pl-PL\",\"@id\":\"https:\/\/gadoland.pl\/pl_pl\/#\/schema\/logo\/image\/\",\"url\":\"\",\"contentUrl\":\"\",\"caption\":\"Gadoland\"},\"image\":{\"@id\":\"https:\/\/gadoland.pl\/pl_pl\/#\/schema\/logo\/image\/\"}}]}<\/script>\n<!-- \/ Yoast SEO plugin. -->","yoast_head_json":{"title":"FAQ - Gadoland","robots":{"index":"index","follow":"follow","max-snippet":"max-snippet:-1","max-image-preview":"max-image-preview:large","max-video-preview":"max-video-preview:-1"},"canonical":"https:\/\/gadoland.pl\/pl_pl\/faq\/","og_locale":"pl_PL","og_type":"article","og_title":"FAQ - Gadoland","og_description":"Jak dotrze\u0107 do Gadolandu? Gadoland znajduje si\u0119 na parterze Aquacentrum Reda (Aquapark Reda), obok akwarium z rekinami, naprzeciwko szatni. Czy mog\u0119 kupi\u0107 bilet ONLINE? Oczywi\u015bcie! Mo\u017cna zakupi\u0107 bilet uprawniaj\u0105cy do wej\u015bcia na wystaw\u0119, w formie ONLINE.\u00a0 Wystarczy wej\u015b\u0107 na oficjaln\u0105 stron\u0119 Aquaparku Reda &#8211; zak\u0142adka KUP ONLINE &#8211; https:\/\/www.aquaparkreda.pl\/kup-biletPrzy kasie wystarczy pokaza\u0107 bilet wydrukowany lub [&hellip;]","og_url":"https:\/\/gadoland.pl\/pl_pl\/faq\/","og_site_name":"Gadoland","article_modified_time":"2023-08-08T10:38:33+00:00","twitter_card":"summary_large_image","twitter_misc":{"Szacowany czas czytania":"2 minuty"},"schema":{"@context":"https:\/\/schema.org","@graph":[{"@type":"WebPage","@id":"https:\/\/gadoland.pl\/pl_pl\/faq\/","url":"https:\/\/gadoland.pl\/pl_pl\/faq\/","name":"FAQ - Gadoland","isPartOf":{"@id":"https:\/\/gadoland.pl\/pl_pl\/#website"},"datePublished":"2020-10-20T08:26:05+00:00","dateModified":"2023-08-08T10:38:33+00:00","breadcrumb":{"@id":"https:\/\/gadoland.pl\/pl_pl\/faq\/#breadcrumb"},"inLanguage":"pl-PL","potentialAction":[{"@type":"ReadAction","target":["https:\/\/gadoland.pl\/pl_pl\/faq\/"]}]},{"@type":"BreadcrumbList","@id":"https:\/\/gadoland.pl\/pl_pl\/faq\/#breadcrumb","itemListElement":[{"@type":"ListItem","position":1,"name":"Strona g\u0142\u00f3wna","item":"https:\/\/gadoland.pl\/"},{"@type":"ListItem","position":2,"name":"FAQ"}]},{"@type":"WebSite","@id":"https:\/\/gadoland.pl\/pl_pl\/#website","url":"https:\/\/gadoland.pl\/pl_pl\/","name":"Gadoland","description":"Gadoland","publisher":{"@id":"https:\/\/gadoland.pl\/pl_pl\/#organization"},"potentialAction":[{"@type":"SearchAction","target":{"@type":"EntryPoint","urlTemplate":"https:\/\/gadoland.pl\/pl_pl\/?s={search_term_string}"},"query-input":{"@type":"PropertyValueSpecification","valueRequired":true,"valueName":"search_term_string"}}],"inLanguage":"pl-PL"},{"@type":"Organization","@id":"https:\/\/gadoland.pl\/pl_pl\/#organization","name":"Gadoland","url":"https:\/\/gadoland.pl\/pl_pl\/","logo":{"@type":"ImageObject","inLanguage":"pl-PL","@id":"https:\/\/gadoland.pl\/pl_pl\/#\/schema\/logo\/image\/","url":"","contentUrl":"","caption":"Gadoland"},"image":{"@id":"https:\/\/gadoland.pl\/pl_pl\/#\/schema\/logo\/image\/"}}]}},"_links":{"self":[{"href":"https:\/\/gadoland.pl\/pl_pl\/wp-json\/wp\/v2\/pages\/77","targetHints":{"allow":["GET"]}}],"collection":[{"href":"https:\/\/gadoland.pl\/pl_pl\/wp-json\/wp\/v2\/pages"}],"about":[{"href":"https:\/\/gadoland.pl\/pl_pl\/wp-json\/wp\/v2\/types\/page"}],"author":[{"embeddable":true,"href":"https:\/\/gadoland.pl\/pl_pl\/wp-json\/wp\/v2\/users\/1"}],"replies":[{"embeddable":true,"href":"https:\/\/gadoland.pl\/pl_pl\/wp-json\/wp\/v2\/comments?post=77"}],"version-history":[{"count":286,"href":"https:\/\/gadoland.pl\/pl_pl\/wp-json\/wp\/v2\/pages\/77\/revisions"}],"predecessor-version":[{"id":6848,"href":"https:\/\/gadoland.pl\/pl_pl\/wp-json\/wp\/v2\/pages\/77\/revisions\/6848"}],"wp:attachment":[{"href":"https:\/\/gadoland.pl\/pl_pl\/wp-json\/wp\/v2\/media?parent=77"}],"curies":[{"name":"wp","href":"https:\/\/api.w.org\/{rel}","templated":true}]}}