{"id":4366,"date":"2023-05-30T14:16:26","date_gmt":"2023-05-30T12:16:26","guid":{"rendered":"https:\/\/gadoland.pl\/?page_id=4366"},"modified":"2023-08-08T12:42:14","modified_gmt":"2023-08-08T10:42:14","slug":"regulamin","status":"publish","type":"page","link":"https:\/\/gadoland.pl\/pl_pl\/regulamin\/","title":{"rendered":"Regulamin"},"content":{"rendered":"\t\t<div data-elementor-type=\"wp-page\" data-elementor-id=\"4366\" class=\"elementor elementor-4366\">\n\t\t\t\t\t\t<section class=\"elementor-section elementor-top-section elementor-element elementor-element-45eeaec elementor-section-boxed elementor-section-height-default elementor-section-height-default\" data-id=\"45eeaec\" data-element_type=\"section\">\n\t\t\t\t\t\t<div class=\"elementor-container elementor-column-gap-default\">\n\t\t\t\t\t<div class=\"elementor-column elementor-col-100 elementor-top-column elementor-element elementor-element-d11be35\" data-id=\"d11be35\" data-element_type=\"column\">\n\t\t\t<div class=\"elementor-widget-wrap elementor-element-populated\">\n\t\t\t\t\t\t<div class=\"elementor-element elementor-element-d819bbf elementor-widget elementor-widget-text-editor\" data-id=\"d819bbf\" data-element_type=\"widget\" data-widget_type=\"text-editor.default\">\n\t\t\t\t<div class=\"elementor-widget-container\">\n\t\t\t\t\t\t\t\t\t<p><strong>R<\/strong><b>EGULAMIN WYSTAWY ZWIERZ\u0104T EGZOTYCZNYCH GADOLAND<\/b><\/p>\n<p>1.&nbsp;&nbsp; Niniejszy regulamin dotyczy os\u00f3b odwiedzaj\u0105cych Gadoland, a wej\u015bcie na wystaw\u0119 jest r\u00f3wnoznaczne z akceptacj\u0105 regulaminu;<br>2.&nbsp;&nbsp; Wystawa zwierz\u0105t egzotycznych Gadoland prowadzona jest przez Zesp\u00f3\u0142 Basen\u00f3w Rekreacyjnych w Redzie sp. z o. o w Gdyni, z siedzib\u0105 w Gdyni (81-313) przy ul. Tatrza\u0144skiej 10, KRS 0000445452;<br>3.&nbsp;&nbsp; Wystawa czynna jest codziennie od 10:00 do 18:00;<br>4.&nbsp;&nbsp; Op\u0142ata za wej\u015bcie do Gadolandu naliczana jest wed\u0142ug aktualnie obowi\u0105zuj\u0105cego cennika i pobierana od ka\u017cdej osoby, kt\u00f3ra uko\u0144czy\u0142a trzeci rok \u017cycia;<br>5.&nbsp;&nbsp; Bilet wst\u0119pu uprawnia do jednokrotnego wej\u015bcia na wystaw\u0119. Nie mo\u017cna go przekaza\u0107 lub odsprzeda\u0107 innej osobie;<br>6.&nbsp;&nbsp; Wej\u015bcie na wystaw\u0119 jest mo\u017cliwe dla wszystkich, jednak dzieci poni\u017cej 12 lat mog\u0105 przebywa\u0107 na jej terenie tylko pod opiek\u0105 osoby pe\u0142noletniej. W takiej sytuacji opiekun jest r\u00f3wnie\u017c zobowi\u0105zany do wykupienia biletu;<br>7.&nbsp;&nbsp; W przypadku zorganizowanych grup, konieczna jest obecno\u015b\u0107 minimum jednego pe\u0142noletniego opiekuna na 15 dzieci;<br>8.&nbsp;&nbsp; Zabrania si\u0119 wprowadzania zwierz\u0105t na teren wystawy;<br>9.&nbsp;&nbsp; Za wszelkie szkody wyrz\u0105dzone przez dzieci odpowiadaj\u0105 rodzice lub opiekunowie. Gadoland nie odpowiada za szkody wyrz\u0105dzone przez dzieci innym dzieciom, wynikaj\u0105ce z pozostawienia dzieci bez opieki ani te\u017c za szkody doznane na skutek nie stosowania si\u0119 do regulaminu;<br>10.&nbsp;&nbsp; Na terenie wystawy zabronione jest spo\u017cywanie alkoholu, u\u017cywek oraz palenie papieros\u00f3w;<br>11.&nbsp;&nbsp; Na terenie Gadolandu nale\u017cy zachowa\u0107 cisz\u0119 i nie dokarmia\u0107 zwierz\u0105t (chyba, \u017ce za zgod\u0105 w\u0142a\u015bciciela lub opiekuna zwierz\u0105t);<br>12.&nbsp;&nbsp; Na terenie wystawy obowi\u0105zuje zakaz biegania, pukania w szyby oraz ha\u0142a\u015bliwego oraz naruszaj\u0105cego dobre obyczaje zachowania. Zdj\u0119cia mo\u017cna wykonywa\u0107, bez u\u017cycia lampy b\u0142yskowej; <br>13.&nbsp;&nbsp; Zesp\u00f3\u0142 Basen\u00f3w Rekreacyjnych w Redzie sp\u00f3\u0142ka z o. o. zastrzega sobie prawo do rejestrowania i &nbsp;udost\u0119pniana wizerunk\u00f3w os\u00f3b przebywaj\u0105cych na terenie wystawy Gadoland na stronie internetowej Aquaparku Reda, na profilu medi\u00f3w spo\u0142eczno\u015bciowych (Facebook, Instagram, Tik Tok, YouTube), na co odwiedzaj\u0105cy wyra\u017ca zgod\u0119. Osoba, kt\u00f3rej wizerunek zosta\u0142 udost\u0119pniony, ma prawo \u017c\u0105da\u0107 jego usuni\u0119cia. <br>14.&nbsp;&nbsp; Osoby nieprzestrzegaj\u0105ce regulaminu, zak\u0142\u00f3caj\u0105ce spok\u00f3j oraz powoduj\u0105ce zagro\u017cenie dla zwierz\u0105t lub innych przebywaj\u0105cych na terenie Gadolandu b\u0119d\u0105 wypraszane z terenu wystawy bez mo\u017cliwo\u015bci zwrotu op\u0142aty za bilet.<br>15.&nbsp;&nbsp; Regulamin wchodzi w \u017cycie z dniem og\u0142oszenia. Zesp\u00f3\u0142 Basen\u00f3w Rekreacyjnych w Redzie sp. z o. o. zastrzega sobie prawo do zmiany regulaminu w dowolnym momencie;<br>16.&nbsp;&nbsp; Za rzeczy pozostawione bez nadzoru na terenie Obiektu, kierownictwo Obiektu nie odpowiada.<br>17.&nbsp;&nbsp; Uwagi i wnioski nale\u017cy zg\u0142asza\u0107 w punkcie informacji.<br>18.&nbsp;&nbsp; Administratorem danych osobowych jest Zesp\u00f3\u0142 Basen\u00f3w Rekreacyjnych w Redzie sp\u00f3\u0142ka z ograniczon\u0105 odpowiedzialno\u015bci\u0105 z siedzib\u0105 w Gdyni (81-313) przy ul. Tatrza\u0144skiej 10. Dane przetwarzane s\u0105 w celach marketingowych, zapewnienia bezpiecze\u0144stwa i umo\u017cliwienia \u015bwiadczenia us\u0142ugi. Podstaw\u0119 prawn\u0105 przetwarzania danych osobowych stanowi art. 6 ust. 1 lit. a Rozporz\u0105dzenia Parlamentu Europejskiego i Rady (UE) 2016\/679 z dnia 27 kwietnia 2016 r. w sprawie ochrony os\u00f3b fizycznych w zwi\u0105zku z przetwarzaniem danych osobowych i w sprawie swobodnego przep\u0142ywu takich danych oraz uchylenia dyrektywy 95\/46\/WE (og\u00f3lne rozporz\u0105dzenie o ochronie danych). Osobom, kt\u00f3rych dane s\u0105 przetwarzane, przys\u0142uguje prawo dost\u0119pu do nich, poprawiania, usuwania, sprzeciwu wobec ich przetwarzania oraz \u017c\u0105dania ich przeniesienia do innego administratora danych. Dane przetwarzane b\u0119d\u0105 przez okres niezb\u0119dny do wykonania us\u0142ugi.<\/p>\n<p>Reda, 06.08.2021 r.<br>ZARZ\u0104D ZESPO\u0141U BASEN\u00d3W REKREACYJNYCH W REDZIE Sp. Z o.o.<\/p>\t\t\t\t\t\t\t\t<\/div>\n\t\t\t\t<\/div>\n\t\t\t\t\t<\/div>\n\t\t<\/div>\n\t\t\t\t\t<\/div>\n\t\t<\/section>\n\t\t\t\t<\/div>\n\t\t","protected":false},"excerpt":{"rendered":"<p>REGULAMIN WYSTAWY ZWIERZ\u0104T EGZOTYCZNYCH GADOLAND 1.&nbsp;&nbsp; Niniejszy regulamin dotyczy os\u00f3b odwiedzaj\u0105cych Gadoland, a wej\u015bcie na wystaw\u0119 jest r\u00f3wnoznaczne z akceptacj\u0105 regulaminu;2.&nbsp;&nbsp; Wystawa zwierz\u0105t egzotycznych Gadoland prowadzona jest przez Zesp\u00f3\u0142 Basen\u00f3w Rekreacyjnych w Redzie sp. z o. o w Gdyni, z siedzib\u0105 w Gdyni (81-313) przy ul. Tatrza\u0144skiej 10, KRS 0000445452;3.&nbsp;&nbsp; Wystawa czynna jest codziennie od [&hellip;]<\/p>\n","protected":false},"author":1,"featured_media":0,"parent":0,"menu_order":0,"comment_status":"closed","ping_status":"closed","template":"","meta":{"footnotes":""},"class_list":["post-4366","page","type-page","status-publish","hentry"],"yoast_head":"<!-- This site is optimized with the Yoast SEO plugin v26.6 - https:\/\/yoast.com\/wordpress\/plugins\/seo\/ -->\n<title>Regulamin - Gadoland<\/title>\n<meta name=\"robots\" content=\"index, follow, max-snippet:-1, max-image-preview:large, max-video-preview:-1\" \/>\n<link rel=\"canonical\" href=\"https:\/\/gadoland.pl\/pl_pl\/regulamin\/\" \/>\n<meta property=\"og:locale\" content=\"pl_PL\" \/>\n<meta property=\"og:type\" content=\"article\" \/>\n<meta property=\"og:title\" content=\"Regulamin - Gadoland\" \/>\n<meta property=\"og:description\" content=\"REGULAMIN WYSTAWY ZWIERZ\u0104T EGZOTYCZNYCH GADOLAND 1.&nbsp;&nbsp; Niniejszy regulamin dotyczy os\u00f3b odwiedzaj\u0105cych Gadoland, a wej\u015bcie na wystaw\u0119 jest r\u00f3wnoznaczne z akceptacj\u0105 regulaminu;2.&nbsp;&nbsp; Wystawa zwierz\u0105t egzotycznych Gadoland prowadzona jest przez Zesp\u00f3\u0142 Basen\u00f3w Rekreacyjnych w Redzie sp. z o. o w Gdyni, z siedzib\u0105 w Gdyni (81-313) przy ul. Tatrza\u0144skiej 10, KRS 0000445452;3.&nbsp;&nbsp; Wystawa czynna jest codziennie od [&hellip;]\" \/>\n<meta property=\"og:url\" content=\"https:\/\/gadoland.pl\/pl_pl\/regulamin\/\" \/>\n<meta property=\"og:site_name\" content=\"Gadoland\" \/>\n<meta property=\"article:modified_time\" content=\"2023-08-08T10:42:14+00:00\" \/>\n<meta name=\"twitter:card\" content=\"summary_large_image\" \/>\n<meta name=\"twitter:label1\" content=\"Szacowany czas czytania\" \/>\n\t<meta name=\"twitter:data1\" content=\"3 minuty\" \/>\n<script type=\"application\/ld+json\" class=\"yoast-schema-graph\">{\"@context\":\"https:\/\/schema.org\",\"@graph\":[{\"@type\":\"WebPage\",\"@id\":\"https:\/\/gadoland.pl\/regulamin\/\",\"url\":\"https:\/\/gadoland.pl\/regulamin\/\",\"name\":\"Regulamin - Gadoland\",\"isPartOf\":{\"@id\":\"https:\/\/gadoland.pl\/pl_pl\/#website\"},\"datePublished\":\"2023-05-30T12:16:26+00:00\",\"dateModified\":\"2023-08-08T10:42:14+00:00\",\"breadcrumb\":{\"@id\":\"https:\/\/gadoland.pl\/regulamin\/#breadcrumb\"},\"inLanguage\":\"pl-PL\",\"potentialAction\":[{\"@type\":\"ReadAction\",\"target\":[\"https:\/\/gadoland.pl\/regulamin\/\"]}]},{\"@type\":\"BreadcrumbList\",\"@id\":\"https:\/\/gadoland.pl\/regulamin\/#breadcrumb\",\"itemListElement\":[{\"@type\":\"ListItem\",\"position\":1,\"name\":\"Strona g\u0142\u00f3wna\",\"item\":\"https:\/\/gadoland.pl\/\"},{\"@type\":\"ListItem\",\"position\":2,\"name\":\"Regulamin\"}]},{\"@type\":\"WebSite\",\"@id\":\"https:\/\/gadoland.pl\/pl_pl\/#website\",\"url\":\"https:\/\/gadoland.pl\/pl_pl\/\",\"name\":\"Gadoland\",\"description\":\"Gadoland\",\"publisher\":{\"@id\":\"https:\/\/gadoland.pl\/pl_pl\/#organization\"},\"potentialAction\":[{\"@type\":\"SearchAction\",\"target\":{\"@type\":\"EntryPoint\",\"urlTemplate\":\"https:\/\/gadoland.pl\/pl_pl\/?s={search_term_string}\"},\"query-input\":{\"@type\":\"PropertyValueSpecification\",\"valueRequired\":true,\"valueName\":\"search_term_string\"}}],\"inLanguage\":\"pl-PL\"},{\"@type\":\"Organization\",\"@id\":\"https:\/\/gadoland.pl\/pl_pl\/#organization\",\"name\":\"Gadoland\",\"url\":\"https:\/\/gadoland.pl\/pl_pl\/\",\"logo\":{\"@type\":\"ImageObject\",\"inLanguage\":\"pl-PL\",\"@id\":\"https:\/\/gadoland.pl\/pl_pl\/#\/schema\/logo\/image\/\",\"url\":\"\",\"contentUrl\":\"\",\"caption\":\"Gadoland\"},\"image\":{\"@id\":\"https:\/\/gadoland.pl\/pl_pl\/#\/schema\/logo\/image\/\"}}]}<\/script>\n<!-- \/ Yoast SEO plugin. -->","yoast_head_json":{"title":"Regulamin - Gadoland","robots":{"index":"index","follow":"follow","max-snippet":"max-snippet:-1","max-image-preview":"max-image-preview:large","max-video-preview":"max-video-preview:-1"},"canonical":"https:\/\/gadoland.pl\/pl_pl\/regulamin\/","og_locale":"pl_PL","og_type":"article","og_title":"Regulamin - Gadoland","og_description":"REGULAMIN WYSTAWY ZWIERZ\u0104T EGZOTYCZNYCH GADOLAND 1.&nbsp;&nbsp; Niniejszy regulamin dotyczy os\u00f3b odwiedzaj\u0105cych Gadoland, a wej\u015bcie na wystaw\u0119 jest r\u00f3wnoznaczne z akceptacj\u0105 regulaminu;2.&nbsp;&nbsp; Wystawa zwierz\u0105t egzotycznych Gadoland prowadzona jest przez Zesp\u00f3\u0142 Basen\u00f3w Rekreacyjnych w Redzie sp. z o. o w Gdyni, z siedzib\u0105 w Gdyni (81-313) przy ul. Tatrza\u0144skiej 10, KRS 0000445452;3.&nbsp;&nbsp; Wystawa czynna jest codziennie od [&hellip;]","og_url":"https:\/\/gadoland.pl\/pl_pl\/regulamin\/","og_site_name":"Gadoland","article_modified_time":"2023-08-08T10:42:14+00:00","twitter_card":"summary_large_image","twitter_misc":{"Szacowany czas czytania":"3 minuty"},"schema":{"@context":"https:\/\/schema.org","@graph":[{"@type":"WebPage","@id":"https:\/\/gadoland.pl\/regulamin\/","url":"https:\/\/gadoland.pl\/regulamin\/","name":"Regulamin - Gadoland","isPartOf":{"@id":"https:\/\/gadoland.pl\/pl_pl\/#website"},"datePublished":"2023-05-30T12:16:26+00:00","dateModified":"2023-08-08T10:42:14+00:00","breadcrumb":{"@id":"https:\/\/gadoland.pl\/regulamin\/#breadcrumb"},"inLanguage":"pl-PL","potentialAction":[{"@type":"ReadAction","target":["https:\/\/gadoland.pl\/regulamin\/"]}]},{"@type":"BreadcrumbList","@id":"https:\/\/gadoland.pl\/regulamin\/#breadcrumb","itemListElement":[{"@type":"ListItem","position":1,"name":"Strona g\u0142\u00f3wna","item":"https:\/\/gadoland.pl\/"},{"@type":"ListItem","position":2,"name":"Regulamin"}]},{"@type":"WebSite","@id":"https:\/\/gadoland.pl\/pl_pl\/#website","url":"https:\/\/gadoland.pl\/pl_pl\/","name":"Gadoland","description":"Gadoland","publisher":{"@id":"https:\/\/gadoland.pl\/pl_pl\/#organization"},"potentialAction":[{"@type":"SearchAction","target":{"@type":"EntryPoint","urlTemplate":"https:\/\/gadoland.pl\/pl_pl\/?s={search_term_string}"},"query-input":{"@type":"PropertyValueSpecification","valueRequired":true,"valueName":"search_term_string"}}],"inLanguage":"pl-PL"},{"@type":"Organization","@id":"https:\/\/gadoland.pl\/pl_pl\/#organization","name":"Gadoland","url":"https:\/\/gadoland.pl\/pl_pl\/","logo":{"@type":"ImageObject","inLanguage":"pl-PL","@id":"https:\/\/gadoland.pl\/pl_pl\/#\/schema\/logo\/image\/","url":"","contentUrl":"","caption":"Gadoland"},"image":{"@id":"https:\/\/gadoland.pl\/pl_pl\/#\/schema\/logo\/image\/"}}]}},"_links":{"self":[{"href":"https:\/\/gadoland.pl\/pl_pl\/wp-json\/wp\/v2\/pages\/4366","targetHints":{"allow":["GET"]}}],"collection":[{"href":"https:\/\/gadoland.pl\/pl_pl\/wp-json\/wp\/v2\/pages"}],"about":[{"href":"https:\/\/gadoland.pl\/pl_pl\/wp-json\/wp\/v2\/types\/page"}],"author":[{"embeddable":true,"href":"https:\/\/gadoland.pl\/pl_pl\/wp-json\/wp\/v2\/users\/1"}],"replies":[{"embeddable":true,"href":"https:\/\/gadoland.pl\/pl_pl\/wp-json\/wp\/v2\/comments?post=4366"}],"version-history":[{"count":6,"href":"https:\/\/gadoland.pl\/pl_pl\/wp-json\/wp\/v2\/pages\/4366\/revisions"}],"predecessor-version":[{"id":6866,"href":"https:\/\/gadoland.pl\/pl_pl\/wp-json\/wp\/v2\/pages\/4366\/revisions\/6866"}],"wp:attachment":[{"href":"https:\/\/gadoland.pl\/pl_pl\/wp-json\/wp\/v2\/media?parent=4366"}],"curies":[{"name":"wp","href":"https:\/\/api.w.org\/{rel}","templated":true}]}}