{"id":7260,"date":"2024-08-02T13:01:07","date_gmt":"2024-08-02T11:01:07","guid":{"rendered":"https:\/\/gadoland.pl\/?post_type=product&#038;p=7260"},"modified":"2026-01-06T17:01:59","modified_gmt":"2026-01-06T16:01:59","slug":"brelok-3d-aksolotl","status":"publish","type":"product","link":"https:\/\/gadoland.pl\/en\/product\/brelok-3d-aksolotl\/","title":{"rendered":"BRELOK 3D AKSOLOTL"},"content":{"rendered":"<p><span style=\"font-weight: 400;\">Brelok 3d z grafik\u0105 Aksolotl, w r\u00f3\u017cnych wersjach kolorystycznych. <\/span><\/p>\n<p>D\u0142ugo\u015b\u0107 ca\u0142kowita, razem z zawieszk\u0105 &#8211; 11,5 cm<\/p>\n<p>D\u0142ugo\u015b\u0107 aksolotla &#8211; 6 cm<\/p>\n<p>D\u0142ugo\u015b\u0107 karabi\u0144czyka razem z k\u00f3\u0142eczkiem &#8211; 4 cm<\/p>\n<p>Brelok 3D zawiera personalizowan\u0105 zawieszk\u0119 z logo Gadolandu &#8211; w r\u00f3\u017cnych wersjach kolorystycznych.<\/p>\n<p>Podstawowa oferta obejmuje wykorzystanie maksymalnie 7 kolor\u00f3w To doskona\u0142y gad\u017cet do kluczy, w egzotycznym wydaniu.<\/p>\n<p><b>Kolor:<\/b> r\u00f3\u017cne odmiany kolorystyczne &#8211; mix z\u0142oty \/ fiolet \/ bia\u0142y \/ niebieski \/ szary<\/p>\n<p>&nbsp;<\/p>\n<p>Koszt 30 PLN Brutto<\/p>\n<p><b>Uwaga! <\/b><\/p>\n<p><b>Brelok nie nadaje si\u0119 jako zabawka dla Dzieci, poni\u017cej 3 roku \u017cycia, ze wzgl\u0119du na ma\u0142e elementy takie jak np. ko\u0144czyny, skrzela.\u00a0<\/b><\/p>\n<p>&nbsp;<\/p>","protected":false},"excerpt":{"rendered":"<p><span style=\"font-weight: 400;\">Brelok 3d z grafik\u0105 Aksolotl, w r\u00f3\u017cnych wersjach kolorystycznych. <\/span><\/p>\n<p>D\u0142ugo\u015b\u0107 ca\u0142kowita, razem z zawieszk\u0105 &#8211; 11,5 cm<\/p>\n<p>D\u0142ugo\u015b\u0107 aksolotla &#8211; 6 cm<\/p>\n<p>D\u0142ugo\u015b\u0107 karabi\u0144czyka razem z k\u00f3\u0142eczkiem &#8211; 4 cm<\/p>\n<p>Brelok 3D zawiera personalizowan\u0105 zawieszk\u0119 z logo Gadolandu &#8211; w r\u00f3\u017cnych wersjach kolorystycznych.<\/p>","protected":false},"featured_media":7273,"comment_status":"closed","ping_status":"closed","template":"","meta":[],"product_brand":[],"product_cat":[30,44],"product_tag":[],"class_list":{"0":"post-7260","1":"product","2":"type-product","3":"status-publish","4":"has-post-thumbnail","6":"product_cat-accessories","7":"product_cat-kids-toys","9":"first","10":"instock","11":"taxable","12":"shipping-taxable","13":"purchasable","14":"product-type-simple"},"yoast_head":"<!-- This site is optimized with the Yoast SEO plugin v26.6 - https:\/\/yoast.com\/wordpress\/plugins\/seo\/ -->\n<title>BRELOK 3D AKSOLOTL - Gadoland<\/title>\n<meta name=\"robots\" content=\"index, follow, max-snippet:-1, max-image-preview:large, max-video-preview:-1\" \/>\n<link rel=\"canonical\" href=\"https:\/\/gadoland.pl\/en\/product\/brelok-3d-aksolotl\/\" \/>\n<meta property=\"og:locale\" content=\"en_GB\" \/>\n<meta property=\"og:type\" content=\"article\" \/>\n<meta property=\"og:title\" content=\"BRELOK 3D AKSOLOTL - Gadoland\" \/>\n<meta property=\"og:description\" content=\"Brelok 3d z grafik\u0105 Aksolotl, w r\u00f3\u017cnych wersjach kolorystycznych.   D\u0142ugo\u015b\u0107 ca\u0142kowita, razem z zawieszk\u0105 - 11,5 cm  D\u0142ugo\u015b\u0107 aksolotla - 6 cm  D\u0142ugo\u015b\u0107 karabi\u0144czyka razem z k\u00f3\u0142eczkiem - 4 cm  Brelok 3D zawiera personalizowan\u0105 zawieszk\u0119 z logo Gadolandu - w r\u00f3\u017cnych wersjach kolorystycznych.\" \/>\n<meta property=\"og:url\" content=\"https:\/\/gadoland.pl\/en\/product\/brelok-3d-aksolotl\/\" \/>\n<meta property=\"og:site_name\" content=\"Gadoland\" \/>\n<meta property=\"article:modified_time\" content=\"2026-01-06T16:01:59+00:00\" \/>\n<meta property=\"og:image\" content=\"https:\/\/gadoland.pl\/wp-content\/uploads\/2024\/08\/IMG_2432-Duzy.jpeg\" \/>\n\t<meta property=\"og:image:width\" content=\"960\" \/>\n\t<meta property=\"og:image:height\" content=\"1280\" \/>\n\t<meta property=\"og:image:type\" content=\"image\/jpeg\" \/>\n<meta name=\"twitter:card\" content=\"summary_large_image\" \/>\n<meta name=\"twitter:label1\" content=\"Estimated reading time\" \/>\n\t<meta name=\"twitter:data1\" content=\"1 minute\" \/>\n<script type=\"application\/ld+json\" class=\"yoast-schema-graph\">{\"@context\":\"https:\/\/schema.org\",\"@graph\":[{\"@type\":\"WebPage\",\"@id\":\"https:\/\/gadoland.pl\/produkt\/brelok-3d-aksolotl\/\",\"url\":\"https:\/\/gadoland.pl\/produkt\/brelok-3d-aksolotl\/\",\"name\":\"BRELOK 3D AKSOLOTL - Gadoland\",\"isPartOf\":{\"@id\":\"https:\/\/gadoland.pl\/pl_pl\/#website\"},\"primaryImageOfPage\":{\"@id\":\"https:\/\/gadoland.pl\/produkt\/brelok-3d-aksolotl\/#primaryimage\"},\"image\":{\"@id\":\"https:\/\/gadoland.pl\/produkt\/brelok-3d-aksolotl\/#primaryimage\"},\"thumbnailUrl\":\"https:\/\/gadoland.pl\/wp-content\/uploads\/2024\/08\/IMG_2432-Duzy.jpeg\",\"datePublished\":\"2024-08-02T11:01:07+00:00\",\"dateModified\":\"2026-01-06T16:01:59+00:00\",\"breadcrumb\":{\"@id\":\"https:\/\/gadoland.pl\/produkt\/brelok-3d-aksolotl\/#breadcrumb\"},\"inLanguage\":\"en-GB\",\"potentialAction\":[{\"@type\":\"ReadAction\",\"target\":[\"https:\/\/gadoland.pl\/produkt\/brelok-3d-aksolotl\/\"]}]},{\"@type\":\"ImageObject\",\"inLanguage\":\"en-GB\",\"@id\":\"https:\/\/gadoland.pl\/produkt\/brelok-3d-aksolotl\/#primaryimage\",\"url\":\"https:\/\/gadoland.pl\/wp-content\/uploads\/2024\/08\/IMG_2432-Duzy.jpeg\",\"contentUrl\":\"https:\/\/gadoland.pl\/wp-content\/uploads\/2024\/08\/IMG_2432-Duzy.jpeg\",\"width\":960,\"height\":1280},{\"@type\":\"BreadcrumbList\",\"@id\":\"https:\/\/gadoland.pl\/produkt\/brelok-3d-aksolotl\/#breadcrumb\",\"itemListElement\":[{\"@type\":\"ListItem\",\"position\":1,\"name\":\"Strona g\u0142\u00f3wna\",\"item\":\"https:\/\/gadoland.pl\/\"},{\"@type\":\"ListItem\",\"position\":2,\"name\":\"Sklep\",\"item\":\"https:\/\/gadoland.pl\/pl_pl\/sklep\/\"},{\"@type\":\"ListItem\",\"position\":3,\"name\":\"BRELOK 3D AKSOLOTL\"}]},{\"@type\":\"WebSite\",\"@id\":\"https:\/\/gadoland.pl\/pl_pl\/#website\",\"url\":\"https:\/\/gadoland.pl\/pl_pl\/\",\"name\":\"Gadoland\",\"description\":\"Gadoland\",\"publisher\":{\"@id\":\"https:\/\/gadoland.pl\/pl_pl\/#organization\"},\"potentialAction\":[{\"@type\":\"SearchAction\",\"target\":{\"@type\":\"EntryPoint\",\"urlTemplate\":\"https:\/\/gadoland.pl\/pl_pl\/?s={search_term_string}\"},\"query-input\":{\"@type\":\"PropertyValueSpecification\",\"valueRequired\":true,\"valueName\":\"search_term_string\"}}],\"inLanguage\":\"en-GB\"},{\"@type\":\"Organization\",\"@id\":\"https:\/\/gadoland.pl\/pl_pl\/#organization\",\"name\":\"Gadoland\",\"url\":\"https:\/\/gadoland.pl\/pl_pl\/\",\"logo\":{\"@type\":\"ImageObject\",\"inLanguage\":\"en-GB\",\"@id\":\"https:\/\/gadoland.pl\/pl_pl\/#\/schema\/logo\/image\/\",\"url\":\"\",\"contentUrl\":\"\",\"caption\":\"Gadoland\"},\"image\":{\"@id\":\"https:\/\/gadoland.pl\/pl_pl\/#\/schema\/logo\/image\/\"}}]}<\/script>\n<!-- \/ Yoast SEO plugin. -->","yoast_head_json":{"title":"BRELOK 3D AKSOLOTL - Gadoland","robots":{"index":"index","follow":"follow","max-snippet":"max-snippet:-1","max-image-preview":"max-image-preview:large","max-video-preview":"max-video-preview:-1"},"canonical":"https:\/\/gadoland.pl\/en\/product\/brelok-3d-aksolotl\/","og_locale":"en_GB","og_type":"article","og_title":"BRELOK 3D AKSOLOTL - Gadoland","og_description":"Brelok 3d z grafik\u0105 Aksolotl, w r\u00f3\u017cnych wersjach kolorystycznych.   D\u0142ugo\u015b\u0107 ca\u0142kowita, razem z zawieszk\u0105 - 11,5 cm  D\u0142ugo\u015b\u0107 aksolotla - 6 cm  D\u0142ugo\u015b\u0107 karabi\u0144czyka razem z k\u00f3\u0142eczkiem - 4 cm  Brelok 3D zawiera personalizowan\u0105 zawieszk\u0119 z logo Gadolandu - w r\u00f3\u017cnych wersjach kolorystycznych.","og_url":"https:\/\/gadoland.pl\/en\/product\/brelok-3d-aksolotl\/","og_site_name":"Gadoland","article_modified_time":"2026-01-06T16:01:59+00:00","og_image":[{"width":960,"height":1280,"url":"https:\/\/gadoland.pl\/wp-content\/uploads\/2024\/08\/IMG_2432-Duzy.jpeg","type":"image\/jpeg"}],"twitter_card":"summary_large_image","twitter_misc":{"Estimated reading time":"1 minute"},"schema":{"@context":"https:\/\/schema.org","@graph":[{"@type":"WebPage","@id":"https:\/\/gadoland.pl\/produkt\/brelok-3d-aksolotl\/","url":"https:\/\/gadoland.pl\/produkt\/brelok-3d-aksolotl\/","name":"BRELOK 3D AKSOLOTL - Gadoland","isPartOf":{"@id":"https:\/\/gadoland.pl\/pl_pl\/#website"},"primaryImageOfPage":{"@id":"https:\/\/gadoland.pl\/produkt\/brelok-3d-aksolotl\/#primaryimage"},"image":{"@id":"https:\/\/gadoland.pl\/produkt\/brelok-3d-aksolotl\/#primaryimage"},"thumbnailUrl":"https:\/\/gadoland.pl\/wp-content\/uploads\/2024\/08\/IMG_2432-Duzy.jpeg","datePublished":"2024-08-02T11:01:07+00:00","dateModified":"2026-01-06T16:01:59+00:00","breadcrumb":{"@id":"https:\/\/gadoland.pl\/produkt\/brelok-3d-aksolotl\/#breadcrumb"},"inLanguage":"en-GB","potentialAction":[{"@type":"ReadAction","target":["https:\/\/gadoland.pl\/produkt\/brelok-3d-aksolotl\/"]}]},{"@type":"ImageObject","inLanguage":"en-GB","@id":"https:\/\/gadoland.pl\/produkt\/brelok-3d-aksolotl\/#primaryimage","url":"https:\/\/gadoland.pl\/wp-content\/uploads\/2024\/08\/IMG_2432-Duzy.jpeg","contentUrl":"https:\/\/gadoland.pl\/wp-content\/uploads\/2024\/08\/IMG_2432-Duzy.jpeg","width":960,"height":1280},{"@type":"BreadcrumbList","@id":"https:\/\/gadoland.pl\/produkt\/brelok-3d-aksolotl\/#breadcrumb","itemListElement":[{"@type":"ListItem","position":1,"name":"Strona g\u0142\u00f3wna","item":"https:\/\/gadoland.pl\/"},{"@type":"ListItem","position":2,"name":"Sklep","item":"https:\/\/gadoland.pl\/pl_pl\/sklep\/"},{"@type":"ListItem","position":3,"name":"BRELOK 3D AKSOLOTL"}]},{"@type":"WebSite","@id":"https:\/\/gadoland.pl\/pl_pl\/#website","url":"https:\/\/gadoland.pl\/pl_pl\/","name":"Gadoland","description":"Gadoland","publisher":{"@id":"https:\/\/gadoland.pl\/pl_pl\/#organization"},"potentialAction":[{"@type":"SearchAction","target":{"@type":"EntryPoint","urlTemplate":"https:\/\/gadoland.pl\/pl_pl\/?s={search_term_string}"},"query-input":{"@type":"PropertyValueSpecification","valueRequired":true,"valueName":"search_term_string"}}],"inLanguage":"en-GB"},{"@type":"Organization","@id":"https:\/\/gadoland.pl\/pl_pl\/#organization","name":"Gadoland","url":"https:\/\/gadoland.pl\/pl_pl\/","logo":{"@type":"ImageObject","inLanguage":"en-GB","@id":"https:\/\/gadoland.pl\/pl_pl\/#\/schema\/logo\/image\/","url":"","contentUrl":"","caption":"Gadoland"},"image":{"@id":"https:\/\/gadoland.pl\/pl_pl\/#\/schema\/logo\/image\/"}}]}},"_links":{"self":[{"href":"https:\/\/gadoland.pl\/en\/wp-json\/wp\/v2\/product\/7260","targetHints":{"allow":["GET"]}}],"collection":[{"href":"https:\/\/gadoland.pl\/en\/wp-json\/wp\/v2\/product"}],"about":[{"href":"https:\/\/gadoland.pl\/en\/wp-json\/wp\/v2\/types\/product"}],"replies":[{"embeddable":true,"href":"https:\/\/gadoland.pl\/en\/wp-json\/wp\/v2\/comments?post=7260"}],"wp:featuredmedia":[{"embeddable":true,"href":"https:\/\/gadoland.pl\/en\/wp-json\/wp\/v2\/media\/7273"}],"wp:attachment":[{"href":"https:\/\/gadoland.pl\/en\/wp-json\/wp\/v2\/media?parent=7260"}],"wp:term":[{"taxonomy":"product_brand","embeddable":true,"href":"https:\/\/gadoland.pl\/en\/wp-json\/wp\/v2\/product_brand?post=7260"},{"taxonomy":"product_cat","embeddable":true,"href":"https:\/\/gadoland.pl\/en\/wp-json\/wp\/v2\/product_cat?post=7260"},{"taxonomy":"product_tag","embeddable":true,"href":"https:\/\/gadoland.pl\/en\/wp-json\/wp\/v2\/product_tag?post=7260"}],"curies":[{"name":"wp","href":"https:\/\/api.w.org\/{rel}","templated":true}]}}