{"id":1581,"date":"2020-11-13T22:39:47","date_gmt":"2020-11-13T22:39:47","guid":{"rendered":"https:\/\/demo.artureanec.com\/themes\/wildworld\/?post_type=product&#038;p=1581"},"modified":"2026-01-06T18:00:31","modified_gmt":"2026-01-06T17:00:31","slug":"zoo-m-t-shirt","status":"publish","type":"product","link":"https:\/\/gadoland.pl\/en\/product\/zoo-m-t-shirt\/","title":{"rendered":"KOSZULKA DZIECI\u0118CA KAMELEON Z NAPISEM GADOLAND"},"content":{"rendered":"<p><span style=\"font-weight: 400;\">Dzieci\u0119cy t-shirt z kr\u00f3tkim r\u0119kawem, o klasycznym fasonie, w energetycznym odcieniu koloru niebieskiego. Kolory. Kameleon. Czego chcie\u0107 wi\u0119cej dla dzieci\u0119cej wyobra\u017ani\u2026?\u00a0<\/span><\/p>\n<p>&nbsp;<\/p>\n<p><span style=\"font-weight: 400;\">Ten <\/span><b>dzieci\u0119cy t-shirt z kameleonem<\/b><span style=\"font-weight: 400;\"> wykonany zosta\u0142 z p\u00f3\u0142 szczotkowanej bawe\u0142ny ring-spun. Wzmocnili\u015bmy go dodatkow\u0105 ta\u015bm\u0105 na karku oraz szwem bocznym, aby dzielnie znosi\u0142 nawet te najbardziej wymagaj\u0105ce dzieci\u0119ce zabawy! Dekolt wyko\u0144czyli\u015bmy dzianin\u0105 pr\u0105\u017ckowan\u0105 z domieszk\u0105 elastanu, aby wk\u0142adanie i zdejmowanie go &#8211; przebiega\u0142y z \u0142atwo\u015bci\u0105.\u00a0<\/span><\/p>\n<p>&nbsp;<\/p>\n<p><b>Dzieci\u0119cy t-shirt z kameleonem <\/b><span style=\"font-weight: 400;\">to komort i dobra zabawa w jednym! Wysokiej jako\u015bci materia\u0142 oraz wykonanie &#8211; pozwalaj\u0105 nosi\u0107 go w niemal ka\u017cdej sytuacji, a kolorowy nadruk &#8211; pobudza kreatywno\u015b\u0107.\u00a0<\/span><\/p>\n<p>&nbsp;<\/p>\n<p><span style=\"font-weight: 400;\">Twoje dziecko uwielbia zwierz\u0119ta? A mo\u017ce szczeg\u00f3lnie zwierz\u0119ta egzotyczne? Byli\u015bcie w Gadolandzie i chcieliby\u015bcie mie\u0107 wspania\u0142\u0105 pami\u0105tk\u0119? <\/span><b>Ten dzieci\u0119cy t-shirt z kameleonem to co\u015b stworzonego w\u0142a\u015bnie z my\u015bl\u0105 o Was!<\/b><span style=\"font-weight: 400;\"> Wygoda. Jako\u015b\u0107. Zabawa. Skojarzenia. Wyobra\u017ania. Bawcie si\u0119 kameleo-stycznie!\u00a0<\/span><\/p>\n<p><span style=\"font-weight: 400;\">I najwa\u017cniejsze! <\/span><b>Nasz dzieci\u0119cy t-shirt z kameleonem wspiera dzia\u0142alno\u015b\u0107 Fundacji Anakonda i cz\u0119\u015b\u0107 dochodu ze sprzeda\u017cy &#8211; przeznaczamy na cele statutowe Fundacji<\/b><span style=\"font-weight: 400;\">, dzi\u0119ki czemu mo\u017cemy kontynuowa\u0107 nasz\u0105 prac\u0119, o kt\u00f3rej kulisach mo\u017cesz przeczyta\u0107 w zak\u0142adce Fundacja [<a href=\"https:\/\/gadoland.pl\/en\/fundacja-anakonda\/\">link<\/a>]. <\/span><\/p>\n<p>&nbsp;<\/p>\n<p><b>Kolor:<\/b> niebieski\/nadruk kolorowy<\/p>\n<p><b>Sk\u0142ad i konserwacja:\u00a0<\/b><\/p>\n<p>Koszulka: 100% bawe\u0142na &#8211; Single jersey &#8211; gramatura 150 g\/m\u00b2 (dekolt wykonany dzianin\u0105 pr\u0105\u017ckowan\u0105 z domieszk\u0105 elastanu)<\/p>\n<p>Pra\u0107 w temperaturze max. 40\u00b0C.<\/p>\n<p>Prasowa\u0107 i pra\u0107 na lewej stronie.<\/p>\n<p>Tabela wymiar\u00f3w: <a href=\"https:\/\/gadoland.pl\/wp-content\/uploads\/2024\/02\/Tabela-rozmiarow-Koszulki-Gadoland-Koszulka-dziecieca.png\">CLICK HERE<\/a><\/p>","protected":false},"excerpt":{"rendered":"<p><span style=\"font-weight: 400;\">Dzieci\u0119cy t-shirt z kr\u00f3tkim r\u0119kawem, o klasycznym fasonie, w energetycznym odcieniu koloru niebieskiego. Kolory. Kameleon. Czego chcie\u0107 wi\u0119cej dla dzieci\u0119cej wyobra\u017ani\u2026?\u00a0<\/span><\/p>\n<p><span style=\"font-weight: 400;\">Ten <\/span><b>dzieci\u0119cy t-shirt z kameleonem<\/b><span style=\"font-weight: 400;\"> wykonany zosta\u0142 z p\u00f3\u0142 szczotkowanej bawe\u0142ny ring-spun. Wzmocnili\u015bmy go dodatkow\u0105 ta\u015bm\u0105 na karku oraz szwem bocznym, aby dzielnie znosi\u0142 nawet te najbardziej wymagaj\u0105ce dzieci\u0119ce zabawy! Dekolt wyko\u0144czyli\u015bmy dzianin\u0105 pr\u0105\u017ckowan\u0105 z domieszk\u0105 elastanu, aby wk\u0142adanie i zdejmowanie go &#8211; przebiega\u0142y z \u0142atwo\u015bci\u0105.\u00a0<\/span><\/p>\n<p>&nbsp;<\/p>","protected":false},"featured_media":6962,"comment_status":"open","ping_status":"closed","template":"","meta":[],"product_brand":[],"product_cat":[38],"product_tag":[],"class_list":{"0":"post-1581","1":"product","2":"type-product","3":"status-publish","4":"has-post-thumbnail","6":"product_cat-ubrania","7":"pa_rozmiar-dzieciecy-106-116","8":"pa_rozmiar-dzieciecy-118-128","9":"pa_rozmiar-dzieciecy-130-140","11":"first","12":"instock","13":"taxable","14":"shipping-taxable","15":"purchasable","16":"product-type-variable"},"yoast_head":"<!-- This site is optimized with the Yoast SEO plugin v26.6 - https:\/\/yoast.com\/wordpress\/plugins\/seo\/ -->\n<title>KOSZULKA DZIECI\u0118CA KAMELEON Z NAPISEM GADOLAND - Gadoland<\/title>\n<meta name=\"robots\" content=\"index, follow, max-snippet:-1, max-image-preview:large, max-video-preview:-1\" \/>\n<link rel=\"canonical\" href=\"https:\/\/gadoland.pl\/en\/product\/zoo-m-t-shirt\/\" \/>\n<meta property=\"og:locale\" content=\"en_GB\" \/>\n<meta property=\"og:type\" content=\"article\" \/>\n<meta property=\"og:title\" content=\"KOSZULKA DZIECI\u0118CA KAMELEON Z NAPISEM GADOLAND - Gadoland\" \/>\n<meta property=\"og:description\" content=\"Dzieci\u0119cy t-shirt z kr\u00f3tkim r\u0119kawem, o klasycznym fasonie, w energetycznym odcieniu koloru niebieskiego. Kolory. Kameleon. Czego chcie\u0107 wi\u0119cej dla dzieci\u0119cej wyobra\u017ani\u2026?\u00a0  Ten dzieci\u0119cy t-shirt z kameleonem wykonany zosta\u0142 z p\u00f3\u0142 szczotkowanej bawe\u0142ny ring-spun. Wzmocnili\u015bmy go dodatkow\u0105 ta\u015bm\u0105 na karku oraz szwem bocznym, aby dzielnie znosi\u0142 nawet te najbardziej wymagaj\u0105ce dzieci\u0119ce zabawy! Dekolt wyko\u0144czyli\u015bmy dzianin\u0105 pr\u0105\u017ckowan\u0105 z domieszk\u0105 elastanu, aby wk\u0142adanie i zdejmowanie go - przebiega\u0142y z \u0142atwo\u015bci\u0105.\u00a0  &nbsp;\" \/>\n<meta property=\"og:url\" content=\"https:\/\/gadoland.pl\/en\/product\/zoo-m-t-shirt\/\" \/>\n<meta property=\"og:site_name\" content=\"Gadoland\" \/>\n<meta property=\"article:modified_time\" content=\"2026-01-06T17:00:31+00:00\" \/>\n<meta property=\"og:image\" content=\"https:\/\/gadoland.pl\/wp-content\/uploads\/2020\/11\/Projekt-bez-nazwy24.png\" \/>\n\t<meta property=\"og:image:width\" content=\"1080\" \/>\n\t<meta property=\"og:image:height\" content=\"1080\" \/>\n\t<meta property=\"og:image:type\" content=\"image\/png\" \/>\n<meta name=\"twitter:card\" content=\"summary_large_image\" \/>\n<meta name=\"twitter:label1\" content=\"Estimated reading time\" \/>\n\t<meta name=\"twitter:data1\" content=\"2 minutes\" \/>\n<script type=\"application\/ld+json\" class=\"yoast-schema-graph\">{\"@context\":\"https:\/\/schema.org\",\"@graph\":[{\"@type\":\"WebPage\",\"@id\":\"https:\/\/gadoland.pl\/produkt\/zoo-m-t-shirt\/\",\"url\":\"https:\/\/gadoland.pl\/produkt\/zoo-m-t-shirt\/\",\"name\":\"KOSZULKA DZIECI\u0118CA KAMELEON Z NAPISEM GADOLAND - Gadoland\",\"isPartOf\":{\"@id\":\"https:\/\/gadoland.pl\/pl_pl\/#website\"},\"primaryImageOfPage\":{\"@id\":\"https:\/\/gadoland.pl\/produkt\/zoo-m-t-shirt\/#primaryimage\"},\"image\":{\"@id\":\"https:\/\/gadoland.pl\/produkt\/zoo-m-t-shirt\/#primaryimage\"},\"thumbnailUrl\":\"https:\/\/gadoland.pl\/wp-content\/uploads\/2020\/11\/Projekt-bez-nazwy24.png\",\"datePublished\":\"2020-11-13T22:39:47+00:00\",\"dateModified\":\"2026-01-06T17:00:31+00:00\",\"breadcrumb\":{\"@id\":\"https:\/\/gadoland.pl\/produkt\/zoo-m-t-shirt\/#breadcrumb\"},\"inLanguage\":\"en-GB\",\"potentialAction\":[{\"@type\":\"ReadAction\",\"target\":[\"https:\/\/gadoland.pl\/produkt\/zoo-m-t-shirt\/\"]}]},{\"@type\":\"ImageObject\",\"inLanguage\":\"en-GB\",\"@id\":\"https:\/\/gadoland.pl\/produkt\/zoo-m-t-shirt\/#primaryimage\",\"url\":\"https:\/\/gadoland.pl\/wp-content\/uploads\/2020\/11\/Projekt-bez-nazwy24.png\",\"contentUrl\":\"https:\/\/gadoland.pl\/wp-content\/uploads\/2020\/11\/Projekt-bez-nazwy24.png\",\"width\":1080,\"height\":1080,\"caption\":\"Koszulka dzieci\u0119ca niebieska z kameleonem\"},{\"@type\":\"BreadcrumbList\",\"@id\":\"https:\/\/gadoland.pl\/produkt\/zoo-m-t-shirt\/#breadcrumb\",\"itemListElement\":[{\"@type\":\"ListItem\",\"position\":1,\"name\":\"Strona g\u0142\u00f3wna\",\"item\":\"https:\/\/gadoland.pl\/\"},{\"@type\":\"ListItem\",\"position\":2,\"name\":\"Sklep\",\"item\":\"https:\/\/gadoland.pl\/pl_pl\/sklep\/\"},{\"@type\":\"ListItem\",\"position\":3,\"name\":\"KOSZULKA DZIECI\u0118CA KAMELEON Z NAPISEM GADOLAND\"}]},{\"@type\":\"WebSite\",\"@id\":\"https:\/\/gadoland.pl\/pl_pl\/#website\",\"url\":\"https:\/\/gadoland.pl\/pl_pl\/\",\"name\":\"Gadoland\",\"description\":\"Gadoland\",\"publisher\":{\"@id\":\"https:\/\/gadoland.pl\/pl_pl\/#organization\"},\"potentialAction\":[{\"@type\":\"SearchAction\",\"target\":{\"@type\":\"EntryPoint\",\"urlTemplate\":\"https:\/\/gadoland.pl\/pl_pl\/?s={search_term_string}\"},\"query-input\":{\"@type\":\"PropertyValueSpecification\",\"valueRequired\":true,\"valueName\":\"search_term_string\"}}],\"inLanguage\":\"en-GB\"},{\"@type\":\"Organization\",\"@id\":\"https:\/\/gadoland.pl\/pl_pl\/#organization\",\"name\":\"Gadoland\",\"url\":\"https:\/\/gadoland.pl\/pl_pl\/\",\"logo\":{\"@type\":\"ImageObject\",\"inLanguage\":\"en-GB\",\"@id\":\"https:\/\/gadoland.pl\/pl_pl\/#\/schema\/logo\/image\/\",\"url\":\"\",\"contentUrl\":\"\",\"caption\":\"Gadoland\"},\"image\":{\"@id\":\"https:\/\/gadoland.pl\/pl_pl\/#\/schema\/logo\/image\/\"}}]}<\/script>\n<!-- \/ Yoast SEO plugin. -->","yoast_head_json":{"title":"KOSZULKA DZIECI\u0118CA KAMELEON Z NAPISEM GADOLAND - Gadoland","robots":{"index":"index","follow":"follow","max-snippet":"max-snippet:-1","max-image-preview":"max-image-preview:large","max-video-preview":"max-video-preview:-1"},"canonical":"https:\/\/gadoland.pl\/en\/product\/zoo-m-t-shirt\/","og_locale":"en_GB","og_type":"article","og_title":"KOSZULKA DZIECI\u0118CA KAMELEON Z NAPISEM GADOLAND - Gadoland","og_description":"Dzieci\u0119cy t-shirt z kr\u00f3tkim r\u0119kawem, o klasycznym fasonie, w energetycznym odcieniu koloru niebieskiego. Kolory. Kameleon. Czego chcie\u0107 wi\u0119cej dla dzieci\u0119cej wyobra\u017ani\u2026?\u00a0  Ten dzieci\u0119cy t-shirt z kameleonem wykonany zosta\u0142 z p\u00f3\u0142 szczotkowanej bawe\u0142ny ring-spun. Wzmocnili\u015bmy go dodatkow\u0105 ta\u015bm\u0105 na karku oraz szwem bocznym, aby dzielnie znosi\u0142 nawet te najbardziej wymagaj\u0105ce dzieci\u0119ce zabawy! Dekolt wyko\u0144czyli\u015bmy dzianin\u0105 pr\u0105\u017ckowan\u0105 z domieszk\u0105 elastanu, aby wk\u0142adanie i zdejmowanie go - przebiega\u0142y z \u0142atwo\u015bci\u0105.\u00a0  &nbsp;","og_url":"https:\/\/gadoland.pl\/en\/product\/zoo-m-t-shirt\/","og_site_name":"Gadoland","article_modified_time":"2026-01-06T17:00:31+00:00","og_image":[{"width":1080,"height":1080,"url":"https:\/\/gadoland.pl\/wp-content\/uploads\/2020\/11\/Projekt-bez-nazwy24.png","type":"image\/png"}],"twitter_card":"summary_large_image","twitter_misc":{"Estimated reading time":"2 minutes"},"schema":{"@context":"https:\/\/schema.org","@graph":[{"@type":"WebPage","@id":"https:\/\/gadoland.pl\/produkt\/zoo-m-t-shirt\/","url":"https:\/\/gadoland.pl\/produkt\/zoo-m-t-shirt\/","name":"KOSZULKA DZIECI\u0118CA KAMELEON Z NAPISEM GADOLAND - Gadoland","isPartOf":{"@id":"https:\/\/gadoland.pl\/pl_pl\/#website"},"primaryImageOfPage":{"@id":"https:\/\/gadoland.pl\/produkt\/zoo-m-t-shirt\/#primaryimage"},"image":{"@id":"https:\/\/gadoland.pl\/produkt\/zoo-m-t-shirt\/#primaryimage"},"thumbnailUrl":"https:\/\/gadoland.pl\/wp-content\/uploads\/2020\/11\/Projekt-bez-nazwy24.png","datePublished":"2020-11-13T22:39:47+00:00","dateModified":"2026-01-06T17:00:31+00:00","breadcrumb":{"@id":"https:\/\/gadoland.pl\/produkt\/zoo-m-t-shirt\/#breadcrumb"},"inLanguage":"en-GB","potentialAction":[{"@type":"ReadAction","target":["https:\/\/gadoland.pl\/produkt\/zoo-m-t-shirt\/"]}]},{"@type":"ImageObject","inLanguage":"en-GB","@id":"https:\/\/gadoland.pl\/produkt\/zoo-m-t-shirt\/#primaryimage","url":"https:\/\/gadoland.pl\/wp-content\/uploads\/2020\/11\/Projekt-bez-nazwy24.png","contentUrl":"https:\/\/gadoland.pl\/wp-content\/uploads\/2020\/11\/Projekt-bez-nazwy24.png","width":1080,"height":1080,"caption":"Koszulka dzieci\u0119ca niebieska z kameleonem"},{"@type":"BreadcrumbList","@id":"https:\/\/gadoland.pl\/produkt\/zoo-m-t-shirt\/#breadcrumb","itemListElement":[{"@type":"ListItem","position":1,"name":"Strona g\u0142\u00f3wna","item":"https:\/\/gadoland.pl\/"},{"@type":"ListItem","position":2,"name":"Sklep","item":"https:\/\/gadoland.pl\/pl_pl\/sklep\/"},{"@type":"ListItem","position":3,"name":"KOSZULKA DZIECI\u0118CA KAMELEON Z NAPISEM GADOLAND"}]},{"@type":"WebSite","@id":"https:\/\/gadoland.pl\/pl_pl\/#website","url":"https:\/\/gadoland.pl\/pl_pl\/","name":"Gadoland","description":"Gadoland","publisher":{"@id":"https:\/\/gadoland.pl\/pl_pl\/#organization"},"potentialAction":[{"@type":"SearchAction","target":{"@type":"EntryPoint","urlTemplate":"https:\/\/gadoland.pl\/pl_pl\/?s={search_term_string}"},"query-input":{"@type":"PropertyValueSpecification","valueRequired":true,"valueName":"search_term_string"}}],"inLanguage":"en-GB"},{"@type":"Organization","@id":"https:\/\/gadoland.pl\/pl_pl\/#organization","name":"Gadoland","url":"https:\/\/gadoland.pl\/pl_pl\/","logo":{"@type":"ImageObject","inLanguage":"en-GB","@id":"https:\/\/gadoland.pl\/pl_pl\/#\/schema\/logo\/image\/","url":"","contentUrl":"","caption":"Gadoland"},"image":{"@id":"https:\/\/gadoland.pl\/pl_pl\/#\/schema\/logo\/image\/"}}]}},"_links":{"self":[{"href":"https:\/\/gadoland.pl\/en\/wp-json\/wp\/v2\/product\/1581","targetHints":{"allow":["GET"]}}],"collection":[{"href":"https:\/\/gadoland.pl\/en\/wp-json\/wp\/v2\/product"}],"about":[{"href":"https:\/\/gadoland.pl\/en\/wp-json\/wp\/v2\/types\/product"}],"replies":[{"embeddable":true,"href":"https:\/\/gadoland.pl\/en\/wp-json\/wp\/v2\/comments?post=1581"}],"wp:featuredmedia":[{"embeddable":true,"href":"https:\/\/gadoland.pl\/en\/wp-json\/wp\/v2\/media\/6962"}],"wp:attachment":[{"href":"https:\/\/gadoland.pl\/en\/wp-json\/wp\/v2\/media?parent=1581"}],"wp:term":[{"taxonomy":"product_brand","embeddable":true,"href":"https:\/\/gadoland.pl\/en\/wp-json\/wp\/v2\/product_brand?post=1581"},{"taxonomy":"product_cat","embeddable":true,"href":"https:\/\/gadoland.pl\/en\/wp-json\/wp\/v2\/product_cat?post=1581"},{"taxonomy":"product_tag","embeddable":true,"href":"https:\/\/gadoland.pl\/en\/wp-json\/wp\/v2\/product_tag?post=1581"}],"curies":[{"name":"wp","href":"https:\/\/api.w.org\/{rel}","templated":true}]}}