{"id":1577,"date":"2020-11-13T22:36:08","date_gmt":"2020-11-13T22:36:08","guid":{"rendered":"https:\/\/demo.artureanec.com\/themes\/wildworld\/?post_type=product&#038;p=1577"},"modified":"2026-01-06T17:58:58","modified_gmt":"2026-01-06T16:58:58","slug":"zoo-g-t-shirt","status":"publish","type":"product","link":"https:\/\/gadoland.pl\/en\/product\/zoo-g-t-shirt\/","title":{"rendered":"KOSZULKA OVERSIZE BIA\u0141A-DAMSKA KAMELEON W STYLU RASTA"},"content":{"rendered":"<p><span style=\"font-weight: 400;\">Minimalizm i rasta\u2026? Tak, u nas to mo\u017cliwe! Po\u0142\u0105czyli\u015bmy minimalistyczny charakter t-shirtu oversize, ponadczasowej bieli, komfortu noszenia i nadruku w energetycznym stylu rasta, kt\u00f3ry przykuwa wzrok, zachwyca i inspiruje.\u00a0<\/span><\/p>\n<p>&nbsp;<\/p>\n<p><b>Damski t-shirt oversize w stylu rasta <\/b><span style=\"font-weight: 400;\">to komfort noszenia. Opadaj\u0105ce ramiona, okr\u0105g\u0142y pr\u0105\u017ckowany dekolt &#8211; sprawiaj\u0105, \u017ce nosi si\u0119 go wyj\u0105tkowo wygodnie, niezale\u017cnie od okazji. Zosta\u0142 uszyty z organicznej bawe\u0142ny czesanej, z dba\u0142o\u015bci\u0105 o detale wyko\u0144czenia, aby s\u0142u\u017cy\u0142 jak najd\u0142u\u017cej w doskona\u0142ej formie.\u00a0<\/span><\/p>\n<p>&nbsp;<\/p>\n<p><span style=\"font-weight: 400;\">Nasz <\/span><b>damski t-shirt oversize w stylu rasta<\/b><span style=\"font-weight: 400;\"> to propozycja idealna przede wszystkim dla kobiet, kt\u00f3re obok komfortu &#8211; ceni\u0105 sobie r\u00f3wnie\u017c niebanalne detale i charakter swoich ubra\u0144, podkre\u015blaj\u0105c swoj\u0105 osobowo\u015b\u0107, zainteresowania, pasje. Tak, dla mi\u0142o\u015bniczek zwierz\u0105t r\u00f3wnie\u017c jest idealny!\u00a0<\/span><\/p>\n<p><span style=\"font-weight: 400;\">I najwa\u017cniejsze! <\/span><b>Nasz damski t-shirt oversize w stylu rasta wspiera dzia\u0142alno\u015b\u0107 Fundacji Anakonda i cz\u0119\u015b\u0107 dochodu ze sprzeda\u017cy &#8211; przeznaczamy na cele statutowe Fundacji<\/b><span style=\"font-weight: 400;\">, dzi\u0119ki czemu mo\u017cemy kontynuowa\u0107 nasz\u0105 prac\u0119, o kt\u00f3rej kulisach mo\u017cesz przeczyta\u0107 w zak\u0142adce Fundacja [<a href=\"https:\/\/gadoland.pl\/en\/fundacja-anakonda\/\">link<\/a>]. <\/span><\/p>\n<p>&nbsp;<\/p>\n<p><b>Kolor:<\/b> bia\u0142y\/nadruk: kolorowy<\/p>\n<p><b>Sk\u0142ad i konserwacja:\u00a0<\/b><\/p>\n<p>100% bawe\u0142na &#8211; gramatura 180 g\/m\u00b2<\/p>\n<p>Pra\u0107 w temperaturze max. 30\u00b0C.<\/p>\n<p>Prasowa\u0107 i pra\u0107 na lewej stronie.<\/p>\n<p>Tabela wymiar\u00f3w: <a href=\"https:\/\/gadoland.pl\/wp-content\/uploads\/2024\/02\/Tabela-rozmiarow-Koszulki-Gadoland-Koszulka-damska-oversize-Rasta-kameleon.png\">CLICK HERE<\/a><\/p>","protected":false},"excerpt":{"rendered":"<p><span style=\"font-weight: 400;\">Minimalizm i rasta\u2026? Tak, u nas to mo\u017cliwe! Po\u0142\u0105czyli\u015bmy minimalistyczny charakter t-shirtu oversize, ponadczasowej bieli, komfortu noszenia i nadruku w energetycznym stylu rasta, kt\u00f3ry przykuwa wzrok, zachwyca i inspiruje.\u00a0<\/span><\/p>\n<p><b>Damski t-shirt oversize w stylu rasta <\/b><span style=\"font-weight: 400;\">to komfort noszenia. Opadaj\u0105ce ramiona, okr\u0105g\u0142y pr\u0105\u017ckowany dekolt &#8211; sprawiaj\u0105, \u017ce nosi si\u0119 go wyj\u0105tkowo wygodnie, niezale\u017cnie od okazji. Zosta\u0142 uszyty z organicznej bawe\u0142ny czesanej, z dba\u0142o\u015bci\u0105 o detale wyko\u0144czenia, aby s\u0142u\u017cy\u0142 jak najd\u0142u\u017cej w doskona\u0142ej formie.\u00a0<\/span><\/p>","protected":false},"featured_media":6952,"comment_status":"open","ping_status":"closed","template":"","meta":[],"product_brand":[],"product_cat":[38],"product_tag":[],"class_list":{"0":"post-1577","1":"product","2":"type-product","3":"status-publish","4":"has-post-thumbnail","6":"product_cat-ubrania","7":"pa_rozmiar-s","8":"pa_rozmiar-m","9":"pa_rozmiar-l","11":"first","12":"instock","13":"taxable","14":"shipping-taxable","15":"purchasable","16":"product-type-variable"},"yoast_head":"<!-- This site is optimized with the Yoast SEO plugin v26.6 - https:\/\/yoast.com\/wordpress\/plugins\/seo\/ -->\n<title>KOSZULKA OVERSIZE BIA\u0141A-DAMSKA KAMELEON W STYLU RASTA - Gadoland<\/title>\n<meta name=\"robots\" content=\"index, follow, max-snippet:-1, max-image-preview:large, max-video-preview:-1\" \/>\n<link rel=\"canonical\" href=\"https:\/\/gadoland.pl\/en\/product\/zoo-g-t-shirt\/\" \/>\n<meta property=\"og:locale\" content=\"en_GB\" \/>\n<meta property=\"og:type\" content=\"article\" \/>\n<meta property=\"og:title\" content=\"KOSZULKA OVERSIZE BIA\u0141A-DAMSKA KAMELEON W STYLU RASTA - Gadoland\" \/>\n<meta property=\"og:description\" content=\"Minimalizm i rasta\u2026? Tak, u nas to mo\u017cliwe! Po\u0142\u0105czyli\u015bmy minimalistyczny charakter t-shirtu oversize, ponadczasowej bieli, komfortu noszenia i nadruku w energetycznym stylu rasta, kt\u00f3ry przykuwa wzrok, zachwyca i inspiruje.\u00a0  Damski t-shirt oversize w stylu rasta to komfort noszenia. Opadaj\u0105ce ramiona, okr\u0105g\u0142y pr\u0105\u017ckowany dekolt - sprawiaj\u0105, \u017ce nosi si\u0119 go wyj\u0105tkowo wygodnie, niezale\u017cnie od okazji. Zosta\u0142 uszyty z organicznej bawe\u0142ny czesanej, z dba\u0142o\u015bci\u0105 o detale wyko\u0144czenia, aby s\u0142u\u017cy\u0142 jak najd\u0142u\u017cej w doskona\u0142ej formie.\u00a0\" \/>\n<meta property=\"og:url\" content=\"https:\/\/gadoland.pl\/en\/product\/zoo-g-t-shirt\/\" \/>\n<meta property=\"og:site_name\" content=\"Gadoland\" \/>\n<meta property=\"article:modified_time\" content=\"2026-01-06T16:58:58+00:00\" \/>\n<meta property=\"og:image\" content=\"https:\/\/gadoland.pl\/wp-content\/uploads\/2024\/02\/3.png\" \/>\n\t<meta property=\"og:image:width\" content=\"1080\" \/>\n\t<meta property=\"og:image:height\" content=\"1080\" \/>\n\t<meta property=\"og:image:type\" content=\"image\/png\" \/>\n<meta name=\"twitter:card\" content=\"summary_large_image\" \/>\n<meta name=\"twitter:label1\" content=\"Estimated reading time\" \/>\n\t<meta name=\"twitter:data1\" content=\"2 minutes\" \/>\n<script type=\"application\/ld+json\" class=\"yoast-schema-graph\">{\"@context\":\"https:\/\/schema.org\",\"@graph\":[{\"@type\":\"WebPage\",\"@id\":\"https:\/\/gadoland.pl\/produkt\/zoo-g-t-shirt\/\",\"url\":\"https:\/\/gadoland.pl\/produkt\/zoo-g-t-shirt\/\",\"name\":\"KOSZULKA OVERSIZE BIA\u0141A-DAMSKA KAMELEON W STYLU RASTA - Gadoland\",\"isPartOf\":{\"@id\":\"https:\/\/gadoland.pl\/pl_pl\/#website\"},\"primaryImageOfPage\":{\"@id\":\"https:\/\/gadoland.pl\/produkt\/zoo-g-t-shirt\/#primaryimage\"},\"image\":{\"@id\":\"https:\/\/gadoland.pl\/produkt\/zoo-g-t-shirt\/#primaryimage\"},\"thumbnailUrl\":\"https:\/\/gadoland.pl\/wp-content\/uploads\/2024\/02\/3.png\",\"datePublished\":\"2020-11-13T22:36:08+00:00\",\"dateModified\":\"2026-01-06T16:58:58+00:00\",\"breadcrumb\":{\"@id\":\"https:\/\/gadoland.pl\/produkt\/zoo-g-t-shirt\/#breadcrumb\"},\"inLanguage\":\"en-GB\",\"potentialAction\":[{\"@type\":\"ReadAction\",\"target\":[\"https:\/\/gadoland.pl\/produkt\/zoo-g-t-shirt\/\"]}]},{\"@type\":\"ImageObject\",\"inLanguage\":\"en-GB\",\"@id\":\"https:\/\/gadoland.pl\/produkt\/zoo-g-t-shirt\/#primaryimage\",\"url\":\"https:\/\/gadoland.pl\/wp-content\/uploads\/2024\/02\/3.png\",\"contentUrl\":\"https:\/\/gadoland.pl\/wp-content\/uploads\/2024\/02\/3.png\",\"width\":1080,\"height\":1080,\"caption\":\"Koszulka damska bia\u0142a z kameleonem rasta\"},{\"@type\":\"BreadcrumbList\",\"@id\":\"https:\/\/gadoland.pl\/produkt\/zoo-g-t-shirt\/#breadcrumb\",\"itemListElement\":[{\"@type\":\"ListItem\",\"position\":1,\"name\":\"Strona g\u0142\u00f3wna\",\"item\":\"https:\/\/gadoland.pl\/\"},{\"@type\":\"ListItem\",\"position\":2,\"name\":\"Sklep\",\"item\":\"https:\/\/gadoland.pl\/pl_pl\/sklep\/\"},{\"@type\":\"ListItem\",\"position\":3,\"name\":\"KOSZULKA OVERSIZE BIA\u0141A-DAMSKA KAMELEON W STYLU RASTA\"}]},{\"@type\":\"WebSite\",\"@id\":\"https:\/\/gadoland.pl\/pl_pl\/#website\",\"url\":\"https:\/\/gadoland.pl\/pl_pl\/\",\"name\":\"Gadoland\",\"description\":\"Gadoland\",\"publisher\":{\"@id\":\"https:\/\/gadoland.pl\/pl_pl\/#organization\"},\"potentialAction\":[{\"@type\":\"SearchAction\",\"target\":{\"@type\":\"EntryPoint\",\"urlTemplate\":\"https:\/\/gadoland.pl\/pl_pl\/?s={search_term_string}\"},\"query-input\":{\"@type\":\"PropertyValueSpecification\",\"valueRequired\":true,\"valueName\":\"search_term_string\"}}],\"inLanguage\":\"en-GB\"},{\"@type\":\"Organization\",\"@id\":\"https:\/\/gadoland.pl\/pl_pl\/#organization\",\"name\":\"Gadoland\",\"url\":\"https:\/\/gadoland.pl\/pl_pl\/\",\"logo\":{\"@type\":\"ImageObject\",\"inLanguage\":\"en-GB\",\"@id\":\"https:\/\/gadoland.pl\/pl_pl\/#\/schema\/logo\/image\/\",\"url\":\"\",\"contentUrl\":\"\",\"caption\":\"Gadoland\"},\"image\":{\"@id\":\"https:\/\/gadoland.pl\/pl_pl\/#\/schema\/logo\/image\/\"}}]}<\/script>\n<!-- \/ Yoast SEO plugin. -->","yoast_head_json":{"title":"KOSZULKA OVERSIZE BIA\u0141A-DAMSKA KAMELEON W STYLU RASTA - Gadoland","robots":{"index":"index","follow":"follow","max-snippet":"max-snippet:-1","max-image-preview":"max-image-preview:large","max-video-preview":"max-video-preview:-1"},"canonical":"https:\/\/gadoland.pl\/en\/product\/zoo-g-t-shirt\/","og_locale":"en_GB","og_type":"article","og_title":"KOSZULKA OVERSIZE BIA\u0141A-DAMSKA KAMELEON W STYLU RASTA - Gadoland","og_description":"Minimalizm i rasta\u2026? Tak, u nas to mo\u017cliwe! Po\u0142\u0105czyli\u015bmy minimalistyczny charakter t-shirtu oversize, ponadczasowej bieli, komfortu noszenia i nadruku w energetycznym stylu rasta, kt\u00f3ry przykuwa wzrok, zachwyca i inspiruje.\u00a0  Damski t-shirt oversize w stylu rasta to komfort noszenia. Opadaj\u0105ce ramiona, okr\u0105g\u0142y pr\u0105\u017ckowany dekolt - sprawiaj\u0105, \u017ce nosi si\u0119 go wyj\u0105tkowo wygodnie, niezale\u017cnie od okazji. Zosta\u0142 uszyty z organicznej bawe\u0142ny czesanej, z dba\u0142o\u015bci\u0105 o detale wyko\u0144czenia, aby s\u0142u\u017cy\u0142 jak najd\u0142u\u017cej w doskona\u0142ej formie.\u00a0","og_url":"https:\/\/gadoland.pl\/en\/product\/zoo-g-t-shirt\/","og_site_name":"Gadoland","article_modified_time":"2026-01-06T16:58:58+00:00","og_image":[{"width":1080,"height":1080,"url":"https:\/\/gadoland.pl\/wp-content\/uploads\/2024\/02\/3.png","type":"image\/png"}],"twitter_card":"summary_large_image","twitter_misc":{"Estimated reading time":"2 minutes"},"schema":{"@context":"https:\/\/schema.org","@graph":[{"@type":"WebPage","@id":"https:\/\/gadoland.pl\/produkt\/zoo-g-t-shirt\/","url":"https:\/\/gadoland.pl\/produkt\/zoo-g-t-shirt\/","name":"KOSZULKA OVERSIZE BIA\u0141A-DAMSKA KAMELEON W STYLU RASTA - Gadoland","isPartOf":{"@id":"https:\/\/gadoland.pl\/pl_pl\/#website"},"primaryImageOfPage":{"@id":"https:\/\/gadoland.pl\/produkt\/zoo-g-t-shirt\/#primaryimage"},"image":{"@id":"https:\/\/gadoland.pl\/produkt\/zoo-g-t-shirt\/#primaryimage"},"thumbnailUrl":"https:\/\/gadoland.pl\/wp-content\/uploads\/2024\/02\/3.png","datePublished":"2020-11-13T22:36:08+00:00","dateModified":"2026-01-06T16:58:58+00:00","breadcrumb":{"@id":"https:\/\/gadoland.pl\/produkt\/zoo-g-t-shirt\/#breadcrumb"},"inLanguage":"en-GB","potentialAction":[{"@type":"ReadAction","target":["https:\/\/gadoland.pl\/produkt\/zoo-g-t-shirt\/"]}]},{"@type":"ImageObject","inLanguage":"en-GB","@id":"https:\/\/gadoland.pl\/produkt\/zoo-g-t-shirt\/#primaryimage","url":"https:\/\/gadoland.pl\/wp-content\/uploads\/2024\/02\/3.png","contentUrl":"https:\/\/gadoland.pl\/wp-content\/uploads\/2024\/02\/3.png","width":1080,"height":1080,"caption":"Koszulka damska bia\u0142a z kameleonem rasta"},{"@type":"BreadcrumbList","@id":"https:\/\/gadoland.pl\/produkt\/zoo-g-t-shirt\/#breadcrumb","itemListElement":[{"@type":"ListItem","position":1,"name":"Strona g\u0142\u00f3wna","item":"https:\/\/gadoland.pl\/"},{"@type":"ListItem","position":2,"name":"Sklep","item":"https:\/\/gadoland.pl\/pl_pl\/sklep\/"},{"@type":"ListItem","position":3,"name":"KOSZULKA OVERSIZE BIA\u0141A-DAMSKA KAMELEON W STYLU RASTA"}]},{"@type":"WebSite","@id":"https:\/\/gadoland.pl\/pl_pl\/#website","url":"https:\/\/gadoland.pl\/pl_pl\/","name":"Gadoland","description":"Gadoland","publisher":{"@id":"https:\/\/gadoland.pl\/pl_pl\/#organization"},"potentialAction":[{"@type":"SearchAction","target":{"@type":"EntryPoint","urlTemplate":"https:\/\/gadoland.pl\/pl_pl\/?s={search_term_string}"},"query-input":{"@type":"PropertyValueSpecification","valueRequired":true,"valueName":"search_term_string"}}],"inLanguage":"en-GB"},{"@type":"Organization","@id":"https:\/\/gadoland.pl\/pl_pl\/#organization","name":"Gadoland","url":"https:\/\/gadoland.pl\/pl_pl\/","logo":{"@type":"ImageObject","inLanguage":"en-GB","@id":"https:\/\/gadoland.pl\/pl_pl\/#\/schema\/logo\/image\/","url":"","contentUrl":"","caption":"Gadoland"},"image":{"@id":"https:\/\/gadoland.pl\/pl_pl\/#\/schema\/logo\/image\/"}}]}},"_links":{"self":[{"href":"https:\/\/gadoland.pl\/en\/wp-json\/wp\/v2\/product\/1577","targetHints":{"allow":["GET"]}}],"collection":[{"href":"https:\/\/gadoland.pl\/en\/wp-json\/wp\/v2\/product"}],"about":[{"href":"https:\/\/gadoland.pl\/en\/wp-json\/wp\/v2\/types\/product"}],"replies":[{"embeddable":true,"href":"https:\/\/gadoland.pl\/en\/wp-json\/wp\/v2\/comments?post=1577"}],"wp:featuredmedia":[{"embeddable":true,"href":"https:\/\/gadoland.pl\/en\/wp-json\/wp\/v2\/media\/6952"}],"wp:attachment":[{"href":"https:\/\/gadoland.pl\/en\/wp-json\/wp\/v2\/media?parent=1577"}],"wp:term":[{"taxonomy":"product_brand","embeddable":true,"href":"https:\/\/gadoland.pl\/en\/wp-json\/wp\/v2\/product_brand?post=1577"},{"taxonomy":"product_cat","embeddable":true,"href":"https:\/\/gadoland.pl\/en\/wp-json\/wp\/v2\/product_cat?post=1577"},{"taxonomy":"product_tag","embeddable":true,"href":"https:\/\/gadoland.pl\/en\/wp-json\/wp\/v2\/product_tag?post=1577"}],"curies":[{"name":"wp","href":"https:\/\/api.w.org\/{rel}","templated":true}]}}