{"id":62,"date":"2020-10-20T10:22:33","date_gmt":"2020-10-20T08:22:33","guid":{"rendered":"https:\/\/demo.artureanec.com\/themes\/wildworld\/?page_id=62"},"modified":"2023-08-08T12:39:19","modified_gmt":"2023-08-08T10:39:19","slug":"fundacja-anakonda","status":"publish","type":"page","link":"https:\/\/gadoland.pl\/en\/fundacja-anakonda\/","title":{"rendered":"FUNDACJA anakonda"},"content":{"rendered":"<div data-elementor-type=\"wp-page\" data-elementor-id=\"62\" class=\"elementor elementor-62\">\n\t\t\t\t\t\t<section class=\"elementor-section elementor-top-section elementor-element elementor-element-97c03b9 elementor-section-full_width elementor-section-height-default elementor-section-height-default\" data-id=\"97c03b9\" data-element_type=\"section\">\n\t\t\t\t\t\t\t<div class=\"elementor-background-overlay\"><\/div>\n\t\t\t\t\t\t\t<div class=\"elementor-container elementor-column-gap-default\">\n\t\t\t\t\t<div class=\"elementor-column elementor-col-100 elementor-top-column elementor-element elementor-element-c8fc63c\" data-id=\"c8fc63c\" data-element_type=\"column\" data-settings=\"{&quot;background_background&quot;:&quot;classic&quot;}\">\n\t\t\t<div class=\"elementor-widget-wrap elementor-element-populated\">\n\t\t\t\t\t<div class=\"elementor-background-overlay\"><\/div>\n\t\t\t\t\t\t<div class=\"elementor-element elementor-element-23e3da7 elementor-widget elementor-widget-spacer\" data-id=\"23e3da7\" data-element_type=\"widget\" data-widget_type=\"spacer.default\">\n\t\t\t\t<div class=\"elementor-widget-container\">\n\t\t\t\t\t\t\t<div class=\"elementor-spacer\">\n\t\t\t<div class=\"elementor-spacer-inner\"><\/div>\n\t\t<\/div>\n\t\t\t\t\t\t<\/div>\n\t\t\t\t<\/div>\n\t\t\t\t<div class=\"elementor-element elementor-element-ecd851b elementor-widget elementor-widget-wildworld_heading\" data-id=\"ecd851b\" data-element_type=\"widget\" data-widget_type=\"wildworld_heading.default\">\n\t\t\t\t<div class=\"elementor-widget-container\">\n\t\t\t\t\t\n        <div class=\"wildworld_heading_widget\">\n                            <h3 class=\"wildworld_heading translation-block\">how did it all <span>start?<\/span><\/h3>\n                        <\/div>\n        \t\t\t\t<\/div>\n\t\t\t\t<\/div>\n\t\t\t\t<div class=\"elementor-element elementor-element-e258bf0 elementor-widget elementor-widget-spacer\" data-id=\"e258bf0\" data-element_type=\"widget\" data-widget_type=\"spacer.default\">\n\t\t\t\t<div class=\"elementor-widget-container\">\n\t\t\t\t\t\t\t<div class=\"elementor-spacer\">\n\t\t\t<div class=\"elementor-spacer-inner\"><\/div>\n\t\t<\/div>\n\t\t\t\t\t\t<\/div>\n\t\t\t\t<\/div>\n\t\t\t\t<section class=\"elementor-section elementor-inner-section elementor-element elementor-element-455b42b elementor-section-boxed elementor-section-height-default elementor-section-height-default\" data-id=\"455b42b\" data-element_type=\"section\">\n\t\t\t\t\t\t<div class=\"elementor-container elementor-column-gap-default\">\n\t\t\t\t\t<div class=\"elementor-column elementor-col-100 elementor-inner-column elementor-element elementor-element-b5d141a\" data-id=\"b5d141a\" data-element_type=\"column\">\n\t\t\t<div class=\"elementor-widget-wrap elementor-element-populated\">\n\t\t\t\t\t\t<div class=\"elementor-element elementor-element-358fa92 elementor-widget elementor-widget-text-editor\" data-id=\"358fa92\" data-element_type=\"widget\" data-widget_type=\"text-editor.default\">\n\t\t\t\t<div class=\"elementor-widget-container\">\n\t\t\t\t\t\t\t\t\t<p>Passion turned into helping and helping these exotic pets. Over time, private breeders, novice terrarists and even state services will come to Gadoland with additional help. There were so many interventions that Magdalena and Mariusz decided to create a foundation. This is how, on July 13, 2020, the creator of Fundacja Anakonda.<\/p>\t\t\t\t\t\t\t\t<\/div>\n\t\t\t\t<\/div>\n\t\t\t\t<div class=\"elementor-element elementor-element-d6855b2 elementor-widget elementor-widget-spacer\" data-id=\"d6855b2\" data-element_type=\"widget\" data-widget_type=\"spacer.default\">\n\t\t\t\t<div class=\"elementor-widget-container\">\n\t\t\t\t\t\t\t<div class=\"elementor-spacer\">\n\t\t\t<div class=\"elementor-spacer-inner\"><\/div>\n\t\t<\/div>\n\t\t\t\t\t\t<\/div>\n\t\t\t\t<\/div>\n\t\t\t\t<div class=\"elementor-element elementor-element-1d7fb41 elementor-widget elementor-widget-text-editor\" data-id=\"1d7fb41\" data-element_type=\"widget\" data-widget_type=\"text-editor.default\">\n\t\t\t\t<div class=\"elementor-widget-container\">\n\t\t\t\t\t\t\t\t\t<p>Its primary goal is to help exotic animals. The institution is involved in catching invasive animals, identifying certain species of reptiles, accepting animals from inappropriate conditions or from private individuals. The Anakonda Foundation also helps in the process of adopting a selected reptile or amphibian, and you can meet many of its charges at the exhibition.<\/p>\t\t\t\t\t\t\t\t<\/div>\n\t\t\t\t<\/div>\n\t\t\t\t<div class=\"elementor-element elementor-element-affa801 elementor-widget elementor-widget-spacer\" data-id=\"affa801\" data-element_type=\"widget\" data-widget_type=\"spacer.default\">\n\t\t\t\t<div class=\"elementor-widget-container\">\n\t\t\t\t\t\t\t<div class=\"elementor-spacer\">\n\t\t\t<div class=\"elementor-spacer-inner\"><\/div>\n\t\t<\/div>\n\t\t\t\t\t\t<\/div>\n\t\t\t\t<\/div>\n\t\t\t\t<div class=\"elementor-element elementor-element-a63ebc5 elementor-widget elementor-widget-text-editor\" data-id=\"a63ebc5\" data-element_type=\"widget\" data-widget_type=\"text-editor.default\">\n\t\t\t\t<div class=\"elementor-widget-container\">\n\t\t\t\t\t\t\t\t\t<p>One of the successes was the performance of the couple in one of the popular entertainment shows in 2021. They presented the story of selected charges and were able to reach a much larger community with their message. And what was the purpose of it?<\/p>\t\t\t\t\t\t\t\t<\/div>\n\t\t\t\t<\/div>\n\t\t\t\t\t<\/div>\n\t\t<\/div>\n\t\t\t\t\t<\/div>\n\t\t<\/section>\n\t\t\t\t<div class=\"elementor-element elementor-element-9f60b11 elementor-widget elementor-widget-spacer\" data-id=\"9f60b11\" data-element_type=\"widget\" data-widget_type=\"spacer.default\">\n\t\t\t\t<div class=\"elementor-widget-container\">\n\t\t\t\t\t\t\t<div class=\"elementor-spacer\">\n\t\t\t<div class=\"elementor-spacer-inner\"><\/div>\n\t\t<\/div>\n\t\t\t\t\t\t<\/div>\n\t\t\t\t<\/div>\n\t\t\t\t\t<\/div>\n\t\t<\/div>\n\t\t\t\t\t<\/div>\n\t\t<\/section>\n\t\t\t\t<section class=\"elementor-section elementor-top-section elementor-element elementor-element-ed4aeb0 elementor-section-boxed elementor-section-height-default elementor-section-height-default\" data-id=\"ed4aeb0\" data-element_type=\"section\">\n\t\t\t\t\t\t<div class=\"elementor-container elementor-column-gap-default\">\n\t\t\t\t\t<div class=\"elementor-column elementor-col-100 elementor-top-column elementor-element elementor-element-9db5d4e\" data-id=\"9db5d4e\" data-element_type=\"column\">\n\t\t\t<div class=\"elementor-widget-wrap elementor-element-populated\">\n\t\t\t\t\t\t<div class=\"elementor-element elementor-element-c40e41b elementor-widget elementor-widget-image\" data-id=\"c40e41b\" data-element_type=\"widget\" data-widget_type=\"image.default\">\n\t\t\t\t<div class=\"elementor-widget-container\">\n\t\t\t\t\t\t\t\t\t\t\t\t\t\t\t<img fetchpriority=\"high\" decoding=\"async\" width=\"860\" height=\"585\" src=\"https:\/\/gadoland.pl\/wp-content\/uploads\/2023\/06\/IMG_3144-1024x697.jpg\" class=\"attachment-large size-large wp-image-4714\" alt=\"\" srcset=\"https:\/\/gadoland.pl\/wp-content\/uploads\/2023\/06\/IMG_3144-1024x697.jpg 1024w, https:\/\/gadoland.pl\/wp-content\/uploads\/2023\/06\/IMG_3144-300x204.jpg 300w, https:\/\/gadoland.pl\/wp-content\/uploads\/2023\/06\/IMG_3144-768x523.jpg 768w, https:\/\/gadoland.pl\/wp-content\/uploads\/2023\/06\/IMG_3144.jpg 1060w\" sizes=\"(max-width: 860px) 100vw, 860px\" \/>\t\t\t\t\t\t\t\t\t\t\t\t\t\t\t<\/div>\n\t\t\t\t<\/div>\n\t\t\t\t\t<\/div>\n\t\t<\/div>\n\t\t\t\t\t<\/div>\n\t\t<\/section>\n\t\t\t\t<section class=\"elementor-section elementor-top-section elementor-element elementor-element-323e933 elementor-section-boxed elementor-section-height-default elementor-section-height-default\" data-id=\"323e933\" data-element_type=\"section\">\n\t\t\t\t\t\t<div class=\"elementor-container elementor-column-gap-default\">\n\t\t\t\t\t<div class=\"elementor-column elementor-col-100 elementor-top-column elementor-element elementor-element-252d1d2\" data-id=\"252d1d2\" data-element_type=\"column\">\n\t\t\t<div class=\"elementor-widget-wrap elementor-element-populated\">\n\t\t\t\t\t\t<div class=\"elementor-element elementor-element-110d6ae elementor-widget elementor-widget-spacer\" data-id=\"110d6ae\" data-element_type=\"widget\" data-widget_type=\"spacer.default\">\n\t\t\t\t<div class=\"elementor-widget-container\">\n\t\t\t\t\t\t\t<div class=\"elementor-spacer\">\n\t\t\t<div class=\"elementor-spacer-inner\"><\/div>\n\t\t<\/div>\n\t\t\t\t\t\t<\/div>\n\t\t\t\t<\/div>\n\t\t\t\t<div class=\"elementor-element elementor-element-137b940 elementor-widget elementor-widget-text-editor\" data-id=\"137b940\" data-element_type=\"widget\" data-widget_type=\"text-editor.default\">\n\t\t\t\t<div class=\"elementor-widget-container\">\n\t\t\t\t\t\t\t\t\t<p>Of course, publicizing the topic of irresponsible breeding of exotic animals. Magdalena and Mariusz want to make people aware that owning a reptile is not a temporary trend. Sometimes it's a lifetime commitment. Perhaps by such action, at least one person will re-examine all the pros and cons before deciding to buy a snake or a lizard.<\/p>\t\t\t\t\t\t\t\t<\/div>\n\t\t\t\t<\/div>\n\t\t\t\t<div class=\"elementor-element elementor-element-47c3dfb elementor-widget elementor-widget-spacer\" data-id=\"47c3dfb\" data-element_type=\"widget\" data-widget_type=\"spacer.default\">\n\t\t\t\t<div class=\"elementor-widget-container\">\n\t\t\t\t\t\t\t<div class=\"elementor-spacer\">\n\t\t\t<div class=\"elementor-spacer-inner\"><\/div>\n\t\t<\/div>\n\t\t\t\t\t\t<\/div>\n\t\t\t\t<\/div>\n\t\t\t\t\t<\/div>\n\t\t<\/div>\n\t\t\t\t\t<\/div>\n\t\t<\/section>\n\t\t\t\t<section class=\"elementor-section elementor-top-section elementor-element elementor-element-74392799 elementor-section-stretched elementor-section-height-full elementor-section-full_width elementor-section-height-default elementor-section-items-middle\" data-id=\"74392799\" data-element_type=\"section\" data-settings=\"{&quot;stretch_section&quot;:&quot;section-stretched&quot;,&quot;background_background&quot;:&quot;classic&quot;}\">\n\t\t\t\t\t\t\t<div class=\"elementor-background-overlay\"><\/div>\n\t\t\t\t\t\t\t<div class=\"elementor-container elementor-column-gap-default\">\n\t\t\t\t\t<div class=\"elementor-column elementor-col-100 elementor-top-column elementor-element elementor-element-6b948712\" data-id=\"6b948712\" data-element_type=\"column\">\n\t\t\t<div class=\"elementor-widget-wrap elementor-element-populated\">\n\t\t\t\t\t\t<div class=\"elementor-element elementor-element-b5a6aad elementor-widget elementor-widget-heading\" data-id=\"b5a6aad\" data-element_type=\"widget\" data-widget_type=\"heading.default\">\n\t\t\t\t<div class=\"elementor-widget-container\">\n\t\t\t\t\t<h2 class=\"elementor-heading-title elementor-size-default\">WANT TO SUPPORT THE FOUNDATION?<\/h2>\t\t\t\t<\/div>\n\t\t\t\t<\/div>\n\t\t\t\t<div class=\"elementor-element elementor-element-6d5523c elementor-widget elementor-widget-spacer\" data-id=\"6d5523c\" data-element_type=\"widget\" data-widget_type=\"spacer.default\">\n\t\t\t\t<div class=\"elementor-widget-container\">\n\t\t\t\t\t\t\t<div class=\"elementor-spacer\">\n\t\t\t<div class=\"elementor-spacer-inner\"><\/div>\n\t\t<\/div>\n\t\t\t\t\t\t<\/div>\n\t\t\t\t<\/div>\n\t\t\t\t\t<\/div>\n\t\t<\/div>\n\t\t\t\t\t<\/div>\n\t\t<\/section>\n\t\t\t\t<section class=\"elementor-section elementor-top-section elementor-element elementor-element-b9f57c9 elementor-section-boxed elementor-section-height-default elementor-section-height-default\" data-id=\"b9f57c9\" data-element_type=\"section\">\n\t\t\t\t\t\t<div class=\"elementor-container elementor-column-gap-default\">\n\t\t\t\t\t<div class=\"elementor-column elementor-col-100 elementor-top-column elementor-element elementor-element-72cf63e\" data-id=\"72cf63e\" data-element_type=\"column\">\n\t\t\t<div class=\"elementor-widget-wrap elementor-element-populated\">\n\t\t\t\t\t\t<div class=\"elementor-element elementor-element-86d4a55 elementor-widget elementor-widget-spacer\" data-id=\"86d4a55\" data-element_type=\"widget\" data-widget_type=\"spacer.default\">\n\t\t\t\t<div class=\"elementor-widget-container\">\n\t\t\t\t\t\t\t<div class=\"elementor-spacer\">\n\t\t\t<div class=\"elementor-spacer-inner\"><\/div>\n\t\t<\/div>\n\t\t\t\t\t\t<\/div>\n\t\t\t\t<\/div>\n\t\t\t\t<div class=\"elementor-element elementor-element-8ec7263 elementor-widget elementor-widget-wildworld_heading\" data-id=\"8ec7263\" data-element_type=\"widget\" data-widget_type=\"wildworld_heading.default\">\n\t\t\t\t<div class=\"elementor-widget-container\">\n\t\t\t\t\t\n        <div class=\"wildworld_heading_widget\">\n                            <h3 class=\"wildworld_heading translation-block\">be sure to check here and find out <span>how you can do it<\/h3>\n                        <\/div>\n        \t\t\t\t<\/div>\n\t\t\t\t<\/div>\n\t\t\t\t<div class=\"elementor-element elementor-element-eb40112 elementor-widget elementor-widget-spacer\" data-id=\"eb40112\" data-element_type=\"widget\" data-widget_type=\"spacer.default\">\n\t\t\t\t<div class=\"elementor-widget-container\">\n\t\t\t\t\t\t\t<div class=\"elementor-spacer\">\n\t\t\t<div class=\"elementor-spacer-inner\"><\/div>\n\t\t<\/div>\n\t\t\t\t\t\t<\/div>\n\t\t\t\t<\/div>\n\t\t\t\t<div class=\"elementor-element elementor-element-85b9398 elementor-widget elementor-widget-wildworld_button\" data-id=\"85b9398\" data-element_type=\"widget\" data-widget_type=\"wildworld_button.default\">\n\t\t\t\t<div class=\"elementor-widget-container\">\n\t\t\t\t\t\n        <div class=\"wildworld_button_widget\">\n            <div class=\"wildworld_button_container\">\n                <a class=\"wildworld_button wildworld_button--primary\" href=\"https:\/\/www.facebook.com\/fundacjaanakonda\/\" target=\"_blank\">CLICK HERE<\/a>\n            <\/div>\n        <\/div>\n        \t\t\t\t<\/div>\n\t\t\t\t<\/div>\n\t\t\t\t<div class=\"elementor-element elementor-element-8f297a1 elementor-widget elementor-widget-spacer\" data-id=\"8f297a1\" data-element_type=\"widget\" data-widget_type=\"spacer.default\">\n\t\t\t\t<div class=\"elementor-widget-container\">\n\t\t\t\t\t\t\t<div class=\"elementor-spacer\">\n\t\t\t<div class=\"elementor-spacer-inner\"><\/div>\n\t\t<\/div>\n\t\t\t\t\t\t<\/div>\n\t\t\t\t<\/div>\n\t\t\t\t\t<\/div>\n\t\t<\/div>\n\t\t\t\t\t<\/div>\n\t\t<\/section>\n\t\t\t\t<\/div>","protected":false},"excerpt":{"rendered":"<p>Pasja przerodzi\u0142a si\u0119 w poczucie misji i ch\u0119\u0107 pomocy tym egzotycznym pupilom. Z biegiem czasu, do Gadolandu, z pro\u015bb\u0105 \u00a0 \u00a0 o pomoc zacz\u0119li zg\u0142asza\u0107 si\u0119 prywatni hodowcy, pocz\u0105tkuj\u0105cy terrary\u015bci, a nawet s\u0142u\u017cby pa\u0144stwowe. Interwencji by\u0142o tak du\u017co, \u017ce Magdalena z Mariuszem postanowili za\u0142o\u017cy\u0107 fundacj\u0119. I tak oto, dnia 13.07.2020 roku, powsta\u0142a Fundacja Anakonda. Jej [&hellip;]<\/p>","protected":false},"author":1,"featured_media":0,"parent":0,"menu_order":0,"comment_status":"closed","ping_status":"closed","template":"","meta":{"footnotes":""},"class_list":["post-62","page","type-page","status-publish","hentry"],"yoast_head":"<!-- This site is optimized with the Yoast SEO plugin v26.6 - https:\/\/yoast.com\/wordpress\/plugins\/seo\/ -->\n<title>FUNDACJA anakonda - Gadoland<\/title>\n<meta name=\"robots\" content=\"index, follow, max-snippet:-1, max-image-preview:large, max-video-preview:-1\" \/>\n<link rel=\"canonical\" href=\"https:\/\/gadoland.pl\/en\/fundacja-anakonda\/\" \/>\n<meta property=\"og:locale\" content=\"en_GB\" \/>\n<meta property=\"og:type\" content=\"article\" \/>\n<meta property=\"og:title\" content=\"FUNDACJA anakonda - Gadoland\" \/>\n<meta property=\"og:description\" content=\"Pasja przerodzi\u0142a si\u0119 w poczucie misji i ch\u0119\u0107 pomocy tym egzotycznym pupilom. Z biegiem czasu, do Gadolandu, z pro\u015bb\u0105 \u00a0 \u00a0 o pomoc zacz\u0119li zg\u0142asza\u0107 si\u0119 prywatni hodowcy, pocz\u0105tkuj\u0105cy terrary\u015bci, a nawet s\u0142u\u017cby pa\u0144stwowe. Interwencji by\u0142o tak du\u017co, \u017ce Magdalena z Mariuszem postanowili za\u0142o\u017cy\u0107 fundacj\u0119. I tak oto, dnia 13.07.2020 roku, powsta\u0142a Fundacja Anakonda. Jej [&hellip;]\" \/>\n<meta property=\"og:url\" content=\"https:\/\/gadoland.pl\/en\/fundacja-anakonda\/\" \/>\n<meta property=\"og:site_name\" content=\"Gadoland\" \/>\n<meta property=\"article:modified_time\" content=\"2023-08-08T10:39:19+00:00\" \/>\n<meta property=\"og:image\" content=\"https:\/\/gadoland.pl\/wp-content\/uploads\/2023\/06\/IMG_3144-1024x697.jpg\" \/>\n<meta name=\"twitter:card\" content=\"summary_large_image\" \/>\n<meta name=\"twitter:label1\" content=\"Estimated reading time\" \/>\n\t<meta name=\"twitter:data1\" content=\"1 minute\" \/>\n<script type=\"application\/ld+json\" class=\"yoast-schema-graph\">{\"@context\":\"https:\/\/schema.org\",\"@graph\":[{\"@type\":\"WebPage\",\"@id\":\"https:\/\/gadoland.pl\/fundacja-anakonda\/\",\"url\":\"https:\/\/gadoland.pl\/fundacja-anakonda\/\",\"name\":\"FUNDACJA anakonda - Gadoland\",\"isPartOf\":{\"@id\":\"https:\/\/gadoland.pl\/pl_pl\/#website\"},\"primaryImageOfPage\":{\"@id\":\"https:\/\/gadoland.pl\/fundacja-anakonda\/#primaryimage\"},\"image\":{\"@id\":\"https:\/\/gadoland.pl\/fundacja-anakonda\/#primaryimage\"},\"thumbnailUrl\":\"https:\/\/gadoland.pl\/wp-content\/uploads\/2023\/06\/IMG_3144-1024x697.jpg\",\"datePublished\":\"2020-10-20T08:22:33+00:00\",\"dateModified\":\"2023-08-08T10:39:19+00:00\",\"breadcrumb\":{\"@id\":\"https:\/\/gadoland.pl\/fundacja-anakonda\/#breadcrumb\"},\"inLanguage\":\"en-GB\",\"potentialAction\":[{\"@type\":\"ReadAction\",\"target\":[\"https:\/\/gadoland.pl\/fundacja-anakonda\/\"]}]},{\"@type\":\"ImageObject\",\"inLanguage\":\"en-GB\",\"@id\":\"https:\/\/gadoland.pl\/fundacja-anakonda\/#primaryimage\",\"url\":\"https:\/\/gadoland.pl\/wp-content\/uploads\/2023\/06\/IMG_3144-1024x697.jpg\",\"contentUrl\":\"https:\/\/gadoland.pl\/wp-content\/uploads\/2023\/06\/IMG_3144-1024x697.jpg\"},{\"@type\":\"BreadcrumbList\",\"@id\":\"https:\/\/gadoland.pl\/fundacja-anakonda\/#breadcrumb\",\"itemListElement\":[{\"@type\":\"ListItem\",\"position\":1,\"name\":\"Strona g\u0142\u00f3wna\",\"item\":\"https:\/\/gadoland.pl\/\"},{\"@type\":\"ListItem\",\"position\":2,\"name\":\"FUNDACJA anakonda\"}]},{\"@type\":\"WebSite\",\"@id\":\"https:\/\/gadoland.pl\/pl_pl\/#website\",\"url\":\"https:\/\/gadoland.pl\/pl_pl\/\",\"name\":\"Gadoland\",\"description\":\"Gadoland\",\"publisher\":{\"@id\":\"https:\/\/gadoland.pl\/pl_pl\/#organization\"},\"potentialAction\":[{\"@type\":\"SearchAction\",\"target\":{\"@type\":\"EntryPoint\",\"urlTemplate\":\"https:\/\/gadoland.pl\/pl_pl\/?s={search_term_string}\"},\"query-input\":{\"@type\":\"PropertyValueSpecification\",\"valueRequired\":true,\"valueName\":\"search_term_string\"}}],\"inLanguage\":\"en-GB\"},{\"@type\":\"Organization\",\"@id\":\"https:\/\/gadoland.pl\/pl_pl\/#organization\",\"name\":\"Gadoland\",\"url\":\"https:\/\/gadoland.pl\/pl_pl\/\",\"logo\":{\"@type\":\"ImageObject\",\"inLanguage\":\"en-GB\",\"@id\":\"https:\/\/gadoland.pl\/pl_pl\/#\/schema\/logo\/image\/\",\"url\":\"\",\"contentUrl\":\"\",\"caption\":\"Gadoland\"},\"image\":{\"@id\":\"https:\/\/gadoland.pl\/pl_pl\/#\/schema\/logo\/image\/\"}}]}<\/script>\n<!-- \/ Yoast SEO plugin. -->","yoast_head_json":{"title":"FUNDACJA anakonda - Gadoland","robots":{"index":"index","follow":"follow","max-snippet":"max-snippet:-1","max-image-preview":"max-image-preview:large","max-video-preview":"max-video-preview:-1"},"canonical":"https:\/\/gadoland.pl\/en\/fundacja-anakonda\/","og_locale":"en_GB","og_type":"article","og_title":"FUNDACJA anakonda - Gadoland","og_description":"Pasja przerodzi\u0142a si\u0119 w poczucie misji i ch\u0119\u0107 pomocy tym egzotycznym pupilom. Z biegiem czasu, do Gadolandu, z pro\u015bb\u0105 \u00a0 \u00a0 o pomoc zacz\u0119li zg\u0142asza\u0107 si\u0119 prywatni hodowcy, pocz\u0105tkuj\u0105cy terrary\u015bci, a nawet s\u0142u\u017cby pa\u0144stwowe. Interwencji by\u0142o tak du\u017co, \u017ce Magdalena z Mariuszem postanowili za\u0142o\u017cy\u0107 fundacj\u0119. I tak oto, dnia 13.07.2020 roku, powsta\u0142a Fundacja Anakonda. Jej [&hellip;]","og_url":"https:\/\/gadoland.pl\/en\/fundacja-anakonda\/","og_site_name":"Gadoland","article_modified_time":"2023-08-08T10:39:19+00:00","og_image":[{"url":"https:\/\/gadoland.pl\/wp-content\/uploads\/2023\/06\/IMG_3144-1024x697.jpg","type":"","width":"","height":""}],"twitter_card":"summary_large_image","twitter_misc":{"Estimated reading time":"1 minute"},"schema":{"@context":"https:\/\/schema.org","@graph":[{"@type":"WebPage","@id":"https:\/\/gadoland.pl\/fundacja-anakonda\/","url":"https:\/\/gadoland.pl\/fundacja-anakonda\/","name":"FUNDACJA anakonda - Gadoland","isPartOf":{"@id":"https:\/\/gadoland.pl\/pl_pl\/#website"},"primaryImageOfPage":{"@id":"https:\/\/gadoland.pl\/fundacja-anakonda\/#primaryimage"},"image":{"@id":"https:\/\/gadoland.pl\/fundacja-anakonda\/#primaryimage"},"thumbnailUrl":"https:\/\/gadoland.pl\/wp-content\/uploads\/2023\/06\/IMG_3144-1024x697.jpg","datePublished":"2020-10-20T08:22:33+00:00","dateModified":"2023-08-08T10:39:19+00:00","breadcrumb":{"@id":"https:\/\/gadoland.pl\/fundacja-anakonda\/#breadcrumb"},"inLanguage":"en-GB","potentialAction":[{"@type":"ReadAction","target":["https:\/\/gadoland.pl\/fundacja-anakonda\/"]}]},{"@type":"ImageObject","inLanguage":"en-GB","@id":"https:\/\/gadoland.pl\/fundacja-anakonda\/#primaryimage","url":"https:\/\/gadoland.pl\/wp-content\/uploads\/2023\/06\/IMG_3144-1024x697.jpg","contentUrl":"https:\/\/gadoland.pl\/wp-content\/uploads\/2023\/06\/IMG_3144-1024x697.jpg"},{"@type":"BreadcrumbList","@id":"https:\/\/gadoland.pl\/fundacja-anakonda\/#breadcrumb","itemListElement":[{"@type":"ListItem","position":1,"name":"Strona g\u0142\u00f3wna","item":"https:\/\/gadoland.pl\/"},{"@type":"ListItem","position":2,"name":"FUNDACJA anakonda"}]},{"@type":"WebSite","@id":"https:\/\/gadoland.pl\/pl_pl\/#website","url":"https:\/\/gadoland.pl\/pl_pl\/","name":"Gadoland","description":"Gadoland","publisher":{"@id":"https:\/\/gadoland.pl\/pl_pl\/#organization"},"potentialAction":[{"@type":"SearchAction","target":{"@type":"EntryPoint","urlTemplate":"https:\/\/gadoland.pl\/pl_pl\/?s={search_term_string}"},"query-input":{"@type":"PropertyValueSpecification","valueRequired":true,"valueName":"search_term_string"}}],"inLanguage":"en-GB"},{"@type":"Organization","@id":"https:\/\/gadoland.pl\/pl_pl\/#organization","name":"Gadoland","url":"https:\/\/gadoland.pl\/pl_pl\/","logo":{"@type":"ImageObject","inLanguage":"en-GB","@id":"https:\/\/gadoland.pl\/pl_pl\/#\/schema\/logo\/image\/","url":"","contentUrl":"","caption":"Gadoland"},"image":{"@id":"https:\/\/gadoland.pl\/pl_pl\/#\/schema\/logo\/image\/"}}]}},"_links":{"self":[{"href":"https:\/\/gadoland.pl\/en\/wp-json\/wp\/v2\/pages\/62","targetHints":{"allow":["GET"]}}],"collection":[{"href":"https:\/\/gadoland.pl\/en\/wp-json\/wp\/v2\/pages"}],"about":[{"href":"https:\/\/gadoland.pl\/en\/wp-json\/wp\/v2\/types\/page"}],"author":[{"embeddable":true,"href":"https:\/\/gadoland.pl\/en\/wp-json\/wp\/v2\/users\/1"}],"replies":[{"embeddable":true,"href":"https:\/\/gadoland.pl\/en\/wp-json\/wp\/v2\/comments?post=62"}],"version-history":[{"count":323,"href":"https:\/\/gadoland.pl\/en\/wp-json\/wp\/v2\/pages\/62\/revisions"}],"predecessor-version":[{"id":6851,"href":"https:\/\/gadoland.pl\/en\/wp-json\/wp\/v2\/pages\/62\/revisions\/6851"}],"wp:attachment":[{"href":"https:\/\/gadoland.pl\/en\/wp-json\/wp\/v2\/media?parent=62"}],"curies":[{"name":"wp","href":"https:\/\/api.w.org\/{rel}","templated":true}]}}