{"id":5631,"date":"2023-06-08T18:08:32","date_gmt":"2023-06-08T16:08:32","guid":{"rendered":"https:\/\/gadoland.pl\/?page_id=5631"},"modified":"2023-08-08T12:41:16","modified_gmt":"2023-08-08T10:41:16","slug":"regulamin-czwartkowych-obiadkow-u-gadow","status":"publish","type":"page","link":"https:\/\/gadoland.pl\/en\/regulamin-czwartkowych-obiadkow-u-gadow\/","title":{"rendered":"Regulamin Czwartkowych obiadk\u00f3w u gad\u00f3w"},"content":{"rendered":"<div data-elementor-type=\"wp-page\" data-elementor-id=\"5631\" class=\"elementor elementor-5631\">\n\t\t\t\t\t\t<section class=\"elementor-section elementor-top-section elementor-element elementor-element-2a331a0 elementor-section-boxed elementor-section-height-default elementor-section-height-default\" data-id=\"2a331a0\" data-element_type=\"section\">\n\t\t\t\t\t\t<div class=\"elementor-container elementor-column-gap-default\">\n\t\t\t\t\t<div class=\"elementor-column elementor-col-100 elementor-top-column elementor-element elementor-element-80ef357\" data-id=\"80ef357\" data-element_type=\"column\">\n\t\t\t<div class=\"elementor-widget-wrap elementor-element-populated\">\n\t\t\t\t\t\t<div class=\"elementor-element elementor-element-4fe3699 elementor-widget elementor-widget-spacer\" data-id=\"4fe3699\" data-element_type=\"widget\" data-widget_type=\"spacer.default\">\n\t\t\t\t<div class=\"elementor-widget-container\">\n\t\t\t\t\t\t\t<div class=\"elementor-spacer\">\n\t\t\t<div class=\"elementor-spacer-inner\"><\/div>\n\t\t<\/div>\n\t\t\t\t\t\t<\/div>\n\t\t\t\t<\/div>\n\t\t\t\t<div class=\"elementor-element elementor-element-f013255 elementor-widget elementor-widget-heading\" data-id=\"f013255\" data-element_type=\"widget\" data-widget_type=\"heading.default\">\n\t\t\t\t<div class=\"elementor-widget-container\">\n\t\t\t\t\t<h2 class=\"elementor-heading-title elementor-size-default\">REGULAMIN CZWARTKOWYCH OBIADK\u00d3W U GAD\u00d3W<\/h2>\t\t\t\t<\/div>\n\t\t\t\t<\/div>\n\t\t\t\t<div class=\"elementor-element elementor-element-1f2ba67 elementor-widget elementor-widget-spacer\" data-id=\"1f2ba67\" data-element_type=\"widget\" data-widget_type=\"spacer.default\">\n\t\t\t\t<div class=\"elementor-widget-container\">\n\t\t\t\t\t\t\t<div class=\"elementor-spacer\">\n\t\t\t<div class=\"elementor-spacer-inner\"><\/div>\n\t\t<\/div>\n\t\t\t\t\t\t<\/div>\n\t\t\t\t<\/div>\n\t\t\t\t<div class=\"elementor-element elementor-element-97f0079 elementor-widget elementor-widget-text-editor\" data-id=\"97f0079\" data-element_type=\"widget\" data-widget_type=\"text-editor.default\">\n\t\t\t\t<div class=\"elementor-widget-container\">\n\t\t\t\t\t\t\t\t\t<p>Podczas wydarzenia obowi\u0105zuje zar\u00f3wno regulamin obiektu jak i regulamin wydarzenia \u201cCzwartkowe obiadki u gad\u00f3w\u201d. Wej\u015bcie jest jednorazowe, wi\u0119c prosimy o przemy\u015blany zakup. Zakupione bilety nie podlegaj\u0105 wymianie ani zwrotowi.<\/p><p>\u00a0<\/p><p>Regulamin wydarzenia \u201eCzwartkowe obiadki u gad\u00f3w\u201d obowi\u0105zuj\u0105cy na wystawie zwierz\u0105t egzotycznych \u201eGadoland\u201d w Aquacentrum Reda:<\/p><ol><li>\u201eCzwartkowe obiadki u gad\u00f3w\u201d to wydarzenie, kt\u00f3re polega na oprowadzeniu odwiedzaj\u0105cych po wystawie zwierz\u0105t egzotycznych, om\u00f3wieniu wybranych gatunk\u00f3w i ciekawostek z ich \u015bwiata oraz uczestnictwie w pokazie karmienia. Organizatorem wydarzenia jest Gadoland znajduj\u0105cy si\u0119 w Aquaparku Reda;<\/li><li>Oprowadzenie zwiedzaj\u0105cych oraz om\u00f3wienie ciekawostek ze \u015bwiata gad\u00f3w prowadzone jest przez opiekuna i w\u0142a\u015bciciela zwierz\u0105t, Mariusza Zastawnego;<\/li><li>W trakcie wydarzenia zwierz\u0119ta karmione s\u0105 martwym pokarmem, kt\u00f3ry pochodzi z wyspecjalizowanej, certyfikowanej hodowli;<\/li><li>W wydarzeniu mog\u0105 bra\u0107 udzia\u0142 wszyscy, niezale\u017cnie od wieku. Jednak w tym czasie, dzieci i m\u0142odzie\u017c do 14 roku \u017cycia, mog\u0105 przebywa\u0107 na wystawie tylko w obecno\u015bci opiekuna;<\/li><li>Podczas wydarzenia jest mo\u017cliwo\u015b\u0107 dotkni\u0119cia i trzymania zwierz\u0105t na w\u0142asn\u0105 odpowiedzialno\u015b\u0107;<\/li><li>Czas trwania wydarzenia wraz z pokazem to oko\u0142o 60-90 minut. Na wystawie mo\u017cna przebywa\u0107 tak\u017ce poza godzinami trwania wydarzenia. Wystawa otwarta jest w godzinach 10:00-18:00;<\/li><li>Maksymalna liczba uczestnik\u00f3w bior\u0105cych udzia\u0142 w wydarzeniu to 20 os\u00f3b. W tym czasie wystawa b\u0119dzie niedost\u0119pna dla innych zwiedzaj\u0105cych;<\/li><li>Koszt wst\u0119pu na wystaw\u0119 wraz z udzia\u0142em w wydarzeniu to 35 PLN od osoby;<\/li><li>Dzieci do 3 roku \u017cycia maj\u0105 wst\u0119p bezp\u0142atny;<\/li><li>Podczas zwiedzania jest bezwzgl\u0119dny zakaz dotykania i pukania w szyby;<\/li><li>Podczas zwiedzania zabronione jest robienie zdj\u0119\u0107 z u\u017cyciem lampy b\u0142yskowej;<\/li><li>W momencie zakupu wydawany jest rachunek, kt\u00f3ry upowa\u017cnia do uczestnictwa w wydarzeniu;<\/li><li>W przypadku nie pojawienia si\u0119 na wydarzeniu, Gadoland nie zwraca koszt\u00f3w biletu;<\/li><li>Zakup biletu jest jednoznaczny z akceptacj\u0105 niniejszego regulaminu oraz og\u00f3lnego regulaminu obiektu;<\/li><li>Pracownik ma prawo wyprosi\u0107 osoby, kt\u00f3re swoim zachowaniem nie stosuj\u0105 si\u0119 do regulaminu;<\/li><li>Korzystaj\u0105cy naruszaj\u0105cy regulamin mog\u0105 zosta\u0107 usuni\u0119ci z obiektu bez mo\u017cliwo\u015bci ubiegania si\u0119 o zwrot poniesionych koszt\u00f3w;<\/li><li>Aquapark Reda nie odpowiada za zdarzenia spowodowane nieprzestrzeganiem niniejszego regulaminu wystawy oraz Aquaparku Reda. Spos\u00f3b realizacji biletu: Z biletem nale\u017cy si\u0119 uda\u0107 do kasy znajduj\u0105cej si\u0119 na wej\u015bciu do Gadolandu w celu weryfikacji bilet\u00f3w ONLINE.<\/li><\/ol><div id=\"simple-translate\" class=\"simple-translate-system-theme\"><div><div class=\"simple-translate-button isShow\" style=\"background-image: url('moz-extension:\/\/fa12f1db-d5c6-4185-8389-3b533d29c508\/icons\/512.png'); height: 22px; width: 22px; top: 32px; left: 18px;\">\u00a0<\/div><div class=\"simple-translate-panel\" style=\"width: 300px; height: 200px; top: 0px; left: 0px; font-size: 13px;\"><div class=\"simple-translate-result-wrapper\" style=\"overflow: hidden;\"><div class=\"simple-translate-move\" draggable=\"true\">\u00a0<\/div><div class=\"simple-translate-result-contents\"><p class=\"simple-translate-result\" dir=\"auto\">\u00a0<\/p><p class=\"simple-translate-candidate\" dir=\"auto\">\u00a0<\/p><\/div><\/div><\/div><\/div><\/div>\t\t\t\t\t\t\t\t<\/div>\n\t\t\t\t<\/div>\n\t\t\t\t\t<\/div>\n\t\t<\/div>\n\t\t\t\t\t<\/div>\n\t\t<\/section>\n\t\t\t\t<\/div>","protected":false},"excerpt":{"rendered":"<p>REGULAMIN CZWARTKOWYCH OBIADK\u00d3W U GAD\u00d3W Podczas wydarzenia obowi\u0105zuje zar\u00f3wno regulamin obiektu jak i regulamin wydarzenia \u201cCzwartkowe obiadki u gad\u00f3w\u201d. Wej\u015bcie jest jednorazowe, wi\u0119c prosimy o przemy\u015blany zakup. Zakupione bilety nie podlegaj\u0105 wymianie ani zwrotowi. \u00a0 Regulamin wydarzenia \u201eCzwartkowe obiadki u gad\u00f3w\u201d obowi\u0105zuj\u0105cy na wystawie zwierz\u0105t egzotycznych \u201eGadoland\u201d w Aquacentrum Reda: \u201eCzwartkowe obiadki u gad\u00f3w\u201d to [&hellip;]<\/p>","protected":false},"author":1,"featured_media":0,"parent":0,"menu_order":0,"comment_status":"closed","ping_status":"closed","template":"","meta":{"footnotes":""},"class_list":["post-5631","page","type-page","status-publish","hentry"],"yoast_head":"<!-- This site is optimized with the Yoast SEO plugin v26.6 - https:\/\/yoast.com\/wordpress\/plugins\/seo\/ -->\n<title>Regulamin Czwartkowych obiadk\u00f3w u gad\u00f3w - Gadoland<\/title>\n<meta name=\"robots\" content=\"index, follow, max-snippet:-1, max-image-preview:large, max-video-preview:-1\" \/>\n<link rel=\"canonical\" href=\"https:\/\/gadoland.pl\/en\/regulamin-czwartkowych-obiadkow-u-gadow\/\" \/>\n<meta property=\"og:locale\" content=\"en_GB\" \/>\n<meta property=\"og:type\" content=\"article\" \/>\n<meta property=\"og:title\" content=\"Regulamin Czwartkowych obiadk\u00f3w u gad\u00f3w - Gadoland\" \/>\n<meta property=\"og:description\" content=\"REGULAMIN CZWARTKOWYCH OBIADK\u00d3W U GAD\u00d3W Podczas wydarzenia obowi\u0105zuje zar\u00f3wno regulamin obiektu jak i regulamin wydarzenia \u201cCzwartkowe obiadki u gad\u00f3w\u201d. Wej\u015bcie jest jednorazowe, wi\u0119c prosimy o przemy\u015blany zakup. Zakupione bilety nie podlegaj\u0105 wymianie ani zwrotowi. \u00a0 Regulamin wydarzenia \u201eCzwartkowe obiadki u gad\u00f3w\u201d obowi\u0105zuj\u0105cy na wystawie zwierz\u0105t egzotycznych \u201eGadoland\u201d w Aquacentrum Reda: \u201eCzwartkowe obiadki u gad\u00f3w\u201d to [&hellip;]\" \/>\n<meta property=\"og:url\" content=\"https:\/\/gadoland.pl\/en\/regulamin-czwartkowych-obiadkow-u-gadow\/\" \/>\n<meta property=\"og:site_name\" content=\"Gadoland\" \/>\n<meta property=\"article:modified_time\" content=\"2023-08-08T10:41:16+00:00\" \/>\n<meta name=\"twitter:card\" content=\"summary_large_image\" \/>\n<meta name=\"twitter:label1\" content=\"Estimated reading time\" \/>\n\t<meta name=\"twitter:data1\" content=\"2 minutes\" \/>\n<script type=\"application\/ld+json\" class=\"yoast-schema-graph\">{\"@context\":\"https:\/\/schema.org\",\"@graph\":[{\"@type\":\"WebPage\",\"@id\":\"https:\/\/gadoland.pl\/regulamin-czwartkowych-obiadkow-u-gadow\/\",\"url\":\"https:\/\/gadoland.pl\/regulamin-czwartkowych-obiadkow-u-gadow\/\",\"name\":\"Regulamin Czwartkowych obiadk\u00f3w u gad\u00f3w - Gadoland\",\"isPartOf\":{\"@id\":\"https:\/\/gadoland.pl\/pl_pl\/#website\"},\"datePublished\":\"2023-06-08T16:08:32+00:00\",\"dateModified\":\"2023-08-08T10:41:16+00:00\",\"breadcrumb\":{\"@id\":\"https:\/\/gadoland.pl\/regulamin-czwartkowych-obiadkow-u-gadow\/#breadcrumb\"},\"inLanguage\":\"en-GB\",\"potentialAction\":[{\"@type\":\"ReadAction\",\"target\":[\"https:\/\/gadoland.pl\/regulamin-czwartkowych-obiadkow-u-gadow\/\"]}]},{\"@type\":\"BreadcrumbList\",\"@id\":\"https:\/\/gadoland.pl\/regulamin-czwartkowych-obiadkow-u-gadow\/#breadcrumb\",\"itemListElement\":[{\"@type\":\"ListItem\",\"position\":1,\"name\":\"Strona g\u0142\u00f3wna\",\"item\":\"https:\/\/gadoland.pl\/\"},{\"@type\":\"ListItem\",\"position\":2,\"name\":\"Regulamin Czwartkowych obiadk\u00f3w u&nbsp;gad\u00f3w\"}]},{\"@type\":\"WebSite\",\"@id\":\"https:\/\/gadoland.pl\/pl_pl\/#website\",\"url\":\"https:\/\/gadoland.pl\/pl_pl\/\",\"name\":\"Gadoland\",\"description\":\"Gadoland\",\"publisher\":{\"@id\":\"https:\/\/gadoland.pl\/pl_pl\/#organization\"},\"potentialAction\":[{\"@type\":\"SearchAction\",\"target\":{\"@type\":\"EntryPoint\",\"urlTemplate\":\"https:\/\/gadoland.pl\/pl_pl\/?s={search_term_string}\"},\"query-input\":{\"@type\":\"PropertyValueSpecification\",\"valueRequired\":true,\"valueName\":\"search_term_string\"}}],\"inLanguage\":\"en-GB\"},{\"@type\":\"Organization\",\"@id\":\"https:\/\/gadoland.pl\/pl_pl\/#organization\",\"name\":\"Gadoland\",\"url\":\"https:\/\/gadoland.pl\/pl_pl\/\",\"logo\":{\"@type\":\"ImageObject\",\"inLanguage\":\"en-GB\",\"@id\":\"https:\/\/gadoland.pl\/pl_pl\/#\/schema\/logo\/image\/\",\"url\":\"\",\"contentUrl\":\"\",\"caption\":\"Gadoland\"},\"image\":{\"@id\":\"https:\/\/gadoland.pl\/pl_pl\/#\/schema\/logo\/image\/\"}}]}<\/script>\n<!-- \/ Yoast SEO plugin. -->","yoast_head_json":{"title":"Regulamin Czwartkowych obiadk\u00f3w u gad\u00f3w - Gadoland","robots":{"index":"index","follow":"follow","max-snippet":"max-snippet:-1","max-image-preview":"max-image-preview:large","max-video-preview":"max-video-preview:-1"},"canonical":"https:\/\/gadoland.pl\/en\/regulamin-czwartkowych-obiadkow-u-gadow\/","og_locale":"en_GB","og_type":"article","og_title":"Regulamin Czwartkowych obiadk\u00f3w u gad\u00f3w - Gadoland","og_description":"REGULAMIN CZWARTKOWYCH OBIADK\u00d3W U GAD\u00d3W Podczas wydarzenia obowi\u0105zuje zar\u00f3wno regulamin obiektu jak i regulamin wydarzenia \u201cCzwartkowe obiadki u gad\u00f3w\u201d. Wej\u015bcie jest jednorazowe, wi\u0119c prosimy o przemy\u015blany zakup. Zakupione bilety nie podlegaj\u0105 wymianie ani zwrotowi. \u00a0 Regulamin wydarzenia \u201eCzwartkowe obiadki u gad\u00f3w\u201d obowi\u0105zuj\u0105cy na wystawie zwierz\u0105t egzotycznych \u201eGadoland\u201d w Aquacentrum Reda: \u201eCzwartkowe obiadki u gad\u00f3w\u201d to [&hellip;]","og_url":"https:\/\/gadoland.pl\/en\/regulamin-czwartkowych-obiadkow-u-gadow\/","og_site_name":"Gadoland","article_modified_time":"2023-08-08T10:41:16+00:00","twitter_card":"summary_large_image","twitter_misc":{"Estimated reading time":"2 minutes"},"schema":{"@context":"https:\/\/schema.org","@graph":[{"@type":"WebPage","@id":"https:\/\/gadoland.pl\/regulamin-czwartkowych-obiadkow-u-gadow\/","url":"https:\/\/gadoland.pl\/regulamin-czwartkowych-obiadkow-u-gadow\/","name":"Regulamin Czwartkowych obiadk\u00f3w u gad\u00f3w - Gadoland","isPartOf":{"@id":"https:\/\/gadoland.pl\/pl_pl\/#website"},"datePublished":"2023-06-08T16:08:32+00:00","dateModified":"2023-08-08T10:41:16+00:00","breadcrumb":{"@id":"https:\/\/gadoland.pl\/regulamin-czwartkowych-obiadkow-u-gadow\/#breadcrumb"},"inLanguage":"en-GB","potentialAction":[{"@type":"ReadAction","target":["https:\/\/gadoland.pl\/regulamin-czwartkowych-obiadkow-u-gadow\/"]}]},{"@type":"BreadcrumbList","@id":"https:\/\/gadoland.pl\/regulamin-czwartkowych-obiadkow-u-gadow\/#breadcrumb","itemListElement":[{"@type":"ListItem","position":1,"name":"Strona g\u0142\u00f3wna","item":"https:\/\/gadoland.pl\/"},{"@type":"ListItem","position":2,"name":"Regulamin Czwartkowych obiadk\u00f3w u&nbsp;gad\u00f3w"}]},{"@type":"WebSite","@id":"https:\/\/gadoland.pl\/pl_pl\/#website","url":"https:\/\/gadoland.pl\/pl_pl\/","name":"Gadoland","description":"Gadoland","publisher":{"@id":"https:\/\/gadoland.pl\/pl_pl\/#organization"},"potentialAction":[{"@type":"SearchAction","target":{"@type":"EntryPoint","urlTemplate":"https:\/\/gadoland.pl\/pl_pl\/?s={search_term_string}"},"query-input":{"@type":"PropertyValueSpecification","valueRequired":true,"valueName":"search_term_string"}}],"inLanguage":"en-GB"},{"@type":"Organization","@id":"https:\/\/gadoland.pl\/pl_pl\/#organization","name":"Gadoland","url":"https:\/\/gadoland.pl\/pl_pl\/","logo":{"@type":"ImageObject","inLanguage":"en-GB","@id":"https:\/\/gadoland.pl\/pl_pl\/#\/schema\/logo\/image\/","url":"","contentUrl":"","caption":"Gadoland"},"image":{"@id":"https:\/\/gadoland.pl\/pl_pl\/#\/schema\/logo\/image\/"}}]}},"_links":{"self":[{"href":"https:\/\/gadoland.pl\/en\/wp-json\/wp\/v2\/pages\/5631","targetHints":{"allow":["GET"]}}],"collection":[{"href":"https:\/\/gadoland.pl\/en\/wp-json\/wp\/v2\/pages"}],"about":[{"href":"https:\/\/gadoland.pl\/en\/wp-json\/wp\/v2\/types\/page"}],"author":[{"embeddable":true,"href":"https:\/\/gadoland.pl\/en\/wp-json\/wp\/v2\/users\/1"}],"replies":[{"embeddable":true,"href":"https:\/\/gadoland.pl\/en\/wp-json\/wp\/v2\/comments?post=5631"}],"version-history":[{"count":8,"href":"https:\/\/gadoland.pl\/en\/wp-json\/wp\/v2\/pages\/5631\/revisions"}],"predecessor-version":[{"id":6862,"href":"https:\/\/gadoland.pl\/en\/wp-json\/wp\/v2\/pages\/5631\/revisions\/6862"}],"wp:attachment":[{"href":"https:\/\/gadoland.pl\/en\/wp-json\/wp\/v2\/media?parent=5631"}],"curies":[{"name":"wp","href":"https:\/\/api.w.org\/{rel}","templated":true}]}}