{"id":4366,"date":"2023-05-30T14:16:26","date_gmt":"2023-05-30T12:16:26","guid":{"rendered":"https:\/\/gadoland.pl\/?page_id=4366"},"modified":"2023-08-08T12:42:14","modified_gmt":"2023-08-08T10:42:14","slug":"regulamin","status":"publish","type":"page","link":"https:\/\/gadoland.pl\/en\/regulamin\/","title":{"rendered":"Regulamin"},"content":{"rendered":"<div data-elementor-type=\"wp-page\" data-elementor-id=\"4366\" class=\"elementor elementor-4366\">\n\t\t\t\t\t\t<section class=\"elementor-section elementor-top-section elementor-element elementor-element-45eeaec elementor-section-boxed elementor-section-height-default elementor-section-height-default\" data-id=\"45eeaec\" data-element_type=\"section\">\n\t\t\t\t\t\t<div class=\"elementor-container elementor-column-gap-default\">\n\t\t\t\t\t<div class=\"elementor-column elementor-col-100 elementor-top-column elementor-element elementor-element-d11be35\" data-id=\"d11be35\" data-element_type=\"column\">\n\t\t\t<div class=\"elementor-widget-wrap elementor-element-populated\">\n\t\t\t\t\t\t<div class=\"elementor-element elementor-element-d819bbf elementor-widget elementor-widget-text-editor\" data-id=\"d819bbf\" data-element_type=\"widget\" data-widget_type=\"text-editor.default\">\n\t\t\t\t<div class=\"elementor-widget-container\">\n\t\t\t\t\t\t\t\t\t<p class=\"translation-block\"><strong><\/strong><b>REGULATION OF EXOTIC ANIMALS EXIBITION<\/b><\/p>\n<p class=\"translation-block\">1.   These regulations apply to people visiting Gadoland, and entering the exhibition is tantamount to acceptance of the regulations;<br>2. The exhibition of exotic animals Gadoland is run by the Recreation Pool Complex in Reda sp. z o. o. in Gdynia, with its registered office in Gdynia (81-313) at ul. Tatrza\u0144ska 10, KRS 0000445452;<br>3. The exhibition is open daily from 10:00 to 18:00;<br>4. The entry fee to Gadoland is charged according to the currently valid price list and charged to each person who is over three years of age;<br>5. The admission ticket entitles you to enter the exhibition once. It cannot be transferred or resold to another person;<br>6. Entrance to the exhibition is possible for everyone, however, children under 12 years of age may stay in the exhibition area only under the supervision of an adult. In such a situation, the guardian is also obliged to purchase a ticket;<br>7.   In the case of organized groups, the presence of at least one adult guardian per 15 children is required;<br>8. It is forbidden to bring animals to the exhibition area;<br>9. Parents or guardians are responsible for any damage caused by children. Gadoland is not responsible for damages caused by children to other children, resulting from leaving children unattended or for damages suffered as a result of not complying with the regulations;<br>10. It is forbidden to consume alcohol, stimulants and smoking on the exhibition grounds;<br>11. In Gadoland, keep silence and do not feed animals (unless with the consent of the owner or guardian of animals); <br>12. There is a ban on running, knocking on windows and noisy or behavior that violates good manners in the exhibition area. Pictures can be taken without using the flash; <br>13. Recreational Swimming Pool Complex in Reda sp\u00f3\u0142ka z o. o. reserves the right to record and make available the images of people staying at the Gadoland exhibition on the Reda Aquapark website, on the social media profile (Facebook, Instagram, Tik Tok, YouTube), to which the visitor agrees. The person whose image has been made available has the right to request its removal. <br>14. Persons who do not comply with the regulations, disturb the peace and cause a threat to animals or other people staying in the area of \u200b\u200bGadoland will be asked to leave the exhibition area without the possibility of refunding the ticket fee.<br>15.  The Regulations come into force on the day of their announcement. The Recreation Pools Complex in Reda sp. z o. o. reserves the right to change the regulations at any time;<br>16. The management of the Facility is not responsible for items left unattended on the premises of the Facility.<br>17. Comments and requests should be submitted at the information point.<br>18. The administrator of personal data is the Recreational Pool Complex in Reda, a limited liability company with its registered office in Gdynia (81-313) at ul. Tatrza\u0144ska 10. The data is processed for marketing purposes, ensuring security and enabling the provision of the service. The legal basis for the processing of personal data is art. 6 sec. 1 lit. a of Regulation (EU) 2016\/679 of the European Parliament and of the Council of 27 April 2016 on the protection of natural persons with regard to the processing of personal data and on the free movement of such data, and repealing Directive 95\/46\/EC (General Data Protection Regulation ). Persons whose data is processed have the right to access, correct, delete, object to their processing and request their transfer to another data administrator. The data will be processed for the period necessary to perform the service.<\/p>\n<p class=\"translation-block\">Reda, 06\/08\/2021.<br>MANAGEMENT OF THE LEISURE POOL COMPLEX IN REDA Sp. z o. o.<\/p>\t\t\t\t\t\t\t\t<\/div>\n\t\t\t\t<\/div>\n\t\t\t\t\t<\/div>\n\t\t<\/div>\n\t\t\t\t\t<\/div>\n\t\t<\/section>\n\t\t\t\t<\/div>","protected":false},"excerpt":{"rendered":"<p>REGULAMIN WYSTAWY ZWIERZ\u0104T EGZOTYCZNYCH GADOLAND 1.&nbsp;&nbsp; Niniejszy regulamin dotyczy os\u00f3b odwiedzaj\u0105cych Gadoland, a wej\u015bcie na wystaw\u0119 jest r\u00f3wnoznaczne z akceptacj\u0105 regulaminu;2.&nbsp;&nbsp; Wystawa zwierz\u0105t egzotycznych Gadoland prowadzona jest przez Zesp\u00f3\u0142 Basen\u00f3w Rekreacyjnych w Redzie sp. z o. o w Gdyni, z siedzib\u0105 w Gdyni (81-313) przy ul. Tatrza\u0144skiej 10, KRS 0000445452;3.&nbsp;&nbsp; Wystawa czynna jest codziennie od [&hellip;]<\/p>","protected":false},"author":1,"featured_media":0,"parent":0,"menu_order":0,"comment_status":"closed","ping_status":"closed","template":"","meta":{"footnotes":""},"class_list":["post-4366","page","type-page","status-publish","hentry"],"yoast_head":"<!-- This site is optimized with the Yoast SEO plugin v26.6 - https:\/\/yoast.com\/wordpress\/plugins\/seo\/ -->\n<title>Regulamin - Gadoland<\/title>\n<meta name=\"robots\" content=\"index, follow, max-snippet:-1, max-image-preview:large, max-video-preview:-1\" \/>\n<link rel=\"canonical\" href=\"https:\/\/gadoland.pl\/en\/regulamin\/\" \/>\n<meta property=\"og:locale\" content=\"en_GB\" \/>\n<meta property=\"og:type\" content=\"article\" \/>\n<meta property=\"og:title\" content=\"Regulamin - Gadoland\" \/>\n<meta property=\"og:description\" content=\"REGULAMIN WYSTAWY ZWIERZ\u0104T EGZOTYCZNYCH GADOLAND 1.&nbsp;&nbsp; Niniejszy regulamin dotyczy os\u00f3b odwiedzaj\u0105cych Gadoland, a wej\u015bcie na wystaw\u0119 jest r\u00f3wnoznaczne z akceptacj\u0105 regulaminu;2.&nbsp;&nbsp; Wystawa zwierz\u0105t egzotycznych Gadoland prowadzona jest przez Zesp\u00f3\u0142 Basen\u00f3w Rekreacyjnych w Redzie sp. z o. o w Gdyni, z siedzib\u0105 w Gdyni (81-313) przy ul. Tatrza\u0144skiej 10, KRS 0000445452;3.&nbsp;&nbsp; Wystawa czynna jest codziennie od [&hellip;]\" \/>\n<meta property=\"og:url\" content=\"https:\/\/gadoland.pl\/en\/regulamin\/\" \/>\n<meta property=\"og:site_name\" content=\"Gadoland\" \/>\n<meta property=\"article:modified_time\" content=\"2023-08-08T10:42:14+00:00\" \/>\n<meta name=\"twitter:card\" content=\"summary_large_image\" \/>\n<meta name=\"twitter:label1\" content=\"Estimated reading time\" \/>\n\t<meta name=\"twitter:data1\" content=\"3 minutes\" \/>\n<script type=\"application\/ld+json\" class=\"yoast-schema-graph\">{\"@context\":\"https:\/\/schema.org\",\"@graph\":[{\"@type\":\"WebPage\",\"@id\":\"https:\/\/gadoland.pl\/regulamin\/\",\"url\":\"https:\/\/gadoland.pl\/regulamin\/\",\"name\":\"Regulamin - Gadoland\",\"isPartOf\":{\"@id\":\"https:\/\/gadoland.pl\/pl_pl\/#website\"},\"datePublished\":\"2023-05-30T12:16:26+00:00\",\"dateModified\":\"2023-08-08T10:42:14+00:00\",\"breadcrumb\":{\"@id\":\"https:\/\/gadoland.pl\/regulamin\/#breadcrumb\"},\"inLanguage\":\"en-GB\",\"potentialAction\":[{\"@type\":\"ReadAction\",\"target\":[\"https:\/\/gadoland.pl\/regulamin\/\"]}]},{\"@type\":\"BreadcrumbList\",\"@id\":\"https:\/\/gadoland.pl\/regulamin\/#breadcrumb\",\"itemListElement\":[{\"@type\":\"ListItem\",\"position\":1,\"name\":\"Strona g\u0142\u00f3wna\",\"item\":\"https:\/\/gadoland.pl\/\"},{\"@type\":\"ListItem\",\"position\":2,\"name\":\"Regulamin\"}]},{\"@type\":\"WebSite\",\"@id\":\"https:\/\/gadoland.pl\/pl_pl\/#website\",\"url\":\"https:\/\/gadoland.pl\/pl_pl\/\",\"name\":\"Gadoland\",\"description\":\"Gadoland\",\"publisher\":{\"@id\":\"https:\/\/gadoland.pl\/pl_pl\/#organization\"},\"potentialAction\":[{\"@type\":\"SearchAction\",\"target\":{\"@type\":\"EntryPoint\",\"urlTemplate\":\"https:\/\/gadoland.pl\/pl_pl\/?s={search_term_string}\"},\"query-input\":{\"@type\":\"PropertyValueSpecification\",\"valueRequired\":true,\"valueName\":\"search_term_string\"}}],\"inLanguage\":\"en-GB\"},{\"@type\":\"Organization\",\"@id\":\"https:\/\/gadoland.pl\/pl_pl\/#organization\",\"name\":\"Gadoland\",\"url\":\"https:\/\/gadoland.pl\/pl_pl\/\",\"logo\":{\"@type\":\"ImageObject\",\"inLanguage\":\"en-GB\",\"@id\":\"https:\/\/gadoland.pl\/pl_pl\/#\/schema\/logo\/image\/\",\"url\":\"\",\"contentUrl\":\"\",\"caption\":\"Gadoland\"},\"image\":{\"@id\":\"https:\/\/gadoland.pl\/pl_pl\/#\/schema\/logo\/image\/\"}}]}<\/script>\n<!-- \/ Yoast SEO plugin. -->","yoast_head_json":{"title":"Regulamin - Gadoland","robots":{"index":"index","follow":"follow","max-snippet":"max-snippet:-1","max-image-preview":"max-image-preview:large","max-video-preview":"max-video-preview:-1"},"canonical":"https:\/\/gadoland.pl\/en\/regulamin\/","og_locale":"en_GB","og_type":"article","og_title":"Regulamin - Gadoland","og_description":"REGULAMIN WYSTAWY ZWIERZ\u0104T EGZOTYCZNYCH GADOLAND 1.&nbsp;&nbsp; Niniejszy regulamin dotyczy os\u00f3b odwiedzaj\u0105cych Gadoland, a wej\u015bcie na wystaw\u0119 jest r\u00f3wnoznaczne z akceptacj\u0105 regulaminu;2.&nbsp;&nbsp; Wystawa zwierz\u0105t egzotycznych Gadoland prowadzona jest przez Zesp\u00f3\u0142 Basen\u00f3w Rekreacyjnych w Redzie sp. z o. o w Gdyni, z siedzib\u0105 w Gdyni (81-313) przy ul. Tatrza\u0144skiej 10, KRS 0000445452;3.&nbsp;&nbsp; Wystawa czynna jest codziennie od [&hellip;]","og_url":"https:\/\/gadoland.pl\/en\/regulamin\/","og_site_name":"Gadoland","article_modified_time":"2023-08-08T10:42:14+00:00","twitter_card":"summary_large_image","twitter_misc":{"Estimated reading time":"3 minutes"},"schema":{"@context":"https:\/\/schema.org","@graph":[{"@type":"WebPage","@id":"https:\/\/gadoland.pl\/regulamin\/","url":"https:\/\/gadoland.pl\/regulamin\/","name":"Regulamin - Gadoland","isPartOf":{"@id":"https:\/\/gadoland.pl\/pl_pl\/#website"},"datePublished":"2023-05-30T12:16:26+00:00","dateModified":"2023-08-08T10:42:14+00:00","breadcrumb":{"@id":"https:\/\/gadoland.pl\/regulamin\/#breadcrumb"},"inLanguage":"en-GB","potentialAction":[{"@type":"ReadAction","target":["https:\/\/gadoland.pl\/regulamin\/"]}]},{"@type":"BreadcrumbList","@id":"https:\/\/gadoland.pl\/regulamin\/#breadcrumb","itemListElement":[{"@type":"ListItem","position":1,"name":"Strona g\u0142\u00f3wna","item":"https:\/\/gadoland.pl\/"},{"@type":"ListItem","position":2,"name":"Regulamin"}]},{"@type":"WebSite","@id":"https:\/\/gadoland.pl\/pl_pl\/#website","url":"https:\/\/gadoland.pl\/pl_pl\/","name":"Gadoland","description":"Gadoland","publisher":{"@id":"https:\/\/gadoland.pl\/pl_pl\/#organization"},"potentialAction":[{"@type":"SearchAction","target":{"@type":"EntryPoint","urlTemplate":"https:\/\/gadoland.pl\/pl_pl\/?s={search_term_string}"},"query-input":{"@type":"PropertyValueSpecification","valueRequired":true,"valueName":"search_term_string"}}],"inLanguage":"en-GB"},{"@type":"Organization","@id":"https:\/\/gadoland.pl\/pl_pl\/#organization","name":"Gadoland","url":"https:\/\/gadoland.pl\/pl_pl\/","logo":{"@type":"ImageObject","inLanguage":"en-GB","@id":"https:\/\/gadoland.pl\/pl_pl\/#\/schema\/logo\/image\/","url":"","contentUrl":"","caption":"Gadoland"},"image":{"@id":"https:\/\/gadoland.pl\/pl_pl\/#\/schema\/logo\/image\/"}}]}},"_links":{"self":[{"href":"https:\/\/gadoland.pl\/en\/wp-json\/wp\/v2\/pages\/4366","targetHints":{"allow":["GET"]}}],"collection":[{"href":"https:\/\/gadoland.pl\/en\/wp-json\/wp\/v2\/pages"}],"about":[{"href":"https:\/\/gadoland.pl\/en\/wp-json\/wp\/v2\/types\/page"}],"author":[{"embeddable":true,"href":"https:\/\/gadoland.pl\/en\/wp-json\/wp\/v2\/users\/1"}],"replies":[{"embeddable":true,"href":"https:\/\/gadoland.pl\/en\/wp-json\/wp\/v2\/comments?post=4366"}],"version-history":[{"count":6,"href":"https:\/\/gadoland.pl\/en\/wp-json\/wp\/v2\/pages\/4366\/revisions"}],"predecessor-version":[{"id":6866,"href":"https:\/\/gadoland.pl\/en\/wp-json\/wp\/v2\/pages\/4366\/revisions\/6866"}],"wp:attachment":[{"href":"https:\/\/gadoland.pl\/en\/wp-json\/wp\/v2\/media?parent=4366"}],"curies":[{"name":"wp","href":"https:\/\/api.w.org\/{rel}","templated":true}]}}